
{"id":596,"date":"2024-07-01T18:12:06","date_gmt":"2024-07-01T15:12:06","guid":{"rendered":"https:\/\/new.arkitek.net\/les-solutions\/"},"modified":"2024-07-10T21:53:22","modified_gmt":"2024-07-10T18:53:22","slug":"solutions","status":"publish","type":"page","link":"https:\/\/arkitek.net\/fr\/solutions\/","title":{"rendered":"Les Solutions"},"content":{"rendered":"\n<p>Avec plus de 20 ans d&rsquo;exp\u00e9rience pratique dans la planification, la conception et la mise en \u0153uvre de solutions informatiques et de t\u00e9l\u00e9communications de niveau telco pour les op\u00e9rateurs commerciaux, les plus grandes entreprises et les agences gouvernementales du monde entier, nous sommes fiers d&rsquo;offrir notre portefeuille de solutions \u00e0 tous les clients, \u00e0 toutes les \u00e9chelles, dans le monde entier. <\/p>\n\n<p>Nos solutions sont sp\u00e9cialement con\u00e7ues pour r\u00e9soudre des probl\u00e8mes sp\u00e9cifiques et\/ou r\u00e9pondre \u00e0 des exigences &#8211; ce qui apporte une valeur ajout\u00e9e en termes de fiabilit\u00e9 accrue, de r\u00e9duction des risques, de r\u00e9duction des co\u00fbts et d&rsquo;introduction plus rapide sur le march\u00e9.<\/p>\n\n<h2 class=\"wp-block-heading\"><a href=\"https:\/\/arkitek.net\/fr\/solutions\/logiciels\/\" data-type=\"page\" data-id=\"70\">Solutions d&rsquo;Applications Logicielles<\/a><\/h2>\n\n<p>Les solutions applicatives d&rsquo;ARKITEK sont bas\u00e9es sur un framework flexible et cloud-native d\u00e9velopp\u00e9 en interne et sur ses clients &#8211; qui fonctionnent en parfaite harmonie et fournissent un environnement fiable pour mettre en \u0153uvre efficacement les exigences des clients, les flux de travail et l&rsquo;interface utilisateur.<\/p>\n\n<p>Le syst\u00e8me modulaire vous permet d&rsquo;ajouter des caract\u00e9ristiques et des fonctionnalit\u00e9s au fur et \u00e0 mesure de l&rsquo;\u00e9volution de vos besoins, tandis que nous veillons \u00e0 ce que le cadre et ses principaux composants soient toujours en parfait \u00e9tat dans le cadre de notre gestion du cycle de vie et \u00e0 ce qu&rsquo;ils soient mis \u00e0 jour avec les derni\u00e8res technologies et les meilleures pratiques dans le cadre de nos feuilles de route pour les solutions\/produits.<\/p>\n\n<p class=\"more-link\"><a href=\"https:\/\/arkitek.net\/fr\/solutions\/logiciels\/\" data-type=\"page\" data-id=\"70\">En savoir plus<\/a>&#8230;<\/p>\n\n<h2 class=\"wp-block-heading\"><a href=\"https:\/\/arkitek.net\/fr\/solutions\/telecommunications\/\" data-type=\"page\" data-id=\"58\">T\u00e9l\u00e9communications<\/a><\/h2>\n\n<p>Les solutions de t\u00e9l\u00e9communication d&rsquo;ARKITEK fournissent des solutions d&rsquo;infrastructure IP pour l&rsquo;ensemble du r\u00e9seau de l&rsquo;op\u00e9rateur ou de l&rsquo;entreprise &#8211; quelle que soit la taille, quel que soit le service &#8211; avec une pile compl\u00e8te. Con\u00e7ues, test\u00e9es, v\u00e9rifi\u00e9es et optimis\u00e9es, toutes les solutions de t\u00e9l\u00e9communication partagent le plus haut niveau de performance, de fiabilit\u00e9, d&rsquo;extensibilit\u00e9, d&rsquo;\u00e9volution et de co\u00fbt optimis\u00e9. <\/p>\n\n<p class=\"more-link\"><a href=\"https:\/\/arkitek.net\/fr\/solutions\/telecommunications\/\" data-type=\"page\" data-id=\"58\">En savoir plus<\/a>&#8230;<\/p>\n\n<h2 class=\"wp-block-heading\">Informatique en Nuage, R\u00e9seaux et Stockage<\/h2>\n\n<p>L&rsquo;Informatique en Nuage devient de plus en plus populaire et offre des avantages techniques, op\u00e9rationnels et commerciaux aux entreprises de toute taille. ARKITEK est heureux d&rsquo;\u00e9tendre ses solutions pour vous aider \u00e0 migrer vers le nuage.<\/p>\n","protected":false},"excerpt":{"rendered":"<p>Avec plus de 20 ans d&rsquo;exp\u00e9rience pratique dans la planification, la conception et la mise en \u0153uvre de solutions informatiques et de t\u00e9l\u00e9communications de niveau telco pour les op\u00e9rateurs commerciaux, les plus grandes entreprises et les agences gouvernementales du monde entier, nous sommes fiers d&rsquo;offrir notre portefeuille de solutions \u00e0 tous les clients, \u00e0 toutes &hellip; <\/p>\n<p class=\"link-more\"><a href=\"https:\/\/arkitek.net\/fr\/solutions\/\" class=\"more-link\">Continuer la lecture<span class=\"screen-reader-text\"> de &laquo;&nbsp;Les Solutions&nbsp;&raquo;<\/span><\/a><\/p>\n","protected":false},"author":1,"featured_media":1124,"parent":0,"menu_order":0,"comment_status":"closed","ping_status":"closed","template":"","meta":{"inline_featured_image":false,"footnotes":""},"class_list":["post-596","page","type-page","status-publish","has-post-thumbnail","hentry"],"_links":{"self":[{"href":"https:\/\/arkitek.net\/fr\/wp-json\/wp\/v2\/pages\/596","targetHints":{"allow":["GET"]}}],"collection":[{"href":"https:\/\/arkitek.net\/fr\/wp-json\/wp\/v2\/pages"}],"about":[{"href":"https:\/\/arkitek.net\/fr\/wp-json\/wp\/v2\/types\/page"}],"author":[{"embeddable":true,"href":"https:\/\/arkitek.net\/fr\/wp-json\/wp\/v2\/users\/1"}],"replies":[{"embeddable":true,"href":"https:\/\/arkitek.net\/fr\/wp-json\/wp\/v2\/comments?post=596"}],"version-history":[{"count":0,"href":"https:\/\/arkitek.net\/fr\/wp-json\/wp\/v2\/pages\/596\/revisions"}],"wp:featuredmedia":[{"embeddable":true,"href":"https:\/\/arkitek.net\/fr\/wp-json\/wp\/v2\/media\/1124"}],"wp:attachment":[{"href":"https:\/\/arkitek.net\/fr\/wp-json\/wp\/v2\/media?parent=596"}],"curies":[{"name":"wp","href":"https:\/\/api.w.org\/{rel}","templated":true}]}}