
{"id":544,"date":"2024-07-01T17:58:17","date_gmt":"2024-07-01T14:58:17","guid":{"rendered":"https:\/\/new.arkitek.net\/mentions-legales\/"},"modified":"2024-07-10T13:24:29","modified_gmt":"2024-07-10T10:24:29","slug":"legal","status":"publish","type":"page","link":"https:\/\/arkitek.net\/fr\/legal\/","title":{"rendered":"Mentions L\u00e9gales"},"content":{"rendered":"\n<h2 class=\"wp-block-heading\"><a href=\"https:\/\/arkitek.net\/fr\/legal\/conditions-dutilisation\/\" data-type=\"page\" data-id=\"52\">Conditions d&rsquo;Utilisation<\/a><\/h2>\n\n<p>Ces conditions r\u00e9gissent votre acc\u00e8s et votre utilisation du site, ainsi que tous les services fournis par l&rsquo;interm\u00e9diaire du site, et constituent un accord juridique contraignant entre vous et ARKITEK Telekom\u00fcnikasyon A.\u015e.<\/p>\n\n<h2 class=\"wp-block-heading\"><a href=\"https:\/\/arkitek.net\/fr\/legal\/politique-de-confidentialite\/\" data-type=\"page\" data-id=\"783\">Politique de Confidentialit\u00e9<\/a><\/h2>\n\n<p>ARKITEK Telekom\u00fcnikasyon A.\u015e. fournit cette politique de confidentialit\u00e9 pour informer les utilisateurs de nos politiques et proc\u00e9dures concernant la collecte, l&rsquo;utilisation et la divulgation d&rsquo;informations personnellement identifiables re\u00e7ues des utilisateurs de ce site Web situ\u00e9 \u00e0 <a href=\"https:\/\/arkitek.net\">arkitek.net<\/a>. Veuillez noter que cette politique de confidentialit\u00e9 ne s&rsquo;applique qu&rsquo;\u00e0 ce site. Cette politique de confidentialit\u00e9 peut \u00eatre mise \u00e0 jour de temps \u00e0 autre pour quelque raison que ce soit. Nous vous informerons de toute modification importante de notre politique de confidentialit\u00e9 en publiant la nouvelle politique de confidentialit\u00e9 sur notre site.  <\/p>\n\n<h2 class=\"wp-block-heading\"><a href=\"https:\/\/arkitek.net\/fr\/legal\/politique-des-cookies\/\" data-type=\"page\" data-id=\"54\">Politique des Cookies<\/a><\/h2>\n\n<p>ARKITEK Telekom\u00fcnikasyon A.\u015e. (\u00ab\u00a0nous\u00a0\u00bb) a publi\u00e9 cette politique en mati\u00e8re de cookies pour d\u00e9crire la mani\u00e8re dont nous utilisons les cookies et autres technologies telles que les pixels, les balises et les pixels invisibles sur notre site web.<\/p>\n","protected":false},"excerpt":{"rendered":"<p>Conditions d&rsquo;Utilisation Ces conditions r\u00e9gissent votre acc\u00e8s et votre utilisation du site, ainsi que tous les services fournis par l&rsquo;interm\u00e9diaire du site, et constituent un accord juridique contraignant entre vous et ARKITEK Telekom\u00fcnikasyon A.\u015e. Politique de Confidentialit\u00e9 ARKITEK Telekom\u00fcnikasyon A.\u015e. fournit cette politique de confidentialit\u00e9 pour informer les utilisateurs de nos politiques et proc\u00e9dures concernant &hellip; <\/p>\n<p class=\"link-more\"><a href=\"https:\/\/arkitek.net\/fr\/legal\/\" class=\"more-link\">Continuer la lecture<span class=\"screen-reader-text\"> de &laquo;&nbsp;Mentions L\u00e9gales&nbsp;&raquo;<\/span><\/a><\/p>\n","protected":false},"author":1,"featured_media":1074,"parent":0,"menu_order":0,"comment_status":"closed","ping_status":"closed","template":"","meta":{"inline_featured_image":false,"footnotes":""},"class_list":["post-544","page","type-page","status-publish","has-post-thumbnail","hentry"],"_links":{"self":[{"href":"https:\/\/arkitek.net\/fr\/wp-json\/wp\/v2\/pages\/544","targetHints":{"allow":["GET"]}}],"collection":[{"href":"https:\/\/arkitek.net\/fr\/wp-json\/wp\/v2\/pages"}],"about":[{"href":"https:\/\/arkitek.net\/fr\/wp-json\/wp\/v2\/types\/page"}],"author":[{"embeddable":true,"href":"https:\/\/arkitek.net\/fr\/wp-json\/wp\/v2\/users\/1"}],"replies":[{"embeddable":true,"href":"https:\/\/arkitek.net\/fr\/wp-json\/wp\/v2\/comments?post=544"}],"version-history":[{"count":0,"href":"https:\/\/arkitek.net\/fr\/wp-json\/wp\/v2\/pages\/544\/revisions"}],"wp:featuredmedia":[{"embeddable":true,"href":"https:\/\/arkitek.net\/fr\/wp-json\/wp\/v2\/media\/1074"}],"wp:attachment":[{"href":"https:\/\/arkitek.net\/fr\/wp-json\/wp\/v2\/media?parent=544"}],"curies":[{"name":"wp","href":"https:\/\/api.w.org\/{rel}","templated":true}]}}