
{"id":408,"date":"2024-07-01T18:13:15","date_gmt":"2024-07-01T15:13:15","guid":{"rendered":"https:\/\/new.arkitek.net\/telecommunications\/"},"modified":"2024-07-10T22:03:24","modified_gmt":"2024-07-10T19:03:24","slug":"telecommunications","status":"publish","type":"page","link":"https:\/\/arkitek.net\/fr\/solutions\/telecommunications\/","title":{"rendered":"T\u00e9l\u00e9communications"},"content":{"rendered":"\n<p>Les solutions de t\u00e9l\u00e9communication d&rsquo;ARKITEK fournissent des solutions d&rsquo;infrastructure IP pour l&rsquo;ensemble du r\u00e9seau de l&rsquo;op\u00e9rateur ou de l&rsquo;entreprise &#8211; quelle que soit la taille, quel que soit le service &#8211; avec une pile compl\u00e8te. Con\u00e7ues, test\u00e9es, v\u00e9rifi\u00e9es et optimis\u00e9es, toutes les solutions de t\u00e9l\u00e9communication partagent le plus haut niveau de performance, de fiabilit\u00e9, d&rsquo;\u00e9volutivit\u00e9, d&rsquo;\u00e9volution et de co\u00fbt optimis\u00e9. Du terminal de l&rsquo;utilisateur final \u00e0 l&rsquo;Internet &#8211; et pour tout ce qui se trouve entre les deux, vous \u00eates couvert par nous.  <\/p>\n\n<hr class=\"wp-block-separator has-css-opacity\"\/>\n\n<h2 class=\"wp-block-heading\"><a href=\"https:\/\/arkitek.net\/fr\/solutions\/telecommunications\/reseau-dorsal-convergent-a-paquets\/\" data-type=\"page\" data-id=\"60\">Dorsale de Paquets IP Convergente<\/a><\/h2>\n\n<p><a href=\"https:\/\/arkitek.net\/fr\/solutions\/telecommunications\/reseau-dorsal-convergent-a-paquets\/\" data-type=\"page\" data-id=\"60\">La solution de r\u00e9seau dorsal \u00e0 paquets<\/a> d&rsquo;ARKITEK fournit, au niveau le plus fondamental, la connectivit\u00e9 inter et intra-site et le transport de paquets pour tout le trafic commut\u00e9 par paquets et par circuits, la signalisation, la gestion de r\u00e9seau et les donn\u00e9es de facturation sur un r\u00e9seau commercial. Cette infrastructure IP multiservice ind\u00e9pendante du fournisseur relie le r\u00e9seau central aux r\u00e9seaux d&rsquo;acc\u00e8s, au r\u00e9seau de services, aux centres de donn\u00e9es, aux syst\u00e8mes de facturation, \u00e0 l&rsquo;internet, aux op\u00e9rateurs homologues et aux r\u00e9seaux d&rsquo;entreprise.<\/p>\n\n<p class=\"more-link\"><a href=\"https:\/\/arkitek.net\/fr\/solutions\/telecommunications\/reseau-dorsal-convergent-a-paquets\/\" data-type=\"page\" data-id=\"60\">En savoir plus<\/a>&#8230;<\/p>\n\n<h2 class=\"wp-block-heading\"><a href=\"https:\/\/arkitek.net\/fr\/solutions\/telecommunications\/terminaison-dabonnes-a-la-large-bande-fixe\/\" data-type=\"page\" data-id=\"62\">Terminaison d&rsquo;Abonn\u00e9s \u00e0 la Large Bande Fixe<\/a><\/h2>\n\n<p><a href=\"https:\/\/arkitek.net\/fr\/solutions\/telecommunications\/terminaison-dabonnes-a-la-large-bande-fixe\/\" data-type=\"page\" data-id=\"62\">La solution PPP Termination Architecture (PTA)<\/a> offre aux fournisseurs de services internet \u00e0 large bande fixe un mod\u00e8le pour mettre en \u0153uvre, optimiser et d\u00e9velopper rapidement et efficacement leur propre infrastructure ou une infrastructure partag\u00e9e &#8211; toujours en conformit\u00e9 avec les normes de l&rsquo;industrie, les r\u00e9glementations locales, les meilleures pratiques et les mises en \u0153uvre.<\/p>\n\n<p class=\"more-link\"><a href=\"https:\/\/arkitek.net\/fr\/solutions\/telecommunications\/terminaison-dabonnes-a-la-large-bande-fixe\/\" data-type=\"page\" data-id=\"62\">En savoir plus<\/a>&#8230;<\/p>\n\n<h2 class=\"wp-block-heading\"><a href=\"https:\/\/arkitek.net\/fr\/solutions\/telecommunications\/migration-vers-ipv6\/\" data-type=\"page\" data-id=\"64\">Migration vers IPv6<\/a><\/h2>\n\n<p>La <a href=\"https:\/\/arkitek.net\/fr\/solutions\/telecommunications\/migration-vers-ipv6\/\" data-type=\"page\" data-id=\"64\">solution\/service de transition IPv6<\/a> d&rsquo;ARKITEK offre aux op\u00e9rateurs de r\u00e9seaux un moyen d&rsquo;introduire en douceur l&rsquo;IPv6 dans le r\u00e9seau, en commen\u00e7ant par identifier l&rsquo;\u00e9cart entre l&rsquo;\u00e9tat actuel de votre r\u00e9seau et la position souhait\u00e9e, en d\u00e9finissant une strat\u00e9gie de transition et une analyse d&rsquo;impact, en planifiant la migration et, enfin, en adoptant une approche progressive, en activant de nouveaux services bas\u00e9s sur l&rsquo;IPv6 selon les besoins de leur entreprise.<\/p>\n\n<p class=\"more-link\"><a href=\"https:\/\/arkitek.net\/fr\/solutions\/telecommunications\/migration-vers-ipv6\/\" data-type=\"page\" data-id=\"64\">En savoir plus<\/a>&#8230;<\/p>\n\n<h2 class=\"wp-block-heading\"><a href=\"https:\/\/arkitek.net\/fr\/solutions\/telecommunications\/reseau-prive-virtuel-rpv\/\" data-type=\"page\" data-id=\"66\">RPV<\/a><\/h2>\n\n<p><a href=\"https:\/\/arkitek.net\/fr\/solutions\/telecommunications\/reseau-prive-virtuel-rpv\/\" data-type=\"page\" data-id=\"66\">La solution de r\u00e9seau priv\u00e9 virtuel (RPV &#8211; VPN)<\/a> d&rsquo;ARKITEK permet aux entreprises, quelle que soit leur taille, d&rsquo;interconnecter en toute s\u00e9curit\u00e9 des r\u00e9seaux physiques g\u00e9ographiquement distribu\u00e9s sur une infrastructure Internet publique, permettant toujours aux membres du personnel d&rsquo;acc\u00e9der aux ressources du r\u00e9seau de l&rsquo;entreprise depuis l&rsquo;ext\u00e9rieur du bureau, m\u00eame s&rsquo;ils travaillent \u00e0 domicile ou dans des lieux wi-fi publics &#8211; de la mani\u00e8re la plus s\u00fbre qui soit.<\/p>\n\n<p class=\"more-link\"><a href=\"https:\/\/arkitek.net\/fr\/solutions\/telecommunications\/reseau-prive-virtuel-rpv\/\" data-type=\"page\" data-id=\"66\">En savoir plus&#8230;<\/a><\/p>\n\n<h2 class=\"wp-block-heading\"><a href=\"https:\/\/arkitek.net\/fr\/solutions\/telecommunications\/nat-de-niveau-operateur\/\" data-type=\"page\" data-id=\"68\">NAT de Niveau-Op\u00e9rateur<\/a><\/h2>\n\n<p><a href=\"https:\/\/arkitek.net\/fr\/solutions\/telecommunications\/nat-de-niveau-operateur\/\" data-type=\"page\" data-id=\"68\">La solution Carrier-Grade Network Address Translation (CGNAT)<\/a> d&rsquo;ARKITEK permet aux op\u00e9rateurs commerciaux et aux grandes entreprises de conserver et d&rsquo;utiliser efficacement leur espace d&rsquo;adressage IPv4 jusqu&rsquo;\u00e0 ou pendant la migration vers IPv6 de la mani\u00e8re la plus directe et la plus efficace.<\/p>\n\n<p class=\"more-link\"><a href=\"https:\/\/arkitek.net\/fr\/solutions\/telecommunications\/nat-de-niveau-operateur\/\" data-type=\"page\" data-id=\"68\">En savoir plus&#8230;<\/a><\/p>\n","protected":false},"excerpt":{"rendered":"<p>Les solutions de t\u00e9l\u00e9communication d&rsquo;ARKITEK fournissent des solutions d&rsquo;infrastructure IP pour l&rsquo;ensemble du r\u00e9seau de l&rsquo;op\u00e9rateur ou de l&rsquo;entreprise &#8211; quelle que soit la taille, quel que soit le service &#8211; avec une pile compl\u00e8te. Con\u00e7ues, test\u00e9es, v\u00e9rifi\u00e9es et optimis\u00e9es, toutes les solutions de t\u00e9l\u00e9communication partagent le plus haut niveau de performance, de fiabilit\u00e9, d&rsquo;\u00e9volutivit\u00e9, &hellip; <\/p>\n<p class=\"link-more\"><a href=\"https:\/\/arkitek.net\/fr\/solutions\/telecommunications\/\" class=\"more-link\">Continuer la lecture<span class=\"screen-reader-text\"> de &laquo;&nbsp;T\u00e9l\u00e9communications&nbsp;&raquo;<\/span><\/a><\/p>\n","protected":false},"author":1,"featured_media":1114,"parent":596,"menu_order":1,"comment_status":"closed","ping_status":"closed","template":"","meta":{"inline_featured_image":false,"footnotes":""},"class_list":["post-408","page","type-page","status-publish","has-post-thumbnail","hentry"],"_links":{"self":[{"href":"https:\/\/arkitek.net\/fr\/wp-json\/wp\/v2\/pages\/408","targetHints":{"allow":["GET"]}}],"collection":[{"href":"https:\/\/arkitek.net\/fr\/wp-json\/wp\/v2\/pages"}],"about":[{"href":"https:\/\/arkitek.net\/fr\/wp-json\/wp\/v2\/types\/page"}],"author":[{"embeddable":true,"href":"https:\/\/arkitek.net\/fr\/wp-json\/wp\/v2\/users\/1"}],"replies":[{"embeddable":true,"href":"https:\/\/arkitek.net\/fr\/wp-json\/wp\/v2\/comments?post=408"}],"version-history":[{"count":0,"href":"https:\/\/arkitek.net\/fr\/wp-json\/wp\/v2\/pages\/408\/revisions"}],"up":[{"embeddable":true,"href":"https:\/\/arkitek.net\/fr\/wp-json\/wp\/v2\/pages\/596"}],"wp:featuredmedia":[{"embeddable":true,"href":"https:\/\/arkitek.net\/fr\/wp-json\/wp\/v2\/media\/1114"}],"wp:attachment":[{"href":"https:\/\/arkitek.net\/fr\/wp-json\/wp\/v2\/media?parent=408"}],"curies":[{"name":"wp","href":"https:\/\/api.w.org\/{rel}","templated":true}]}}