
{"id":365,"date":"2024-07-01T18:27:04","date_gmt":"2024-07-01T15:27:04","guid":{"rendered":"https:\/\/new.arkitek.net\/logiciels\/"},"modified":"2024-07-10T21:57:20","modified_gmt":"2024-07-10T18:57:20","slug":"logiciels","status":"publish","type":"page","link":"https:\/\/arkitek.net\/fr\/solutions\/logiciels\/","title":{"rendered":"Logiciels"},"content":{"rendered":"\n<p>Les solutions logicielles d&rsquo;ARKITEK sont bas\u00e9es sur un framework flexible et cloud-native d\u00e9velopp\u00e9 en interne et sur ses clients &#8211; qui fonctionnent en parfaite harmonie et fournissent un environnement fiable pour mettre en \u0153uvre efficacement les exigences des clients, les flux de travail et l&rsquo;interface utilisateur. Cela permet de fournir toute fonctionnalit\u00e9 critique pour l&rsquo;entreprise, pour tout projet, quelle que soit sa taille. <\/p>\n\n<p>Le syst\u00e8me modulaire vous permet d&rsquo;ajouter des caract\u00e9ristiques et des fonctionnalit\u00e9s au fur et \u00e0 mesure de l&rsquo;\u00e9volution de vos besoins, tandis que nous veillons \u00e0 ce que le cadre et ses principaux composants soient toujours en parfait \u00e9tat dans le cadre de notre gestion du cycle de vie et \u00e0 ce qu&rsquo;ils soient mis \u00e0 jour avec les derni\u00e8res technologies et les meilleures pratiques dans le cadre de nos feuilles de route pour les solutions\/produits.<\/p>\n\n<p>Con\u00e7ues, test\u00e9es, v\u00e9rifi\u00e9es et optimis\u00e9es, toutes les solutions partagent le plus haut niveau de performance, de fiabilit\u00e9, d&rsquo;\u00e9volutivit\u00e9 et de co\u00fbt optimis\u00e9 &#8211; pour soutenir votre business case, vos exigences op\u00e9rationnelles et budg\u00e9taires.<\/p>\n\n<hr class=\"wp-block-separator has-css-opacity\"\/>\n\n<h2 class=\"wp-block-heading\">Applications Web<\/h2>\n\n<p>Le cadre interne natif dans le nuage d&rsquo;ARKITEK permet aux portails d&rsquo;entreprise, d&rsquo;affaires, de commerce \u00e9lectronique et de marketing de s&rsquo;\u00e9panouir. H\u00e9berg\u00e9s chez votre fournisseur d&rsquo;infrastructure cloud pr\u00e9f\u00e9r\u00e9, \u00e9volutifs en fonction de vos besoins de trafic, nous rationalisons la fa\u00e7on dont vous travaillez et interagissez avec votre public sur le web. <\/p>\n\n<h2 class=\"wp-block-heading\">Applications Mobiles<\/h2>\n\n<p>Les applications mobiles con\u00e7ues et d\u00e9velopp\u00e9es par ARKITEK offrent une fonctionnalit\u00e9, une flexibilit\u00e9 et une facilit\u00e9 d&rsquo;utilisation optimales, en tirant pleinement parti des ressources mat\u00e9rielles et p\u00e9riph\u00e9riques des terminaux des utilisateurs finaux (smartphones et tablettes). Ces applications d\u00e9passent les limites des navigateurs internet et offrent une exp\u00e9rience utilisateur in\u00e9gal\u00e9e.  <\/p>\n\n<h2 class=\"wp-block-heading\">Applications en R\u00e9seau<\/h2>\n\n<p>S&rsquo;appuyant sur la vaste exp\u00e9rience d&rsquo;ARKITEK dans le domaine des t\u00e9l\u00e9communications et des solutions logicielles, nos solutions d&rsquo;application r\u00e9seau hautement disponibles et \u00e9volutives r\u00e9pondraient et d\u00e9passeraient les exigences les plus strictes des op\u00e9rateurs de r\u00e9seaux de t\u00e9l\u00e9communications les plus exigeants, avec un contr\u00f4le complet de la signalisation et du trafic du plan utilisateur, de l&rsquo;automatisation et de la surveillance.<\/p>\n","protected":false},"excerpt":{"rendered":"<p>Les solutions logicielles d&rsquo;ARKITEK sont bas\u00e9es sur un framework flexible et cloud-native d\u00e9velopp\u00e9 en interne et sur ses clients &#8211; qui fonctionnent en parfaite harmonie et fournissent un environnement fiable pour mettre en \u0153uvre efficacement les exigences des clients, les flux de travail et l&rsquo;interface utilisateur. Cela permet de fournir toute fonctionnalit\u00e9 critique pour l&rsquo;entreprise, &hellip; <\/p>\n<p class=\"link-more\"><a href=\"https:\/\/arkitek.net\/fr\/solutions\/logiciels\/\" class=\"more-link\">Continuer la lecture<span class=\"screen-reader-text\"> de &laquo;&nbsp;Logiciels&nbsp;&raquo;<\/span><\/a><\/p>\n","protected":false},"author":1,"featured_media":1124,"parent":596,"menu_order":2,"comment_status":"closed","ping_status":"closed","template":"","meta":{"inline_featured_image":false,"footnotes":""},"class_list":["post-365","page","type-page","status-publish","has-post-thumbnail","hentry"],"_links":{"self":[{"href":"https:\/\/arkitek.net\/fr\/wp-json\/wp\/v2\/pages\/365","targetHints":{"allow":["GET"]}}],"collection":[{"href":"https:\/\/arkitek.net\/fr\/wp-json\/wp\/v2\/pages"}],"about":[{"href":"https:\/\/arkitek.net\/fr\/wp-json\/wp\/v2\/types\/page"}],"author":[{"embeddable":true,"href":"https:\/\/arkitek.net\/fr\/wp-json\/wp\/v2\/users\/1"}],"replies":[{"embeddable":true,"href":"https:\/\/arkitek.net\/fr\/wp-json\/wp\/v2\/comments?post=365"}],"version-history":[{"count":0,"href":"https:\/\/arkitek.net\/fr\/wp-json\/wp\/v2\/pages\/365\/revisions"}],"up":[{"embeddable":true,"href":"https:\/\/arkitek.net\/fr\/wp-json\/wp\/v2\/pages\/596"}],"wp:featuredmedia":[{"embeddable":true,"href":"https:\/\/arkitek.net\/fr\/wp-json\/wp\/v2\/media\/1124"}],"wp:attachment":[{"href":"https:\/\/arkitek.net\/fr\/wp-json\/wp\/v2\/media?parent=365"}],"curies":[{"name":"wp","href":"https:\/\/api.w.org\/{rel}","templated":true}]}}