
{"id":352,"date":"2024-07-01T18:30:57","date_gmt":"2024-07-01T15:30:57","guid":{"rendered":"https:\/\/new.arkitek.net\/services-professionnels\/"},"modified":"2024-07-08T21:15:26","modified_gmt":"2024-07-08T18:15:26","slug":"services","status":"publish","type":"page","link":"https:\/\/arkitek.net\/fr\/services\/","title":{"rendered":"Services Professionnels"},"content":{"rendered":"\n<p>Avec plus de 20 ans d&rsquo;exp\u00e9rience pratique dans la planification, la conception et la mise en \u0153uvre de solutions informatiques et de t\u00e9l\u00e9communications de niveau telco pour les op\u00e9rateurs commerciaux, les plus grandes entreprises et les agences gouvernementales du monde entier, nous sommes fiers d&rsquo;offrir notre portefeuille de services \u00e0 n&rsquo;importe quel client, \u00e0 n&rsquo;importe quelle \u00e9chelle, dans le monde entier. Qu&rsquo;il s&rsquo;agisse de conseil pour un engagement avant-vente ou de services professionnels pour un projet de livraison\/int\u00e9gration, nous allons plus loin avec vous. <\/p>\n\n<p>Les offres de services d&rsquo;ARKITEK sont regroup\u00e9es en cinq cat\u00e9gories : \u00ab\u00a0<a href=\"#Consultancy\">Conseil<\/a>\u00ab\u00a0, \u00ab\u00a0<a href=\"#Systems-Integration\">Int\u00e9gration de syst\u00e8mes<\/a>\u00ab\u00a0, \u00ab\u00a0<a href=\"#Custom-Development\">D\u00e9veloppement sur mesure<\/a>\u00ab\u00a0, \u00ab\u00a0<a href=\"#Application-and-Software-Testing\">Test d&rsquo;applications et de logiciels<\/a>\u00a0\u00bb et \u00ab\u00a0<a href=\"#Engineering-Services\">Services d&rsquo;ing\u00e9nierie<\/a>\u00ab\u00a0. Ces services fournissent une expertise et une assurance pour toute la dur\u00e9e de vie des exigences en mati\u00e8re d&rsquo;applications et de r\u00e9seaux, depuis l&rsquo;audit et la proposition jusqu&rsquo;\u00e0 la gestion de la croissance et de la migration, en passant par la mise en \u0153uvre et l&rsquo;assistance au niveau de la solution. ARKITEK poss\u00e8de une grande exp\u00e9rience dans la fourniture de ces services, et ses clients sont r\u00e9partis dans le monde entier, parmi lesquels figurent de nombreuses entreprises de premier plan. <\/p>\n\n<h2 class=\"wp-block-heading\" id=\"Consultancy\">Conseil<\/h2>\n\n<p>Dot\u00e9s de connaissances techniques ind\u00e9pendantes des fournisseurs, de m\u00e9thodologies \u00e9prouv\u00e9es, d&rsquo;exp\u00e9rience et de discipline, nous travaillons avec vous pour \u00e9laborer\/mettre en \u0153uvre des strat\u00e9gies, atteindre des objectifs, respecter des d\u00e9lais, att\u00e9nuer\/transf\u00e9rer les risques &#8211; autant d&rsquo;aspects indiscutables de toute entreprise dans notre secteur, tous essentiels \u00e0 votre rentabilit\u00e9.<\/p>\n\n<p class=\"more-link\"><a href=\"https:\/\/arkitek.net\/fr\/contacter\/\">Contactez-nous<\/a>&#8230;<\/p>\n\n<h2 class=\"wp-block-heading\" id=\"Systems-Integration\">Int\u00e9gration des Syst\u00e8mes<\/h2>\n\n<p>Chaque projet d&rsquo;int\u00e9gration de r\u00e9seaux ou de syst\u00e8mes a ses propres d\u00e9fis et son ex\u00e9cution aura un effet consid\u00e9rable sur les d\u00e9lais et la r\u00e9ussite du projet. Nous pouvons vous apporter les comp\u00e9tences ad\u00e9quates pour garantir votre succ\u00e8s et la satisfaction de vos clients. <\/p>\n\n<p class=\"more-link\"><a href=\"https:\/\/arkitek.net\/fr\/contacter\/\">Contactez-nous<\/a>&#8230;<\/p>\n\n<h2 class=\"wp-block-heading\" id=\"Custom-Development\">D\u00e9veloppement sur Mesure<\/h2>\n\n<p>Si votre entreprise ou votre start-up a besoin d&rsquo;une solution personnalis\u00e9e, notre \u00e9quipe d&rsquo;experts peut concevoir et mettre en \u0153uvre la solution sur laquelle vous vous d\u00e9velopperez &#8211; fullstack &#8211; \u00e0 des co\u00fbts, des d\u00e9lais et une qualit\u00e9 comp\u00e9titifs.<\/p>\n\n<p class=\"more-link\"><a href=\"https:\/\/new.arkitek.net\/fr\/contacter\/\">Contactez-nous<\/a>&#8230;<\/p>\n\n<h2 class=\"wp-block-heading\" id=\"Application-and-Software-Testing\">Services de Tests d&rsquo;Applications et de Logiciels<\/h2>\n\n<p>Les applications &#8211; au c\u0153ur de vos op\u00e9rations commerciales et face \u00e0 vos clients &#8211; sont essentielles \u00e0 la continuit\u00e9 de vos activit\u00e9s et \u00e0 votre succ\u00e8s croissant. \u00c9quip\u00e9 d&rsquo;outils et de m\u00e9thodologies test\u00e9s et v\u00e9rifi\u00e9s dans l&rsquo;industrie, le centre de test ARK\u0130TEK est pr\u00eat \u00e0 ex\u00e9cuter des tests quotidiens de s\u00e9curit\u00e9 et fonctionnels pour les versions actuelles et futures de vos applications, dans toutes les combinaisons mat\u00e9riel\/logiciel, qu&rsquo;il s&rsquo;agisse de serveurs, de postes de travail ou de plates-formes mobiles. <\/p>\n\n<p class=\"more-link\">En savoir plus&#8230;<\/p>\n\n<h2 class=\"wp-block-heading\" id=\"Engineering-Services\">Services d&rsquo;Ing\u00e9nierie<\/h2>\n\n<p>Des experts professionnels en informatique et en t\u00e9l\u00e9communications sont disponibles pour participer \u00e0 vos projets afin de vous permettre de r\u00e9duire les co\u00fbts et les risques et d&rsquo;acc\u00e9l\u00e9rer la livraison pendant que vous vous concentrez sur votre domaine d&rsquo;activit\u00e9 principal.<\/p>\n\n<p class=\"more-link\">En savoir plus&#8230;<\/p>\n","protected":false},"excerpt":{"rendered":"<p>Avec plus de 20 ans d&rsquo;exp\u00e9rience pratique dans la planification, la conception et la mise en \u0153uvre de solutions informatiques et de t\u00e9l\u00e9communications de niveau telco pour les op\u00e9rateurs commerciaux, les plus grandes entreprises et les agences gouvernementales du monde entier, nous sommes fiers d&rsquo;offrir notre portefeuille de services \u00e0 n&rsquo;importe quel client, \u00e0 n&rsquo;importe &hellip; <\/p>\n<p class=\"link-more\"><a href=\"https:\/\/arkitek.net\/fr\/services\/\" class=\"more-link\">Continuer la lecture<span class=\"screen-reader-text\"> de &laquo;&nbsp;Services Professionnels&nbsp;&raquo;<\/span><\/a><\/p>\n","protected":false},"author":1,"featured_media":0,"parent":0,"menu_order":0,"comment_status":"closed","ping_status":"closed","template":"","meta":{"inline_featured_image":false,"footnotes":""},"class_list":["post-352","page","type-page","status-publish","hentry"],"_links":{"self":[{"href":"https:\/\/arkitek.net\/fr\/wp-json\/wp\/v2\/pages\/352","targetHints":{"allow":["GET"]}}],"collection":[{"href":"https:\/\/arkitek.net\/fr\/wp-json\/wp\/v2\/pages"}],"about":[{"href":"https:\/\/arkitek.net\/fr\/wp-json\/wp\/v2\/types\/page"}],"author":[{"embeddable":true,"href":"https:\/\/arkitek.net\/fr\/wp-json\/wp\/v2\/users\/1"}],"replies":[{"embeddable":true,"href":"https:\/\/arkitek.net\/fr\/wp-json\/wp\/v2\/comments?post=352"}],"version-history":[{"count":0,"href":"https:\/\/arkitek.net\/fr\/wp-json\/wp\/v2\/pages\/352\/revisions"}],"wp:attachment":[{"href":"https:\/\/arkitek.net\/fr\/wp-json\/wp\/v2\/media?parent=352"}],"curies":[{"name":"wp","href":"https:\/\/api.w.org\/{rel}","templated":true}]}}