
{"id":317,"date":"2024-07-01T17:55:25","date_gmt":"2024-07-01T14:55:25","guid":{"rendered":"https:\/\/new.arkitek.net\/accueil\/services-professionnels\/"},"modified":"2024-07-10T13:51:50","modified_gmt":"2024-07-10T10:51:50","slug":"homepage-section-professional-services-fr","status":"publish","type":"page","link":"https:\/\/arkitek.net\/fr\/accueil\/homepage-section-professional-services-fr\/","title":{"rendered":"Services Professionnels"},"content":{"rendered":"\n<p><a href=\"https:\/\/arkitek.net\/fr\/services\/\" data-type=\"page\" data-id=\"74\">Le portefeuille de services<\/a> d&rsquo;ARKITEK est sans limites. Nous \u00e9coutons pour comprendre les objectifs et les d\u00e9fis du projet, nous apportons des m\u00e9thodologies \u00e9prouv\u00e9es, des connaissances techniques ind\u00e9pendantes des fournisseurs et une exp\u00e9rience globale, nous \u00e9valuons les options et nous commen\u00e7ons par esquisser la solution la plus simple pour r\u00e9pondre \u00e0 vos besoins. Nous pouvons piloter la mise en \u0153uvre du d\u00e9but \u00e0 la fin, la ma\u00eetriser de bout en bout, combler les lacunes et nous assurer qu&rsquo;elle est livr\u00e9e, exploit\u00e9e et maintenue avec succ\u00e8s. <\/p>\n\n<p><a href=\"https:\/\/arkitek.net\/fr\/services\/\" data-type=\"page\" data-id=\"74\">En savoir plus<\/a>&#8230;<\/p>\n","protected":false},"excerpt":{"rendered":"<p>Le portefeuille de services d&rsquo;ARKITEK est sans limites. Nous \u00e9coutons pour comprendre les objectifs et les d\u00e9fis du projet, nous apportons des m\u00e9thodologies \u00e9prouv\u00e9es, des connaissances techniques ind\u00e9pendantes des fournisseurs et une exp\u00e9rience globale, nous \u00e9valuons les options et nous commen\u00e7ons par esquisser la solution la plus simple pour r\u00e9pondre \u00e0 vos besoins. Nous pouvons &hellip; <\/p>\n<p class=\"link-more\"><a href=\"https:\/\/arkitek.net\/fr\/accueil\/homepage-section-professional-services-fr\/\" class=\"more-link\">Continuer la lecture<span class=\"screen-reader-text\"> de &laquo;&nbsp;Services Professionnels&nbsp;&raquo;<\/span><\/a><\/p>\n","protected":false},"author":1,"featured_media":216,"parent":284,"menu_order":2,"comment_status":"closed","ping_status":"closed","template":"","meta":{"inline_featured_image":false,"footnotes":""},"class_list":["post-317","page","type-page","status-publish","has-post-thumbnail","hentry"],"_links":{"self":[{"href":"https:\/\/arkitek.net\/fr\/wp-json\/wp\/v2\/pages\/317","targetHints":{"allow":["GET"]}}],"collection":[{"href":"https:\/\/arkitek.net\/fr\/wp-json\/wp\/v2\/pages"}],"about":[{"href":"https:\/\/arkitek.net\/fr\/wp-json\/wp\/v2\/types\/page"}],"author":[{"embeddable":true,"href":"https:\/\/arkitek.net\/fr\/wp-json\/wp\/v2\/users\/1"}],"replies":[{"embeddable":true,"href":"https:\/\/arkitek.net\/fr\/wp-json\/wp\/v2\/comments?post=317"}],"version-history":[{"count":0,"href":"https:\/\/arkitek.net\/fr\/wp-json\/wp\/v2\/pages\/317\/revisions"}],"up":[{"embeddable":true,"href":"https:\/\/arkitek.net\/fr\/wp-json\/wp\/v2\/pages\/284"}],"wp:featuredmedia":[{"embeddable":true,"href":"https:\/\/arkitek.net\/fr\/wp-json\/wp\/v2\/media\/216"}],"wp:attachment":[{"href":"https:\/\/arkitek.net\/fr\/wp-json\/wp\/v2\/media?parent=317"}],"curies":[{"name":"wp","href":"https:\/\/api.w.org\/{rel}","templated":true}]}}