
{"id":299,"date":"2024-07-01T13:07:53","date_gmt":"2024-07-01T10:07:53","guid":{"rendered":"https:\/\/new.arkitek.net\/accueil\/les-solutions\/"},"modified":"2024-07-10T13:47:43","modified_gmt":"2024-07-10T10:47:43","slug":"homepage-section-solutions-fr","status":"publish","type":"page","link":"https:\/\/arkitek.net\/fr\/accueil\/homepage-section-solutions-fr\/","title":{"rendered":"Les Solutions"},"content":{"rendered":"\n<p>Avec plus de 20 ans d&rsquo;exp\u00e9rience pratique dans la planification, la conception et la mise en \u0153uvre de solutions informatiques et de t\u00e9l\u00e9communications de niveau telco pour les op\u00e9rateurs commerciaux, les plus grandes entreprises et les agences gouvernementales du monde entier, nous sommes fiers d&rsquo;offrir notre portefeuille de solutions \u00e0 tous les clients, \u00e0 toutes les \u00e9chelles, dans le monde entier.<\/p>\n\n<p><a href=\"https:\/\/arkitek.net\/fr\/solutions\/\" data-type=\"page\" data-id=\"56\">Nos solutions<\/a> sont sp\u00e9cialement con\u00e7ues pour r\u00e9soudre des probl\u00e8mes sp\u00e9cifiques et\/ou r\u00e9pondre \u00e0 des exigences &#8211; ce qui apporte une valeur ajout\u00e9e en termes de fiabilit\u00e9 accrue, de r\u00e9duction des risques, de r\u00e9duction des co\u00fbts et d&rsquo;introduction plus rapide sur le march\u00e9.<\/p>\n\n<p><a href=\"https:\/\/arkitek.net\/fr\/solutions\/\" data-type=\"page\" data-id=\"56\">En savoir plus<\/a>&#8230;<\/p>\n","protected":false},"excerpt":{"rendered":"<p>Avec plus de 20 ans d&rsquo;exp\u00e9rience pratique dans la planification, la conception et la mise en \u0153uvre de solutions informatiques et de t\u00e9l\u00e9communications de niveau telco pour les op\u00e9rateurs commerciaux, les plus grandes entreprises et les agences gouvernementales du monde entier, nous sommes fiers d&rsquo;offrir notre portefeuille de solutions \u00e0 tous les clients, \u00e0 toutes &hellip; <\/p>\n<p class=\"link-more\"><a href=\"https:\/\/arkitek.net\/fr\/accueil\/homepage-section-solutions-fr\/\" class=\"more-link\">Continuer la lecture<span class=\"screen-reader-text\"> de &laquo;&nbsp;Les Solutions&nbsp;&raquo;<\/span><\/a><\/p>\n","protected":false},"author":1,"featured_media":0,"parent":284,"menu_order":1,"comment_status":"closed","ping_status":"closed","template":"","meta":{"inline_featured_image":false,"footnotes":""},"class_list":["post-299","page","type-page","status-publish","hentry"],"_links":{"self":[{"href":"https:\/\/arkitek.net\/fr\/wp-json\/wp\/v2\/pages\/299","targetHints":{"allow":["GET"]}}],"collection":[{"href":"https:\/\/arkitek.net\/fr\/wp-json\/wp\/v2\/pages"}],"about":[{"href":"https:\/\/arkitek.net\/fr\/wp-json\/wp\/v2\/types\/page"}],"author":[{"embeddable":true,"href":"https:\/\/arkitek.net\/fr\/wp-json\/wp\/v2\/users\/1"}],"replies":[{"embeddable":true,"href":"https:\/\/arkitek.net\/fr\/wp-json\/wp\/v2\/comments?post=299"}],"version-history":[{"count":0,"href":"https:\/\/arkitek.net\/fr\/wp-json\/wp\/v2\/pages\/299\/revisions"}],"up":[{"embeddable":true,"href":"https:\/\/arkitek.net\/fr\/wp-json\/wp\/v2\/pages\/284"}],"wp:attachment":[{"href":"https:\/\/arkitek.net\/fr\/wp-json\/wp\/v2\/media?parent=299"}],"curies":[{"name":"wp","href":"https:\/\/api.w.org\/{rel}","templated":true}]}}