
{"id":284,"date":"2024-07-01T12:54:31","date_gmt":"2024-07-01T09:54:31","guid":{"rendered":"https:\/\/new.arkitek.net\/accueil\/"},"modified":"2024-07-10T13:55:50","modified_gmt":"2024-07-10T10:55:50","slug":"accueil","status":"publish","type":"page","link":"https:\/\/arkitek.net\/fr\/","title":{"rendered":"Accueil"},"content":{"rendered":"\n<p>Bas\u00e9s \u00e0 Istanbul, nous concevons, d\u00e9veloppons et mettons en \u0153uvre des solutions informatiques et de t\u00e9l\u00e9communications pour les op\u00e9rateurs commerciaux, les entreprises, les commerces et les gouvernements. Incorpor\u00e9s par d&rsquo;\u00e9minents v\u00e9t\u00e9rans de l&rsquo;industrie qui ont pass\u00e9 des ann\u00e9es \u00e0 faire en sorte que les projets les plus difficiles deviennent r\u00e9alit\u00e9, nous sommes fiers d&rsquo;apporter nos connaissances et notre exp\u00e9rience \u00e0 chaque projet afin de garantir votre succ\u00e8s dans toutes les dimensions techniques et li\u00e9es \u00e0 l&rsquo;entreprise, \u00e0 tous les niveaux et dans les d\u00e9lais. <\/p>\n\n<p><a href=\"https:\/\/arkitek.net\/fr\/a-propos-de-nous\/\" data-type=\"page\" data-id=\"12\">Rencontrons-nous<\/a>&#8230;<\/p>\n","protected":false},"excerpt":{"rendered":"<p>Bas\u00e9s \u00e0 Istanbul, nous concevons, d\u00e9veloppons et mettons en \u0153uvre des solutions informatiques et de t\u00e9l\u00e9communications pour les op\u00e9rateurs commerciaux, les entreprises, les commerces et les gouvernements. Incorpor\u00e9s par d&rsquo;\u00e9minents v\u00e9t\u00e9rans de l&rsquo;industrie qui ont pass\u00e9 des ann\u00e9es \u00e0 faire en sorte que les projets les plus difficiles deviennent r\u00e9alit\u00e9, nous sommes fiers d&rsquo;apporter nos &hellip; <\/p>\n<p class=\"link-more\"><a href=\"https:\/\/arkitek.net\/fr\/\" class=\"more-link\">Continuer la lecture<span class=\"screen-reader-text\"> de &laquo;&nbsp;Accueil&nbsp;&raquo;<\/span><\/a><\/p>\n","protected":false},"author":1,"featured_media":0,"parent":0,"menu_order":0,"comment_status":"closed","ping_status":"closed","template":"","meta":{"inline_featured_image":false,"footnotes":""},"class_list":["post-284","page","type-page","status-publish","hentry"],"_links":{"self":[{"href":"https:\/\/arkitek.net\/fr\/wp-json\/wp\/v2\/pages\/284","targetHints":{"allow":["GET"]}}],"collection":[{"href":"https:\/\/arkitek.net\/fr\/wp-json\/wp\/v2\/pages"}],"about":[{"href":"https:\/\/arkitek.net\/fr\/wp-json\/wp\/v2\/types\/page"}],"author":[{"embeddable":true,"href":"https:\/\/arkitek.net\/fr\/wp-json\/wp\/v2\/users\/1"}],"replies":[{"embeddable":true,"href":"https:\/\/arkitek.net\/fr\/wp-json\/wp\/v2\/comments?post=284"}],"version-history":[{"count":0,"href":"https:\/\/arkitek.net\/fr\/wp-json\/wp\/v2\/pages\/284\/revisions"}],"wp:attachment":[{"href":"https:\/\/arkitek.net\/fr\/wp-json\/wp\/v2\/media?parent=284"}],"curies":[{"name":"wp","href":"https:\/\/api.w.org\/{rel}","templated":true}]}}