
{"id":266,"date":"2024-07-01T12:54:31","date_gmt":"2024-07-01T09:54:31","guid":{"rendered":"https:\/\/new.arkitek.net\/contacter\/"},"modified":"2024-07-03T09:57:21","modified_gmt":"2024-07-03T06:57:21","slug":"contacter","status":"publish","type":"page","link":"https:\/\/arkitek.net\/fr\/contacter\/","title":{"rendered":"Contacter"},"content":{"rendered":"\n<h2 class=\"wp-block-heading\">Construisons ensemble quelque chose de g\u00e9nial !<\/h2>\n\n<p>N&rsquo;h\u00e9sitez pas \u00e0 nous envoyer vos demandes de renseignements, vos projets potentiels, vos opportunit\u00e9s commerciales, vos commentaires et\/ou vos suggestions en utilisant le formulaire ci-dessous. Nous vous r\u00e9pondrons dans 24 heures. <\/p>\n","protected":false},"excerpt":{"rendered":"<p>Construisons ensemble quelque chose de g\u00e9nial ! N&rsquo;h\u00e9sitez pas \u00e0 nous envoyer vos demandes de renseignements, vos projets potentiels, vos opportunit\u00e9s commerciales, vos commentaires et\/ou vos suggestions en utilisant le formulaire ci-dessous. Nous vous r\u00e9pondrons dans 24 heures.<\/p>\n","protected":false},"author":1,"featured_media":0,"parent":0,"menu_order":0,"comment_status":"closed","ping_status":"closed","template":"page-with-banner-map.php","meta":{"inline_featured_image":false,"footnotes":""},"class_list":["post-266","page","type-page","status-publish","hentry"],"_links":{"self":[{"href":"https:\/\/arkitek.net\/fr\/wp-json\/wp\/v2\/pages\/266","targetHints":{"allow":["GET"]}}],"collection":[{"href":"https:\/\/arkitek.net\/fr\/wp-json\/wp\/v2\/pages"}],"about":[{"href":"https:\/\/arkitek.net\/fr\/wp-json\/wp\/v2\/types\/page"}],"author":[{"embeddable":true,"href":"https:\/\/arkitek.net\/fr\/wp-json\/wp\/v2\/users\/1"}],"replies":[{"embeddable":true,"href":"https:\/\/arkitek.net\/fr\/wp-json\/wp\/v2\/comments?post=266"}],"version-history":[{"count":0,"href":"https:\/\/arkitek.net\/fr\/wp-json\/wp\/v2\/pages\/266\/revisions"}],"wp:attachment":[{"href":"https:\/\/arkitek.net\/fr\/wp-json\/wp\/v2\/media?parent=266"}],"curies":[{"name":"wp","href":"https:\/\/api.w.org\/{rel}","templated":true}]}}