
{"id":253,"date":"2024-07-01T13:17:52","date_gmt":"2024-07-01T10:17:52","guid":{"rendered":"https:\/\/new.arkitek.net\/a-propos-de-nous\/le-fondateur\/"},"modified":"2024-07-27T11:47:49","modified_gmt":"2024-07-27T08:47:49","slug":"le-fondateur","status":"publish","type":"page","link":"https:\/\/arkitek.net\/fr\/a-propos-de-nous\/le-fondateur\/","title":{"rendered":"Le Fondateur"},"content":{"rendered":"\n<p>N\u00e9 en 1976, G\u00fcnal, dans sa petite enfance, s&rsquo;int\u00e9ressait surtout aux gadgets \u00e9lectrom\u00e9caniques \u00e0 l&rsquo;int\u00e9rieur et \u00e0 l&rsquo;ext\u00e9rieur de la maison. Presque tous les appareils \u00e9lectrom\u00e9nagers ont \u00e9t\u00e9 une fois d\u00e9mont\u00e9s jusqu&rsquo;\u00e0 l&rsquo;os et remont\u00e9s pour finir par \u00eatre r\u00e9par\u00e9s dans un magasin. <\/p>\n\n<p>Avec les <em>Whiz Kids<\/em> (s\u00e9rie t\u00e9l\u00e9vis\u00e9e am\u00e9ricaine diffus\u00e9e en 1984), il a \u00e9t\u00e9 attir\u00e9 par les ordinateurs. C&rsquo;est dans cette \u00e9mission qu&rsquo;il s&rsquo;est familiaris\u00e9 avec les modems et les t\u00e9l\u00e9communications. <\/p>\n\n<p>Depuis lors, il \u00e9tudie, pratique, conseille, con\u00e7oit, vend et met en \u0153uvre des solutions logicielles et de t\u00e9l\u00e9communications commerciales de niveau transporteur pour des clients ayant des accords de niveau de service (SLA) tr\u00e8s \u00e9lev\u00e9s.<\/p>\n\n<h3 class=\"wp-block-heading\">Principales Etapes Professionnelles<\/h3>\n\n<figure class=\"wp-block-table\"><table><tbody><tr><td>1996<\/td><td>Premier \u00ab\u00a0Salut\u00a0\u00bb sur l&rsquo;internet public<\/td><\/tr><tr><td>1997<\/td><td>Premier site web statique (geocities)<\/td><\/tr><tr><td>1999<\/td><td>Premi\u00e8re installation du routeur<\/td><\/tr><tr><td>2000<\/td><td>Premi\u00e8re application web dynamique commerciale<\/td><\/tr><tr><td>2002<\/td><td>Premi\u00e8re application web commerciale .net\/sql (CMS\/FE)<\/td><\/tr><tr><td>2002<\/td><td>Premi\u00e8re t\u00e9l\u00e9vision commerciale sur Internet en Turquie (Front\/Back-End Dev)<\/td><\/tr><tr><td>2003<\/td><td>Premi\u00e8re op\u00e9ration d&rsquo;intervention d&rsquo;urgence des Nations unies<\/td><\/tr><tr><td>2006<\/td><td>Premier cours en tant qu&rsquo;instructeur<\/td><\/tr><tr><td>2008<\/td><td>Premi\u00e8re visite dans la Silicon Valley<\/td><\/tr><tr><td>2009<\/td><td>Premi\u00e8re configuration BGP sur un r\u00e9seau f\u00e9d\u00e9rateur de paquets mobiles<\/td><\/tr><tr><td>2010<\/td><td>Premi\u00e8re conception de bout en bout d&rsquo;une infrastructure de t\u00e9l\u00e9communications \u00e0 l&rsquo;\u00e9chelle nationale (pile compl\u00e8te)<\/td><\/tr><tr><td>2011 <\/td><td>Deuxi\u00e8me architecte principal de solutions certifi\u00e9 au niveau mondial pour l&rsquo;int\u00e9gration des r\u00e9seaux (ERICSSON)<\/td><\/tr><tr><td>2013<\/td><td>Premi\u00e8re introduction sur le march\u00e9 d&rsquo;un produit qui deviendra la norme industrielle en Turquie<\/td><\/tr><tr><td>2015<\/td><td>Pour la premi\u00e8re fois, les ventes de solutions atteignent 10 millions de dollars US<\/td><\/tr><tr><td>2019<\/td><td>L&rsquo;\u00e9tablissement d&rsquo;ARKITEK<\/td><\/tr><tr><td>2023<\/td><td>L&rsquo;\u00e9tablissement de <a href=\"https:\/\/cuoresportivo.com\/fr\/\" target=\"_blank\" rel=\"noreferrer noopener\">CUORESPORTIVO<\/a><\/td><\/tr><\/tbody><\/table><\/figure>\n","protected":false},"excerpt":{"rendered":"<p>N\u00e9 en 1976, G\u00fcnal, dans sa petite enfance, s&rsquo;int\u00e9ressait surtout aux gadgets \u00e9lectrom\u00e9caniques \u00e0 l&rsquo;int\u00e9rieur et \u00e0 l&rsquo;ext\u00e9rieur de la maison. Presque tous les appareils \u00e9lectrom\u00e9nagers ont \u00e9t\u00e9 une fois d\u00e9mont\u00e9s jusqu&rsquo;\u00e0 l&rsquo;os et remont\u00e9s pour finir par \u00eatre r\u00e9par\u00e9s dans un magasin. Avec les Whiz Kids (s\u00e9rie t\u00e9l\u00e9vis\u00e9e am\u00e9ricaine diffus\u00e9e en 1984), il a &hellip; <\/p>\n<p class=\"link-more\"><a href=\"https:\/\/arkitek.net\/fr\/a-propos-de-nous\/le-fondateur\/\" class=\"more-link\">Continuer la lecture<span class=\"screen-reader-text\"> de &laquo;&nbsp;Le Fondateur&nbsp;&raquo;<\/span><\/a><\/p>\n","protected":false},"author":1,"featured_media":1084,"parent":235,"menu_order":1,"comment_status":"closed","ping_status":"closed","template":"","meta":{"inline_featured_image":false,"footnotes":""},"class_list":["post-253","page","type-page","status-publish","has-post-thumbnail","hentry"],"_links":{"self":[{"href":"https:\/\/arkitek.net\/fr\/wp-json\/wp\/v2\/pages\/253","targetHints":{"allow":["GET"]}}],"collection":[{"href":"https:\/\/arkitek.net\/fr\/wp-json\/wp\/v2\/pages"}],"about":[{"href":"https:\/\/arkitek.net\/fr\/wp-json\/wp\/v2\/types\/page"}],"author":[{"embeddable":true,"href":"https:\/\/arkitek.net\/fr\/wp-json\/wp\/v2\/users\/1"}],"replies":[{"embeddable":true,"href":"https:\/\/arkitek.net\/fr\/wp-json\/wp\/v2\/comments?post=253"}],"version-history":[{"count":0,"href":"https:\/\/arkitek.net\/fr\/wp-json\/wp\/v2\/pages\/253\/revisions"}],"up":[{"embeddable":true,"href":"https:\/\/arkitek.net\/fr\/wp-json\/wp\/v2\/pages\/235"}],"wp:featuredmedia":[{"embeddable":true,"href":"https:\/\/arkitek.net\/fr\/wp-json\/wp\/v2\/media\/1084"}],"wp:attachment":[{"href":"https:\/\/arkitek.net\/fr\/wp-json\/wp\/v2\/media?parent=253"}],"curies":[{"name":"wp","href":"https:\/\/api.w.org\/{rel}","templated":true}]}}