
{"id":235,"date":"2024-07-01T12:54:31","date_gmt":"2024-07-01T09:54:31","guid":{"rendered":"https:\/\/new.arkitek.net\/a-propos-de-nous\/"},"modified":"2024-07-10T12:20:38","modified_gmt":"2024-07-10T09:20:38","slug":"a-propos-de-nous","status":"publish","type":"page","link":"https:\/\/arkitek.net\/fr\/a-propos-de-nous\/","title":{"rendered":"\u00c0 Propos de Nous"},"content":{"rendered":"\n<p>Fond\u00e9e en 2018, ARKITEK est form\u00e9e par des professionnels de l&rsquo;industrie de l&rsquo;informatique et des t\u00e9l\u00e9communications avec plus de 20 ans d&rsquo;exp\u00e9rience au service des clients mondiaux dans leurs efforts pour utiliser la technologie de la mani\u00e8re la plus efficace et rentable possible.<\/p>\n\n<p id=\"block-72df0035-acfd-4a69-90cf-55cd62d3c584\">Bas\u00e9s \u00e0 Istanbul (\u00e0 l&rsquo;interconnexion de l&rsquo;Europe et de l&rsquo;Asie) et au service du monde entier, nous sommes fiers d&rsquo;apporter nos connaissances et notre exp\u00e9rience \u00e0 chaque projet afin de garantir votre succ\u00e8s dans toutes les dimensions techniques, op\u00e9rationnelles et commerciales, et ce, dans les d\u00e9lais impartis.<\/p>\n\n<p id=\"block-7d83b85e-4cc7-49f6-9954-f5d6580aa475\">Notre objectif est de donner aux gens les moyens d&rsquo;agir gr\u00e2ce \u00e0 une technologie adapt\u00e9e au d\u00e9roulement naturel de leur vie, sans perturbation ni charge suppl\u00e9mentaire, et toujours dans le respect et la protection de notre plan\u00e8te.<\/p>\n\n<h2 class=\"wp-block-heading\" id=\"block-0f923acd-929d-408b-9ebc-ba020e566d16\">Le Fondateur<\/h2>\n\n<p id=\"block-62e41425-ba73-4707-9141-f9724ae81ac5\">ARKITEK a \u00e9t\u00e9 fond\u00e9e par G\u00fcnal \u00d6RSEL &#8211; un v\u00e9t\u00e9ran de l&rsquo;industrie des technologies de l&rsquo;information et des t\u00e9l\u00e9communications qui a travaill\u00e9 dans le monde entier sur les projets les plus ambitieux en termes de port\u00e9e, de taille et de fiabilit\u00e9.<\/p>\n\n<p id=\"block-075fb6dc-7e75-497b-9256-08753c9e3420\"><a href=\"https:\/\/arkitek.net\/fr\/a-propos-de-nous\/le-fondateur\/\">En savoir plus sur G\u00fcnal \u00d6rsel<\/a>&#8230;<\/p>\n\n<h2 class=\"wp-block-heading\" id=\"block-e72aa4cf-d51b-4fb0-95cd-7381d9ee11ed\">Inscription<\/h2>\n\n<p id=\"block-fcc52004-9292-4e41-8e2a-4d374d0f0edc\"><strong>ARKITEK Telekom\u00fcnikasyon A.\u015e.<\/strong> est enregistr\u00e9 \u00e0 Istanbul, TURQUIE avec :<br\/>Num\u00e9ro d&rsquo;Enregistrement : 186306-5 (Chambre de Commerce d&rsquo;Istanbul)<br\/>Num\u00e9ro d&rsquo;Enregistrement : 0079065479500001 (MERSIS)<\/p>\n\n<p id=\"block-411ead30-4bae-4cea-b9c9-203ed848b904\"><strong>ARKITEK Ara\u015ft\u0131rma Geli\u015ftirme A.\u015e.<\/strong> est enregistr\u00e9 \u00e0 Ankara, en TURQUIE avec :<br\/>Num\u00e9ro d&rsquo;Enregistrement : 416461 (Chambre de Commerce d&rsquo;Ankara)<br\/>Num\u00e9ro d&rsquo;Enregistrement : 0729082869300001 (MERSIS)<\/p>\n","protected":false},"excerpt":{"rendered":"<p>Fond\u00e9e en 2018, ARKITEK est form\u00e9e par des professionnels de l&rsquo;industrie de l&rsquo;informatique et des t\u00e9l\u00e9communications avec plus de 20 ans d&rsquo;exp\u00e9rience au service des clients mondiaux dans leurs efforts pour utiliser la technologie de la mani\u00e8re la plus efficace et rentable possible. Bas\u00e9s \u00e0 Istanbul (\u00e0 l&rsquo;interconnexion de l&rsquo;Europe et de l&rsquo;Asie) et au &hellip; <\/p>\n<p class=\"link-more\"><a href=\"https:\/\/arkitek.net\/fr\/a-propos-de-nous\/\" class=\"more-link\">Continuer la lecture<span class=\"screen-reader-text\"> de &laquo;&nbsp;\u00c0 Propos de Nous&nbsp;&raquo;<\/span><\/a><\/p>\n","protected":false},"author":1,"featured_media":1104,"parent":0,"menu_order":0,"comment_status":"closed","ping_status":"closed","template":"","meta":{"inline_featured_image":false,"footnotes":""},"class_list":["post-235","page","type-page","status-publish","has-post-thumbnail","hentry"],"_links":{"self":[{"href":"https:\/\/arkitek.net\/fr\/wp-json\/wp\/v2\/pages\/235","targetHints":{"allow":["GET"]}}],"collection":[{"href":"https:\/\/arkitek.net\/fr\/wp-json\/wp\/v2\/pages"}],"about":[{"href":"https:\/\/arkitek.net\/fr\/wp-json\/wp\/v2\/types\/page"}],"author":[{"embeddable":true,"href":"https:\/\/arkitek.net\/fr\/wp-json\/wp\/v2\/users\/1"}],"replies":[{"embeddable":true,"href":"https:\/\/arkitek.net\/fr\/wp-json\/wp\/v2\/comments?post=235"}],"version-history":[{"count":0,"href":"https:\/\/arkitek.net\/fr\/wp-json\/wp\/v2\/pages\/235\/revisions"}],"wp:featuredmedia":[{"embeddable":true,"href":"https:\/\/arkitek.net\/fr\/wp-json\/wp\/v2\/media\/1104"}],"wp:attachment":[{"href":"https:\/\/arkitek.net\/fr\/wp-json\/wp\/v2\/media?parent=235"}],"curies":[{"name":"wp","href":"https:\/\/api.w.org\/{rel}","templated":true}]}}