
{"id":867,"date":"2024-07-01T18:06:57","date_gmt":"2024-07-01T15:06:57","guid":{"rendered":"https:\/\/new.arkitek.net\/avisos-legales\/politica-de-cookies\/"},"modified":"2024-07-10T13:21:59","modified_gmt":"2024-07-10T10:21:59","slug":"politica-de-cookies","status":"publish","type":"page","link":"https:\/\/arkitek.net\/es\/legal\/politica-de-cookies\/","title":{"rendered":"Pol\u00edtica de Cookies"},"content":{"rendered":"\n<p>ARKITEK Telekom\u00fcnikasyon A.\u015e. (\u00abnosotros\u00bb) ha publicado esta Pol\u00edtica de Cookies para describir la forma en que utilizamos las cookies y otras tecnolog\u00edas como p\u00edxeles, etiquetas y balizas en nuestro sitio web.<\/p>\n\n<p>Los nombres y tipos espec\u00edficos de las cookies, p\u00edxeles y tecnolog\u00edas similares que utilizamos para recopilar informaci\u00f3n pueden cambiar de vez en cuando. Para ayudarle a comprender mejor nuestra Pol\u00edtica de Cookies, le ofrecemos a continuaci\u00f3n las siguientes explicaciones sobre el significado de cookies, p\u00edxeles, etiquetas y balizas: <\/p>\n\n<ul class=\"wp-block-list\">\n<li>Cookies: Una cookie es un peque\u00f1o archivo de texto que un sitio web guarda en su ordenador o dispositivo m\u00f3vil cuando lo visita. Permite al sitio web recordar sus acciones y preferencias (como el inicio de sesi\u00f3n, el idioma, el tama\u00f1o de letra y otras preferencias de visualizaci\u00f3n) durante un per\u00edodo de tiempo, para que no tenga que volver a introducirlas cada vez que regrese al sitio o navegue de una p\u00e1gina a otra. <\/li>\n\n\n\n<li>P\u00edxeles, etiquetas y balizas (Trackers): Se refieren a peque\u00f1as im\u00e1genes gr\u00e1ficas que pueden incluirse en nuestros sitios, servicios, aplicaciones, mensajer\u00eda y herramientas, que normalmente funcionan junto con las cookies para identificar a nuestros usuarios y su comportamiento.<\/li>\n<\/ul>\n\n<h2 class=\"wp-block-heading\">\u00bfC\u00f3mo utilizamos las cookies?<\/h2>\n\n<p>Las cookies se utilizan para reconocerle cuando visita nuestro sitio web y recordar sus preferencias. La informaci\u00f3n que recibimos del uso de cookies no se utiliza para identificarle personalmente a menos que inicie sesi\u00f3n en una de nuestras propiedades web. Utilizamos cookies para los fines aqu\u00ed establecidos.  <\/p>\n\n<p>Nuestras cookies se utilizan para:<\/p>\n\n<ul class=\"wp-block-list\">\n<li>Mostrarle la informaci\u00f3n adecuada y personalizar su experiencia en l\u00ednea si ha iniciado sesi\u00f3n en una de nuestras propiedades web.<\/li>\n\n\n\n<li>Recuerde su preferencia ling\u00fc\u00edstica.<\/li>\n\n\n\n<li>Ayudar a los usuarios a cumplimentar m\u00e1s f\u00e1cilmente los formularios de nuestro sitio web.<\/li>\n\n\n\n<li>Comprender el rendimiento de nuestro sitio.<\/li>\n\n\n\n<li>Recuerde si ha aceptado que utilicemos cookies en nuestro sitio web.<\/li>\n<\/ul>\n\n<p>Adem\u00e1s, algunos v\u00eddeos incrustados en nuestras p\u00e1ginas utilizan una cookie para recopilar de forma an\u00f3nima estad\u00edsticas sobre c\u00f3mo ha llegado hasta all\u00ed y qu\u00e9 v\u00eddeos ha visitado.<\/p>\n\n<p>Las cookies de sesi\u00f3n permanecer\u00e1n hasta que cese la navegaci\u00f3n. Las cookies persistentes permanecen hasta que se borran o caducan. La mayor\u00eda de las cookies utilizadas en nuestro sitio son persistentes. Como tales, caducar\u00e1n entre noventa d\u00edas y dos a\u00f1os a partir de la fecha en que se descarguen en su dispositivo.   <\/p>\n\n<p>Las cookies tambi\u00e9n son almacenadas por proveedores externos como Google, LinkedIn y Twitter, servicios corporativos que miden la eficacia y eficiencia de nuestras p\u00e1ginas web bas\u00e1ndose en informaci\u00f3n an\u00f3nima sobre la procedencia de los usuarios, las funciones del sitio con las que interact\u00faan y el tiempo que pasan en nuestro sitio.<\/p>\n\n<p>Conozca algunas de las Cookies de terceros que utilizamos y c\u00f3mo desactivarlas:<\/p>\n\n<ul class=\"wp-block-list\">\n<li>Google: <a href=\"https:\/\/www.google.com\/analytics\/terms\/us.html\" target=\"_blank\" rel=\"noreferrer noopener nofollow\">https:\/\/www.google.com\/analytics\/terms\/us.html<\/a><\/li>\n\n\n\n<li>Twitter: <a href=\"https:\/\/help.twitter.com\/en\/rules-and-policies\/twitter-cookies\" target=\"_blank\" rel=\"noreferrer noopener nofollow\">https:\/\/help.twitter.com\/en\/rules-and-policies\/twitter-cookies<\/a><\/li>\n<\/ul>\n\n<p>Habilitar las cookies descritas anteriormente no es estrictamente necesario para que nuestro sitio web funcione, pero le proporcionar\u00e1 una mejor experiencia. Puede eliminar o bloquear estas cookies, pero si lo hace es posible que algunas caracter\u00edsticas de este sitio no funcionen seg\u00fan lo previsto. <\/p>\n\n<h2 class=\"wp-block-heading\">C\u00f3mo controlar las cookies<\/h2>\n\n<p>Puede controlar y\/o eliminar las cookies como desee &#8211; para m\u00e1s detalles, consulte <a href=\"http:\/\/aboutcookies.org\" target=\"_blank\" rel=\"noreferrer noopener nofollow\">aboutcookies.org<\/a>. Puede eliminar las cookies que ya se encuentren en su ordenador y puede configurar la mayor\u00eda de los navegadores para que impidan su instalaci\u00f3n. Sin embargo, si lo hace, es posible que tenga que ajustar manualmente las preferencias cada vez que visite un sitio y que algunos servicios y funcionalidades no funcionen seg\u00fan lo previsto. <\/p>\n\n<p>Para m\u00e1s informaci\u00f3n sobre nuestras pr\u00e1cticas de privacidad, consulte la <a href=\"https:\/\/arkitek.net\/es\/legal\/politica-de-privacidad\/\" data-type=\"page\" data-id=\"783\">Pol\u00edtica de Privacidad<\/a> de nuestro sitio web.<\/p>\n","protected":false},"excerpt":{"rendered":"<p>ARKITEK Telekom\u00fcnikasyon A.\u015e. (\u00abnosotros\u00bb) ha publicado esta Pol\u00edtica de Cookies para describir la forma en que utilizamos las cookies y otras tecnolog\u00edas como p\u00edxeles, etiquetas y balizas en nuestro sitio web. Los nombres y tipos espec\u00edficos de las cookies, p\u00edxeles y tecnolog\u00edas similares que utilizamos para recopilar informaci\u00f3n pueden cambiar de vez en cuando. Para &hellip; <\/p>\n<p class=\"link-more\"><a href=\"https:\/\/arkitek.net\/es\/legal\/politica-de-cookies\/\" class=\"more-link\">Continuar leyendo<span class=\"screen-reader-text\"> \u00abPol\u00edtica de Cookies\u00bb<\/span><\/a><\/p>\n","protected":false},"author":1,"featured_media":1079,"parent":587,"menu_order":3,"comment_status":"closed","ping_status":"closed","template":"","meta":{"inline_featured_image":false,"footnotes":""},"class_list":["post-867","page","type-page","status-publish","has-post-thumbnail","hentry"],"_links":{"self":[{"href":"https:\/\/arkitek.net\/es\/wp-json\/wp\/v2\/pages\/867","targetHints":{"allow":["GET"]}}],"collection":[{"href":"https:\/\/arkitek.net\/es\/wp-json\/wp\/v2\/pages"}],"about":[{"href":"https:\/\/arkitek.net\/es\/wp-json\/wp\/v2\/types\/page"}],"author":[{"embeddable":true,"href":"https:\/\/arkitek.net\/es\/wp-json\/wp\/v2\/users\/1"}],"replies":[{"embeddable":true,"href":"https:\/\/arkitek.net\/es\/wp-json\/wp\/v2\/comments?post=867"}],"version-history":[{"count":0,"href":"https:\/\/arkitek.net\/es\/wp-json\/wp\/v2\/pages\/867\/revisions"}],"up":[{"embeddable":true,"href":"https:\/\/arkitek.net\/es\/wp-json\/wp\/v2\/pages\/587"}],"wp:featuredmedia":[{"embeddable":true,"href":"https:\/\/arkitek.net\/es\/wp-json\/wp\/v2\/media\/1079"}],"wp:attachment":[{"href":"https:\/\/arkitek.net\/es\/wp-json\/wp\/v2\/media?parent=867"}],"curies":[{"name":"wp","href":"https:\/\/api.w.org\/{rel}","templated":true}]}}