
{"id":774,"date":"2024-07-01T18:03:35","date_gmt":"2024-07-01T15:03:35","guid":{"rendered":"https:\/\/new.arkitek.net\/avisos-legales\/condiciones-del-servicio\/"},"modified":"2024-07-10T12:55:57","modified_gmt":"2024-07-10T09:55:57","slug":"condiciones-del-servicio","status":"publish","type":"page","link":"https:\/\/arkitek.net\/es\/legal\/condiciones-del-servicio\/","title":{"rendered":"Condiciones del Servicio"},"content":{"rendered":"\n<h2 class=\"wp-block-heading\">Bienvenido a ARKITEK Telekom\u00fcnikasyon A.\u015e.<\/h2>\n\n<p>Estos t\u00e9rminos y condiciones describen las normas y reglamentos de uso del sitio web de ARKITEK Telekom\u00fcnikasyon A.\u015e. <span style=\"text-transform: capitalize;\"> Nuestra sede<\/span> se encuentra en:<\/p>\n\n<address>Edificio Ferko Signature Esentepe Mah.<br\/>\nB\u00fcy\u00fckdere Cad.\nNo: 175\/7, \u015ei\u015fli, 34394, Estambul, T\u00dcRK\u0130YE <\/address>\n\n<p>Al acceder a este sitio web asumimos que acepta estos t\u00e9rminos y condiciones en su totalidad. No siga utilizando el sitio web de ARKITEK Telekom\u00fcnikasyon A.\u015e. \n si no acepta todos los t\u00e9rminos y condiciones expuestos en esta p\u00e1gina. \n <\/p>\n\n<p>La siguiente terminolog\u00eda se aplica a estos T\u00e9rminos y Condiciones, Declaraci\u00f3n de Privacidad y Aviso de Exenci\u00f3n de Responsabilidad y a cualquiera o todos los Acuerdos: \u00abCliente\u00bb, \u00abUsted\u00bb y \u00abSu\u00bb se refiere a usted, la persona que accede a este sitio web y acepta los t\u00e9rminos y condiciones de la Empresa.\n\u00abLa Empresa\u00bb, \u00abNosotros\u00bb, \u00abNuestro\u00bb y \u00abNos\u00bb, se refiere a nuestra Empresa.\n\u00abParte\u00bb, \u00abPartes\u00bb o \u00abNosotros\u00bb, se refiere tanto al Cliente como a nosotros mismos, o bien al Cliente o a nosotros mismos.\nTodos los t\u00e9rminos se refieren a la oferta, aceptaci\u00f3n y contraprestaci\u00f3n de pago necesaria para emprender el proceso de nuestra asistencia al Cliente de la manera m\u00e1s adecuada, ya sea mediante reuniones formales de duraci\u00f3n determinada, o cualquier otro medio, con el prop\u00f3sito expreso de satisfacer las necesidades del Cliente con respecto a la prestaci\u00f3n de los servicios\/productos indicados de la Empresa, de conformidad con y con sujeci\u00f3n a la legislaci\u00f3n vigente de.\nCualquier uso de la terminolog\u00eda anterior u otras palabras en singular, plural, may\u00fasculas y\/o \u00e9l\/ella o ellos, se toman como intercambiables y por lo tanto como referidas a lo mismo.    <\/p>\n\n<h2 class=\"wp-block-heading\">Cookies<\/h2>\n\n<p>Empleamos el uso de cookies.\nAl utilizar nuestro sitio web, usted acepta el uso de cookies de acuerdo con nuestra <a href=\"\" data-type=\"\" data-id=\"\">pol\u00edtica de privacidad<\/a>. <\/p>\n\n<p>La mayor\u00eda de los sitios web interactivos actuales utilizan cookies para poder recuperar los datos de los usuarios en cada visita.\nLas cookies se utilizan en algunas \u00e1reas de nuestro sitio para permitir la funcionalidad de esta \u00e1rea y la facilidad de uso para las personas que nos visitan.\nAlgunos de nuestros socios afiliados \/ publicitarios tambi\u00e9n pueden utilizar cookies.  <\/p>\n\n<h2 class=\"wp-block-heading\">Licencia<\/h2>\n\n<p>A menos que se indique lo contrario, ARKITEK Telekom\u00fcnikasyon A.\u015e. y\/o sus licenciantes poseen los derechos de propiedad intelectual de todo el material de ARKITEK Telekom\u00fcnikasyon A.\u015e.. Todos los derechos de propiedad intelectual est\u00e1n reservados. Usted puede ver y\/o imprimir p\u00e1ginas de https:\/\/arkitek.net para su uso personal sujeto a las restricciones establecidas en estos t\u00e9rminos y condiciones.<\/p>\n\n<p>No debe hacerlo:<\/p>\n\n<ol class=\"wp-block-list\">\n<li>Vuelva a publicar material de <a href=\"https:\/\/arkitek.net\">https:\/\/arkitek.net<\/a><\/li>\n\n\n\n<li>Vender, alquilar o sublicenciar material de <a href=\"https:\/\/arkitek.net\">https:\/\/arkitek.net<\/a><\/li>\n\n\n\n<li>Reproducir, duplicar o copiar material de <a href=\"https:\/\/arkitek.net\">https:\/\/arkitek.net<\/a><\/li>\n<\/ol>\n\n<p>Redistribuir el contenido de <a href=\"https:\/\/arkitek.net\/es\/quienes-somos\/\" data-type=\"page\" data-id=\"12\">ARKITEK Telekom\u00fcnikasyon A.\u015e.<\/a> (a menos que el contenido est\u00e9 espec\u00edficamente hecho para su redistribuci\u00f3n).<\/p>\n\n<h2 class=\"wp-block-heading\">Hiperv\u00ednculos a nuestro contenido<\/h2>\n\n<ol class=\"wp-block-list\">\n<li>Las siguientes organizaciones pueden enlazar con nuestro sitio web sin necesidad de autorizaci\u00f3n previa por escrito:\n\n\n<ol class=\"wp-block-list\">\n<li>Agencias gubernamentales;<\/li>\n\n\n\n<li>Motores de b\u00fasqueda;<\/li>\n\n\n\n<li>Organizaciones de noticias;<\/li>\n\n\n\n<li>Los distribuidores de directorios en l\u00ednea, cuando nos incluyan en el directorio, podr\u00e1n enlazar con nuestro sitio Web de la misma manera que lo hacen con los sitios Web de otras empresas incluidas en el directorio; y<\/li>\n\n\n\n<li>Las empresas acreditadas por el sistema, excepto las organizaciones sin \u00e1nimo de lucro solicitantes, los centros comerciales ben\u00e9ficos y los grupos de recaudaci\u00f3n de fondos ben\u00e9ficos, que no pueden establecer hiperv\u00ednculos con nuestro sitio web.<\/li>\n<\/ol>\n<\/li>\n<\/ol>\n\n<ol class=\"wp-block-list\">\n<li>Estas organizaciones pueden enlazar con nuestra p\u00e1gina de inicio, con publicaciones o con otra informaci\u00f3n del sitio web siempre que el enlace:  \n\n<ol class=\"wp-block-list\" style=\"list-style-type:lower-alpha\">\n<li>no es en absoluto enga\u00f1osa;  <\/li>\n\n\n\n<li>no implique falsamente el patrocinio, respaldo o aprobaci\u00f3n de la parte que realiza el enlace y de sus productos o servicios; y  <\/li>\n\n\n\n<li>encaja en el contexto del sitio de la parte enlazante.<br\/><\/li>\n<\/ol>\n<\/li>\n\n\n\n<li>Podemos considerar y aprobar a nuestra entera discreci\u00f3n otras solicitudes de enlace de los siguientes tipos de organizaciones:\n<ul class=\"wp-block-list\">\n<li>Fuentes de informaci\u00f3n sobre consumidores y\/o empresas com\u00fanmente conocidas, como las C\u00e1maras de Comercio, la Asociaci\u00f3n Americana del Autom\u00f3vil, AARP y Consumers Union;<\/li>\n\n\n\n<li>sitios de la comunidad punto.com;<\/li>\n\n\n\n<li>asociaciones u otros grupos que representen a organizaciones ben\u00e9ficas, incluidos los sitios de donaciones ben\u00e9ficas,<\/li>\n\n\n\n<li>distribuidores de directorios en l\u00ednea;<\/li>\n\n\n\n<li>portales de internet;<\/li>\n\n\n\n<li>empresas de contabilidad, derecho y consultor\u00eda cuyos principales clientes son empresas; y<\/li>\n\n\n\n<li>instituciones educativas y asociaciones comerciales.<\/li>\n<\/ul>\n<\/li>\n<\/ol>\n\n<p>Aprobaremos las solicitudes de enlace de estas organizaciones si determinamos que\n(a) el enlace no se reflejar\u00e1 desfavorablemente en nosotros o en nuestros negocios acreditados (por ejemplo, no se permitir\u00e1 enlazar a asociaciones comerciales u otras organizaciones que representen tipos de negocio inherentemente sospechosos, como las oportunidades de trabajo en casa);\n(b)la organizaci\u00f3n no tiene un historial insatisfactorio con nosotros;\n(c) el beneficio para nosotros de la visibilidad asociada al hiperv\u00ednculo compensa la ausencia del nombre de nuestra empresa; y\n(d) cuando el enlace se encuentre en el contexto de la informaci\u00f3n general sobre recursos o sea coherente de otro modo con el contenido editorial de un bolet\u00edn o producto similar que fomente la misi\u00f3n de la organizaci\u00f3n.    <\/p>\n\n<p>Estas organizaciones pueden enlazar con nuestra p\u00e1gina de inicio, con publicaciones o con otra informaci\u00f3n del sitio Web siempre que el enlace\n(a) no sea en modo alguno enga\u00f1oso;\n(b) no implique falsamente el patrocinio, respaldo o aprobaci\u00f3n de la parte enlazante y sus productos o servicios; y\n(c) se ajuste al contexto del sitio de la parte que establece el enlace.   <\/p>\n\n<p>Si se encuentra entre las organizaciones enumeradas en el apartado 2 anterior y est\u00e1 interesado en establecer un enlace con nuestro sitio web, deber\u00e1 notific\u00e1rnoslo enviando un correo electr\u00f3nico a <a href=\"mailto:info@arkitek.net\">info@arkitek.net.<\/a> Por favor, incluya su nombre, el nombre de su organizaci\u00f3n, informaci\u00f3n de contacto (como un n\u00famero de tel\u00e9fono y\/o direcci\u00f3n de correo electr\u00f3nico) as\u00ed como la URL de su sitio, una lista de cualquier URL desde la que pretenda enlazar a nuestro sitio Web y una lista de la(s) URL(s) de nuestro sitio a la(s) que le gustar\u00eda enlazar.\nEspere una respuesta en 2-3 semanas. <\/p>\n\n<p>Las organizaciones autorizadas podr\u00e1n establecer hiperenlaces con nuestro sitio web de la siguiente manera:<\/p>\n\n<ol class=\"wp-block-list\">\n<li>Mediante el uso de nuestro nombre corporativo; o<\/li>\n\n\n\n<li>Mediante el uso del localizador uniforme de recursos (direcci\u00f3n Web) a la que se enlaza; o<\/li>\n\n\n\n<li>Mediante el uso de cualquier otra descripci\u00f3n de nuestro sitio Web o del material al que se enlaza que tenga sentido dentro del contexto y el formato del contenido del sitio de la parte que realiza el enlace.<\/li>\n<\/ol>\n\n<p>No se permitir\u00e1 el uso del logotipo u otras ilustraciones de ARKITEK Telekom\u00fcnikasyon A.\u015e. para establecer enlaces sin un acuerdo de licencia de marca comercial.<\/p>\n\n<h2 class=\"wp-block-heading\">Iframes<\/h2>\n\n<p>Sin la aprobaci\u00f3n previa y el permiso expreso por escrito, no podr\u00e1 crear marcos alrededor de nuestras p\u00e1ginas web ni utilizar otras t\u00e9cnicas que alteren en modo alguno la presentaci\u00f3n visual o el aspecto de nuestro sitio web.<\/p>\n\n<h2 class=\"wp-block-heading\">Reserva de derechos<\/h2>\n\n<p>Nos reservamos el derecho, en cualquier momento y a su entera discreci\u00f3n, de solicitarle que elimine todos los enlaces o cualquier enlace concreto a nuestro sitio Web.\nUsted se compromete a eliminar inmediatamente todos los enlaces a nuestro sitio Web tras dicha solicitud.\nTambi\u00e9n nos reservamos el derecho a modificar estos t\u00e9rminos y condiciones y su pol\u00edtica de enlaces en cualquier momento.\nAl continuar enlazando con nuestro sitio Web, usted acepta estar vinculado a estos t\u00e9rminos y condiciones de enlace y acatarlos.   <\/p>\n\n<h2 class=\"wp-block-heading\">Eliminaci\u00f3n de enlaces de nuestro sitio web<\/h2>\n\n<p>Si considera que alg\u00fan enlace de nuestro sitio web o alg\u00fan sitio web enlazado es objetable por cualquier motivo, puede ponerse en contacto con nosotros al respecto.\nEstudiaremos las solicitudes de eliminaci\u00f3n de enlaces, pero no tendremos ninguna obligaci\u00f3n de hacerlo ni de responderle directamente. <\/p>\n\n<p>Aunque nos esforzamos por asegurar que la informaci\u00f3n de este sitio web sea correcta, no garantizamos que sea completa o exacta; tampoco nos comprometemos a asegurar que el sitio web siga estando disponible o que el material del sitio web se mantenga actualizado.<\/p>\n\n<h2 class=\"wp-block-heading\">Responsabilidad del contenido<\/h2>\n\n<p>No tendremos responsabilidad alguna por cualquier contenido que aparezca en su sitio Web.\nUsted se compromete a indemnizarnos y defendernos frente a todas las reclamaciones derivadas o basadas en su sitio Web.\nNo podr\u00e1 aparecer ning\u00fan enlace(s) en ninguna p\u00e1gina de su sitio Web ni dentro de ning\u00fan contexto que contenga contenidos o materiales que puedan interpretarse como difamatorios, obscenos o delictivos, o que infrinjan, violen de otro modo o propugnen la infracci\u00f3n u otra violaci\u00f3n de los derechos de terceros.  <\/p>\n\n<h2 class=\"wp-block-heading\">Descargo de responsabilidad<\/h2>\n\n<p>En la medida m\u00e1xima permitida por la ley aplicable, excluimos todas las representaciones, garant\u00edas y condiciones relacionadas con nuestro sitio web y el uso de este sitio web (incluyendo, sin limitaci\u00f3n, cualquier garant\u00eda impl\u00edcita por ley con respecto a la calidad satisfactoria, adecuaci\u00f3n para el prop\u00f3sito y\/o el uso de cuidado y habilidad razonables).\nNada de lo contenido en esta cl\u00e1usula de exenci\u00f3n de responsabilidad: <\/p>\n\n<ol class=\"wp-block-list\">\n<li>limitar o excluir nuestra o su responsabilidad por muerte o da\u00f1os personales resultantes de negligencia;<\/li>\n\n\n\n<li>limitar o excluir nuestra o su responsabilidad por fraude o tergiversaci\u00f3n fraudulenta;<\/li>\n\n\n\n<li>limitar cualquiera de nuestras responsabilidades o las suyas de cualquier forma que no est\u00e9 permitida por la legislaci\u00f3n aplicable; o<\/li>\n\n\n\n<li>excluir cualquiera de nuestras responsabilidades o de las suyas que no puedan excluirse en virtud de la legislaci\u00f3n aplicable.<\/li>\n<\/ol>\n\n<p>Las limitaciones y exclusiones de responsabilidad establecidas en esta secci\u00f3n y en otras partes de esta cl\u00e1usula de exenci\u00f3n de responsabilidad\n(a) est\u00e1n sujetas al p\u00e1rrafo anterior; y\n(b) rigen todas las responsabilidades derivadas del descargo de responsabilidad o en relaci\u00f3n con el objeto del presente descargo de responsabilidad, incluidas las responsabilidades contractuales, extracontractuales (incluida la negligencia) y por incumplimiento de obligaciones legales.  <\/p>\n\n<p>En la medida en que el sitio web y la informaci\u00f3n y los servicios que contiene se facilitan de forma gratuita, no seremos responsables de ninguna p\u00e9rdida o da\u00f1o de cualquier naturaleza.<\/p>\n","protected":false},"excerpt":{"rendered":"<p>Bienvenido a ARKITEK Telekom\u00fcnikasyon A.\u015e. Estos t\u00e9rminos y condiciones describen las normas y reglamentos de uso del sitio web de ARKITEK Telekom\u00fcnikasyon A.\u015e. Nuestra sede se encuentra en: Edificio Ferko Signature Esentepe Mah. B\u00fcy\u00fckdere Cad. No: 175\/7, \u015ei\u015fli, 34394, Estambul, T\u00dcRK\u0130YE Al acceder a este sitio web asumimos que acepta estos t\u00e9rminos y condiciones en &hellip; <\/p>\n<p class=\"link-more\"><a href=\"https:\/\/arkitek.net\/es\/legal\/condiciones-del-servicio\/\" class=\"more-link\">Continuar leyendo<span class=\"screen-reader-text\"> \u00abCondiciones del Servicio\u00bb<\/span><\/a><\/p>\n","protected":false},"author":1,"featured_media":1079,"parent":587,"menu_order":1,"comment_status":"closed","ping_status":"closed","template":"","meta":{"inline_featured_image":false,"footnotes":""},"class_list":["post-774","page","type-page","status-publish","has-post-thumbnail","hentry"],"_links":{"self":[{"href":"https:\/\/arkitek.net\/es\/wp-json\/wp\/v2\/pages\/774","targetHints":{"allow":["GET"]}}],"collection":[{"href":"https:\/\/arkitek.net\/es\/wp-json\/wp\/v2\/pages"}],"about":[{"href":"https:\/\/arkitek.net\/es\/wp-json\/wp\/v2\/types\/page"}],"author":[{"embeddable":true,"href":"https:\/\/arkitek.net\/es\/wp-json\/wp\/v2\/users\/1"}],"replies":[{"embeddable":true,"href":"https:\/\/arkitek.net\/es\/wp-json\/wp\/v2\/comments?post=774"}],"version-history":[{"count":0,"href":"https:\/\/arkitek.net\/es\/wp-json\/wp\/v2\/pages\/774\/revisions"}],"up":[{"embeddable":true,"href":"https:\/\/arkitek.net\/es\/wp-json\/wp\/v2\/pages\/587"}],"wp:featuredmedia":[{"embeddable":true,"href":"https:\/\/arkitek.net\/es\/wp-json\/wp\/v2\/media\/1079"}],"wp:attachment":[{"href":"https:\/\/arkitek.net\/es\/wp-json\/wp\/v2\/media?parent=774"}],"curies":[{"name":"wp","href":"https:\/\/api.w.org\/{rel}","templated":true}]}}