
{"id":703,"date":"2024-07-01T18:24:16","date_gmt":"2024-07-01T15:24:16","guid":{"rendered":"https:\/\/new.arkitek.net\/soluciones\/telecomunicaciones\/red-privada-virtual-vpn\/"},"modified":"2024-07-10T22:40:06","modified_gmt":"2024-07-10T19:40:06","slug":"red-privada-virtual-vpn","status":"publish","type":"page","link":"https:\/\/arkitek.net\/es\/soluciones\/telecommunicaciones\/red-privada-virtual-vpn\/","title":{"rendered":"Red Privada Virtual (VPN)"},"content":{"rendered":"\n<p>Permita a sus empleados trabajar desde cualquier lugar, en ordenadores port\u00e1tiles de la empresa o dispositivos m\u00f3viles personales, en cualquier momento, asegur\u00e1ndose siempre de que no haya brechas en su red y sus datos. ARK\u0130TEK simplifica el acceso seguro a puntos finales y proporciona la seguridad necesaria para ayudar a mantener su organizaci\u00f3n segura y protegida, trabajando con usted para entender sus necesidades, proponiendo una soluci\u00f3n t\u00e9cnica \u00fanica en su tipo y entreg\u00e1ndola llave en mano cuando la necesite. <\/p>\n\n<h2 class=\"wp-block-heading\">La Soluci\u00f3n<\/h2>\n\n<p>La soluci\u00f3n VPN corporativa de ARK\u0130TEK puede funcionar en todos los sistemas operativos de escritorio y m\u00f3viles, con soporte para VPN y otros servicios de seguridad, protegiendo diferentes dise\u00f1os de WAN, y ayudando a las corporaciones a proteger su activo m\u00e1s importante: los datos, ya sea en tr\u00e1nsito o en reposo.<\/p>\n\n<h2 class=\"wp-block-heading\">Acceso Sencillo y Seguro<\/h2>\n\n<p>Permita a los empleados trabajar desde cualquier lugar, en port\u00e1tiles de la empresa o dispositivos m\u00f3viles personales, en cualquier momento. Obtenga visibilidad de los puntos finales en toda la empresa. Proteja a los empleados dentro o fuera de la red. Refuerce la postura de los terminales conectados.   <\/p>\n\n<h2 class=\"wp-block-heading\">Visibilidad Profunda, Contexto y Control<\/h2>\n\n<p>Prevenga las brechas. Supervise continuamente todo el comportamiento de los archivos para descubrir ataques furtivos. Detecte, bloquee y corrija el malware avanzado en todos los puntos finales. H\u00e1galo todo r\u00e1pida y autom\u00e1ticamente.   <\/p>\n\n<h2 class=\"wp-block-heading\">Gesti\u00f3n Centralizada de Dispositivos<\/h2>\n\n<p>En caso de que aumente el n\u00famero de clientes, la soluci\u00f3n puede ampliarse para controlar tanto los dispositivos m\u00f3viles como los de sobremesa en el panel de control personalizado, altamente seguro y basado en navegador. Esta opci\u00f3n permite incorporar sin problemas nuevos dispositivos y automatizar la aplicaci\u00f3n de las pol\u00edticas de seguridad. <\/p>\n\n<h2 class=\"wp-block-heading\">Soluci\u00f3n VPN privada<\/h2>\n\n<p>La soluci\u00f3n de ARK\u0130TEK es tan flexible y asequible que puede ser propiedad de familias expatriadas, peque\u00f1as oficinas remotas en el extranjero o personas que siempre est\u00e1n en movimiento, para disponer de un enlace ascendente seguro, fiable y de alto rendimiento a los recursos de red en el pa\u00eds de la base de operaciones. La soluci\u00f3n le permite superar cualquier geo-bloqueo (normalmente implementado por los servicios de streaming de v\u00eddeo) y la censura local proporcionando un t\u00fanel encriptado para todos los ordenadores, dispositivos multimedia con capacidad de red (smart-tv, consola de juegos, etc.) y smartphones\/tablets, dentro o fuera de su residencia. <\/p>\n","protected":false},"excerpt":{"rendered":"<p>Permita a sus empleados trabajar desde cualquier lugar, en ordenadores port\u00e1tiles de la empresa o dispositivos m\u00f3viles personales, en cualquier momento, asegur\u00e1ndose siempre de que no haya brechas en su red y sus datos. ARK\u0130TEK simplifica el acceso seguro a puntos finales y proporciona la seguridad necesaria para ayudar a mantener su organizaci\u00f3n segura y &hellip; <\/p>\n<p class=\"link-more\"><a href=\"https:\/\/arkitek.net\/es\/soluciones\/telecommunicaciones\/red-privada-virtual-vpn\/\" class=\"more-link\">Continuar leyendo<span class=\"screen-reader-text\"> \u00abRed Privada Virtual (VPN)\u00bb<\/span><\/a><\/p>\n","protected":false},"author":1,"featured_media":1119,"parent":416,"menu_order":4,"comment_status":"closed","ping_status":"closed","template":"","meta":{"inline_featured_image":false,"footnotes":""},"class_list":["post-703","page","type-page","status-publish","has-post-thumbnail","hentry"],"_links":{"self":[{"href":"https:\/\/arkitek.net\/es\/wp-json\/wp\/v2\/pages\/703","targetHints":{"allow":["GET"]}}],"collection":[{"href":"https:\/\/arkitek.net\/es\/wp-json\/wp\/v2\/pages"}],"about":[{"href":"https:\/\/arkitek.net\/es\/wp-json\/wp\/v2\/types\/page"}],"author":[{"embeddable":true,"href":"https:\/\/arkitek.net\/es\/wp-json\/wp\/v2\/users\/1"}],"replies":[{"embeddable":true,"href":"https:\/\/arkitek.net\/es\/wp-json\/wp\/v2\/comments?post=703"}],"version-history":[{"count":0,"href":"https:\/\/arkitek.net\/es\/wp-json\/wp\/v2\/pages\/703\/revisions"}],"up":[{"embeddable":true,"href":"https:\/\/arkitek.net\/es\/wp-json\/wp\/v2\/pages\/416"}],"wp:featuredmedia":[{"embeddable":true,"href":"https:\/\/arkitek.net\/es\/wp-json\/wp\/v2\/media\/1119"}],"wp:attachment":[{"href":"https:\/\/arkitek.net\/es\/wp-json\/wp\/v2\/media?parent=703"}],"curies":[{"name":"wp","href":"https:\/\/api.w.org\/{rel}","templated":true}]}}