
{"id":685,"date":"2024-07-01T18:19:30","date_gmt":"2024-07-01T15:19:30","guid":{"rendered":"https:\/\/new.arkitek.net\/soluciones\/telecomunicaciones\/migracion-ipv6\/"},"modified":"2024-07-10T22:29:19","modified_gmt":"2024-07-10T19:29:19","slug":"migracion-ipv6","status":"publish","type":"page","link":"https:\/\/arkitek.net\/es\/soluciones\/telecommunicaciones\/migracion-ipv6\/","title":{"rendered":"Migraci\u00f3n IPv6"},"content":{"rendered":"\n<p>Los operadores m\u00f3viles y los proveedores de servicios dependen cada vez m\u00e1s de las ofertas de servicios de datos basados en IP para su base de ingresos. Mientras tanto, el tr\u00e1fico de banda ancha tanto fijo como m\u00f3vil se ha disparado con la Web 2.0, el IoT, el v\u00eddeo y las redes sociales, que impulsan una mayor demanda de los usuarios. <\/p>\n\n<p>Empezando por las redes fijas actuales, dan servicio a m\u00e1s de 500 Millones de abonados hoy en d\u00eda y las redes est\u00e1n optimizadas en coste por bit para poder manejar gran cantidad de datos de cada usuario. Adem\u00e1s, las redes m\u00f3viles dan servicio a m\u00e1s de 5.000 millones de abonados ya en la actualidad y los servicios son m\u00e1s personalizados con redes optimizadas para manejar una gran base de abonados.  <\/p>\n\n<p>Aunque IPv6 tiene muchas ventajas sobre IPv4, los operadores son reacios a hacer la transici\u00f3n, ya que la tecnolog\u00eda es m\u00e1s \u00abdisruptiva\u00bb que plug-and-play. En cambio, el agotamiento del espacio de direcciones IPv4 se est\u00e1 abordando con inversiones en <a href=\"\">CGNAT<\/a>. <\/p>\n\n<h2 class=\"wp-block-heading\">La Soluci\u00f3n<\/h2>\n\n<p>El servicio de migraci\u00f3n a IPv6 de ARK\u0130TEK ofrece a los operadores una forma de introducir IPv6 en la red sin problemas, empezando por identificar el delta entre el estado actual de su red y la posici\u00f3n deseada, definir una estrategia de transici\u00f3n y un an\u00e1lisis de impacto, planificar la migraci\u00f3n y, por \u00faltimo, en un enfoque gradual, habilitar nuevos servicios basados en IPv6 seg\u00fan lo requiera su negocio.<\/p>\n\n<p>Una transici\u00f3n satisfactoria de una red basada en IPv4 a IPv6 nativo es aquella en la que los elementos IPv6 se incorporan a la red y, al mismo tiempo, se mantiene la compatibilidad con la infraestructura IP preexistente. As\u00ed pues, durante alg\u00fan tiempo, reconocemos el hecho de que los dispositivos IPv6 deben interactuar y funcionar con los ya existentes. <\/p>\n\n<p>Los abonados esperar\u00e1n una experiencia de servicio tan buena o mejor que la de los servicios basados en IPv4 y no esperar\u00e1n interrupciones del servicio. El usuario tambi\u00e9n esperar\u00e1 una gama de terminales entre los que elegir y una configuraci\u00f3n adicional sencilla o nula para empezar a utilizar los servicios. <\/p>\n\n<p>Lo ideal es que el usuario no tenga que conocer la versi\u00f3n de IP, poniendo requisitos a las aplicaciones y a la capacidad del sistema operativo para elegir y utilizar la versi\u00f3n de IP seg\u00fan sus necesidades.\n\n<\/p>\n\n<p>Por lo tanto, se necesitan t\u00e9cnicas de coexistencia, especialmente cuando la mayor\u00eda de los usuarios est\u00e1n en IPv6 y algunos servicios han permanecido en IPv4. En el caso de los usuarios m\u00f3viles, un usuario puede utilizar principalmente IPv6 en la red dom\u00e9stica del operador y volver a IPv4 en las redes visitadas si es necesario.\n \n\n<\/p>\n\n<p>Los beneficios de esta introducci\u00f3n escalonada de IPv6 para los operadores son:<\/p>\n\n<ul class=\"wp-block-list\">\n<li>Introducci\u00f3n sin problemas de IPv6 en la red del operador y habilitaci\u00f3n de nuevos servicios basados en IPv6 seg\u00fan lo requiera el negocio del operador<\/li>\n\n\n\n<li>Enfoque gradual que permite a los operarios adquirir experiencia y competencia gradualmente<\/li>\n\n\n\n<li>Despliegue rentable que reduce tanto el riesgo como el coste de la implantaci\u00f3n.<\/li>\n<\/ul>\n","protected":false},"excerpt":{"rendered":"<p>Los operadores m\u00f3viles y los proveedores de servicios dependen cada vez m\u00e1s de las ofertas de servicios de datos basados en IP para su base de ingresos. Mientras tanto, el tr\u00e1fico de banda ancha tanto fijo como m\u00f3vil se ha disparado con la Web 2.0, el IoT, el v\u00eddeo y las redes sociales, que impulsan &hellip; <\/p>\n<p class=\"link-more\"><a href=\"https:\/\/arkitek.net\/es\/soluciones\/telecommunicaciones\/migracion-ipv6\/\" class=\"more-link\">Continuar leyendo<span class=\"screen-reader-text\"> \u00abMigraci\u00f3n IPv6\u00bb<\/span><\/a><\/p>\n","protected":false},"author":1,"featured_media":1119,"parent":416,"menu_order":3,"comment_status":"closed","ping_status":"closed","template":"","meta":{"inline_featured_image":false,"footnotes":""},"class_list":["post-685","page","type-page","status-publish","has-post-thumbnail","hentry"],"_links":{"self":[{"href":"https:\/\/arkitek.net\/es\/wp-json\/wp\/v2\/pages\/685","targetHints":{"allow":["GET"]}}],"collection":[{"href":"https:\/\/arkitek.net\/es\/wp-json\/wp\/v2\/pages"}],"about":[{"href":"https:\/\/arkitek.net\/es\/wp-json\/wp\/v2\/types\/page"}],"author":[{"embeddable":true,"href":"https:\/\/arkitek.net\/es\/wp-json\/wp\/v2\/users\/1"}],"replies":[{"embeddable":true,"href":"https:\/\/arkitek.net\/es\/wp-json\/wp\/v2\/comments?post=685"}],"version-history":[{"count":0,"href":"https:\/\/arkitek.net\/es\/wp-json\/wp\/v2\/pages\/685\/revisions"}],"up":[{"embeddable":true,"href":"https:\/\/arkitek.net\/es\/wp-json\/wp\/v2\/pages\/416"}],"wp:featuredmedia":[{"embeddable":true,"href":"https:\/\/arkitek.net\/es\/wp-json\/wp\/v2\/media\/1119"}],"wp:attachment":[{"href":"https:\/\/arkitek.net\/es\/wp-json\/wp\/v2\/media?parent=685"}],"curies":[{"name":"wp","href":"https:\/\/api.w.org\/{rel}","templated":true}]}}