
{"id":664,"date":"2024-07-01T18:17:57","date_gmt":"2024-07-01T15:17:57","guid":{"rendered":"https:\/\/new.arkitek.net\/soluciones\/telecomunicaciones\/terminacion-de-abonados-de-banda-ancha-fija\/"},"modified":"2024-07-10T22:23:08","modified_gmt":"2024-07-10T19:23:08","slug":"terminacion-de-abonados-de-banda-ancha-fija","status":"publish","type":"page","link":"https:\/\/arkitek.net\/es\/soluciones\/telecommunicaciones\/terminacion-de-abonados-de-banda-ancha-fija\/","title":{"rendered":"Terminaci\u00f3n de Abonados de Banda Ancha Fija"},"content":{"rendered":"\n<p>La r\u00e1pida adopci\u00f3n de la televisi\u00f3n y el v\u00eddeo por Internet est\u00e1 impulsando los vol\u00famenes de tr\u00e1fico, y una parte cada vez mayor de los servicios disponibles ofrecen ya contenidos de alta definici\u00f3n. De hecho, la televisi\u00f3n y el v\u00eddeo por Internet ya representan m\u00e1s de la mitad de todo el tr\u00e1fico de Internet. <\/p>\n\n<p>Mientras que la pr\u00f3xima tecnolog\u00eda de banda ancha m\u00f3vil y los r\u00e9cords de velocidad se llevan toda la cobertura medi\u00e1tica, es un hecho que las redes de banda ancha fija siguen haciendo el trabajo pesado. Puede que el n\u00famero total de abonados a la banda ancha fija no crezca tan r\u00e1pido como el de abonados a la m\u00f3vil; pero el consumo de tr\u00e1fico de los abonados fijos se duplica cada a\u00f1o. <\/p>\n\n<p>El crecimiento en volumen y diversidad es a la vez una oportunidad y un reto para los operadores de redes. Por un lado, los servicios de Internet son cada vez m\u00e1s esenciales para m\u00e1s facetas de la vida de las personas: para los negocios, para la educaci\u00f3n, para la interacci\u00f3n social, para el entretenimiento. Esto permite nuevas oportunidades de ingresos. Por otro lado, el crecimiento previsto exige inversiones en mejoras de la red, y estas mejoras pueden ir acompa\u00f1adas de gastos operativos adicionales. Se necesitan estrategias modernas para maximizar el valor de estas inversiones y minimizar los gastos relacionados. Especialmente el enfoque cl\u00e1sico de sobreaprovisionar las capacidades de la red, para asegurar una alta calidad de la experiencia del usuario final, se volver\u00e1 prohibitivamente ineficaz en t\u00e9rminos de costes.     <\/p>\n\n<p>En su lugar, las redes deben hacerse m\u00e1s inteligentes. Deben reconocer los tipos de aplicaciones, los dispositivos de los usuarios finales y sus preferencias, para maximizar la experiencia del usuario final y garantizar un uso justo de los recursos de red disponibles. Las redes tambi\u00e9n deben hacerse m\u00e1s sencillas, y por tanto m\u00e1s baratas, de operar, ocultando la complejidad que potencia su nueva inteligencia. Y deben proporcionar una capacidad de recuperaci\u00f3n de primera clase para garantizar una degradaci\u00f3n elegante y una interrupci\u00f3n m\u00ednima en el raro caso de que se produzca un fallo.   <\/p>\n\n<h2 class=\"wp-block-heading\">La Soluci\u00f3n<\/h2>\n\n<p>La soluci\u00f3n PTA de ARK\u0130TEK ofrece a los proveedores de servicios de Internet de banda ancha fija un plan para implementar, optimizar y hacer crecer de forma r\u00e1pida y eficiente su infraestructura propia o compartida, siempre cumpliendo con los est\u00e1ndares del sector, las normativas locales, las mejores pr\u00e1cticas y las implementaciones.<\/p>\n\n<p>La soluci\u00f3n de terminaci\u00f3n de abonados de banda ancha fija de ARK\u0130TEK, independiente del proveedor, ofrece a los proveedores de servicios y a las empresas de cualquier escala un proyecto s\u00f3lido para implementar una red multiservicio altamente escalable, fiable y que garantice el rendimiento de voz, v\u00eddeo y datos gracias a los servicios diferenciados habilitados por QoS. La seguridad incorporada proporciona una defensa en profundidad a nivel de nodo, red y aplicaci\u00f3n. <\/p>\n\n<h2 class=\"wp-block-heading\">Opciones de Dise\u00f1o y Flexibilidad<\/h2>\n\n<p>Nuestra soluci\u00f3n de terminaci\u00f3n de abonados de banda ancha fija aborda los requisitos t\u00e9cnicos y operativos de los proveedores de servicios a cualquier escala, cobertura geogr\u00e1fica, modelos operativos y empresariales, ya sean minoristas, mayoristas o ambos. Trabajaremos con usted para entender primero sus necesidades junto con sus objetivos empresariales, y le ofreceremos una soluci\u00f3n integral que se ajuste perfectamente a sus requisitos t\u00e9cnicos, operativos y presupuestarios, siempre en l\u00ednea con la normativa vigente y cumpliendo las leyes locales. <\/p>\n\n<h2 class=\"wp-block-heading\">Redundancia<\/h2>\n\n<p>La soluci\u00f3n ofrece la m\u00e1xima resistencia, robustez y redundancia en diferentes capas para satisfacer los SLA m\u00e1s elevados. Los circuitos f\u00edsicos\/l\u00f3gicos y las sesiones de los abonados pueden distribuirse a nodos redundantes y\/o tarjetas de l\u00ednea e interfaces dentro del mismo nodo. La soluci\u00f3n incluye escenarios de alta disponibilidad con y sin estado (siempre que los admita el equipo activo).  <\/p>\n\n<h2 class=\"wp-block-heading\">Escalabilidad y Rendimiento<\/h2>\n\n<p>Aunque el n\u00famero total de abonados, los servicios asociados y la velocidad media de descarga por abonado son par\u00e1metros clave a la hora de dimensionar la soluci\u00f3n, tambi\u00e9n tenemos en cuenta otras variables (como la sobrecarga de tramas\/paquetes, las limitaciones del procesador, los requisitos de redundancia, la tasa de incorporaci\u00f3n de abonados, la calidad de servicio, etc.) para ofrecer a su base de abonados la mejor calidad de experiencia.<\/p>\n\n<p>Desde el m\u00f3dem\/enrutador residencial hasta el enrutador de intercambio de tr\u00e1fico de Internet (para el tr\u00e1fico del plano de usuario) y AAA (RADIUS), Policy Manager, DHCP y funciones como DPI (para el tr\u00e1fico de se\u00f1alizaci\u00f3n) todos y cada uno de los nodos e interfaces est\u00e1n incluidos en nuestro alcance para tener una estimaci\u00f3n precisa del rendimiento de la soluci\u00f3n, cuando se implemente y se lleve a producci\u00f3n.<\/p>\n","protected":false},"excerpt":{"rendered":"<p>La r\u00e1pida adopci\u00f3n de la televisi\u00f3n y el v\u00eddeo por Internet est\u00e1 impulsando los vol\u00famenes de tr\u00e1fico, y una parte cada vez mayor de los servicios disponibles ofrecen ya contenidos de alta definici\u00f3n. De hecho, la televisi\u00f3n y el v\u00eddeo por Internet ya representan m\u00e1s de la mitad de todo el tr\u00e1fico de Internet. Mientras &hellip; <\/p>\n<p class=\"link-more\"><a href=\"https:\/\/arkitek.net\/es\/soluciones\/telecommunicaciones\/terminacion-de-abonados-de-banda-ancha-fija\/\" class=\"more-link\">Continuar leyendo<span class=\"screen-reader-text\"> \u00abTerminaci\u00f3n de Abonados de Banda Ancha Fija\u00bb<\/span><\/a><\/p>\n","protected":false},"author":1,"featured_media":1119,"parent":416,"menu_order":2,"comment_status":"closed","ping_status":"closed","template":"","meta":{"inline_featured_image":false,"footnotes":""},"class_list":["post-664","page","type-page","status-publish","has-post-thumbnail","hentry"],"_links":{"self":[{"href":"https:\/\/arkitek.net\/es\/wp-json\/wp\/v2\/pages\/664","targetHints":{"allow":["GET"]}}],"collection":[{"href":"https:\/\/arkitek.net\/es\/wp-json\/wp\/v2\/pages"}],"about":[{"href":"https:\/\/arkitek.net\/es\/wp-json\/wp\/v2\/types\/page"}],"author":[{"embeddable":true,"href":"https:\/\/arkitek.net\/es\/wp-json\/wp\/v2\/users\/1"}],"replies":[{"embeddable":true,"href":"https:\/\/arkitek.net\/es\/wp-json\/wp\/v2\/comments?post=664"}],"version-history":[{"count":0,"href":"https:\/\/arkitek.net\/es\/wp-json\/wp\/v2\/pages\/664\/revisions"}],"up":[{"embeddable":true,"href":"https:\/\/arkitek.net\/es\/wp-json\/wp\/v2\/pages\/416"}],"wp:featuredmedia":[{"embeddable":true,"href":"https:\/\/arkitek.net\/es\/wp-json\/wp\/v2\/media\/1119"}],"wp:attachment":[{"href":"https:\/\/arkitek.net\/es\/wp-json\/wp\/v2\/media?parent=664"}],"curies":[{"name":"wp","href":"https:\/\/api.w.org\/{rel}","templated":true}]}}