
{"id":646,"date":"2024-07-01T18:15:18","date_gmt":"2024-07-01T15:15:18","guid":{"rendered":"https:\/\/new.arkitek.net\/soluciones\/telecomunicaciones\/red-troncal-de-paquetes-convergentes\/"},"modified":"2024-07-10T22:16:43","modified_gmt":"2024-07-10T19:16:43","slug":"red-troncal-de-paquetes-convergentes","status":"publish","type":"page","link":"https:\/\/arkitek.net\/es\/soluciones\/telecommunicaciones\/red-troncal-de-paquetes-convergentes\/","title":{"rendered":"Red Troncal de Paquetes Convergentes"},"content":{"rendered":"\n<p>Dados los r\u00e1pidos avances tecnol\u00f3gicos en las telecomunicaciones m\u00f3viles, nuestra visi\u00f3n de un mundo interconectado y \u00absiempre conectado\u00bb se hace realidad incluso antes de lo previsto. Las velocidades GPRS iniciales de 14,4kbps se han disparado hasta las actuales velocidades 5G de m\u00e1s de 1Gbps. Para los operadores y proveedores de servicios que puedan seguir el ritmo, estos cambios traen consigo innumerables oportunidades de ingresos, as\u00ed como muchos retos operativos.  <\/p>\n\n<p>La carrera constante por interconectar no s\u00f3lo a las personas, sino tambi\u00e9n a los objetos, desaf\u00eda los modelos de negocio tradicionales y est\u00e1 obligando a muchos proveedores de servicios a innovar constantemente para seguir siendo competitivos. A medida que el tiempo de comercializaci\u00f3n de los nuevos servicios se vuelve cr\u00edtico para aumentar la generaci\u00f3n de ingresos, los operadores se ven presionados para actualizar r\u00e1pidamente las redes. <\/p>\n\n<p>Sin el lujo del tiempo, los proveedores de servicios necesitan proveedores de equipos que puedan ofrecer soluciones de infraestructura IP probadas y verificadas que integren componentes de red y ofrezcan funciones o aplicaciones en el plazo m\u00e1s breve posible. Adem\u00e1s, con la tecnolog\u00eda evolucionando a un ritmo tan r\u00e1pido, encontrar expertos en productos altamente cualificados es todo un reto. Muchos proveedores necesitan ahora confiar en proveedores externos para que se encarguen de funciones t\u00e9cnicas como la planificaci\u00f3n, el dise\u00f1o, el despliegue y el mantenimiento de la red.  <\/p>\n\n<p>Otra realidad de esta r\u00e1pida evoluci\u00f3n es la inevitabilidad de que m\u00faltiples generaciones de tecnolog\u00edas m\u00f3viles tengan que coexistir. En un mundo en el que la conservaci\u00f3n de CAPEX y la reducci\u00f3n de OPEX son imperativas, existe una presi\u00f3n cada vez mayor sobre los proveedores para que garanticen la extensibilidad de la red con el fin de dar cabida a futuras tecnolog\u00edas. <\/p>\n\n<p>En consecuencia, los operadores necesitan una red a prueba de futuro y compatible con versiones anteriores para evitar las costosas actualizaciones de las carretillas elevadoras y el gasto que supone volver a formar continuamente al personal.<\/p>\n\n<h2 class=\"wp-block-heading\">La Soluci\u00f3n<\/h2>\n\n<p>Mientras los operadores necesitan continuamente transformar sus redes para manejar una escala masiva y adoptar un modelo operativo que respalde el r\u00e1pido despliegue de nuevos servicios, nuestras soluciones de infraestructura IP de extremo a extremo, probadas y verificadas previamente, y nuestra experiencia ayudan a que esta transformaci\u00f3n sea lo m\u00e1s fluida y eficiente posible.<\/p>\n\n<p>Nuestros profesionales de servicios profesionales han pasado miles de horas trabajando en el dise\u00f1o, planificaci\u00f3n, despliegue y mantenimiento de redes fijas, m\u00f3viles y convergentes. Cuando est\u00e9 preparado para navegar por el mundo de la r\u00e1pida evoluci\u00f3n tecnol\u00f3gica, ARK\u0130TEK es el socio ideal para ayudarle a rentabilizar su activo m\u00e1s estrat\u00e9gico: su red. <\/p>\n\n<p><strong>La Soluci\u00f3n de Red Troncal de Paquetes<\/strong> agn\u00f3stica para proveedores de ARK\u0130TEK ofrece a los operadores, proveedores de servicios y empresas de cualquier escala un proyecto s\u00f3lido para implementar una red multiservicio que sea altamente escalable, fiable y que garantice el rendimiento para voz, v\u00eddeo y datos gracias a los servicios diferenciados habilitados por QoS. La seguridad integrada proporciona una defensa en profundidad a nivel de nodo, red y aplicaci\u00f3n. <\/p>\n\n<p>La soluci\u00f3n CPBN de ARKITEK proporciona una infraestructura IP multiservicio para el n\u00facleo m\u00f3vil y las redes metropolitanas convergentes, compatible con servicios de datos en paquetes de banda ancha, Softswitching m\u00f3vil e IMS. Ofrece una fiabilidad con calidad de telecomunicaci\u00f3n y se ha desarrollado para apoyar una evoluci\u00f3n eficaz hacia todo IP. CPBN acelera el despliegue de nuevas infraestructuras IP de misi\u00f3n cr\u00edtica y minimiza los costes y riesgos de implantaci\u00f3n para un operador. El equipo de servicios profesionales de ARKITEK garantiza el \u00e9xito del dise\u00f1o, la integraci\u00f3n y la entrega de la infraestructura de red del operador, as\u00ed como servicios continuos de gesti\u00f3n y formaci\u00f3n.    <\/p>\n\n<p>La CPBN es una soluci\u00f3n de infraestructura IP multiservicio que incluye soluciones completas de conectividad para el transporte intra e intersitio, teniendo en cuenta las cuestiones de rendimiento, fiabilidad, escalabilidad, seguridad y capacidad de gesti\u00f3n. <\/p>\n\n<p>La CPBN conecta todos los nodos y servidores de la red central. Tambi\u00e9n proporciona la conectividad IP necesaria entre la red central, la red de servicios, las redes de acceso radioel\u00e9ctrico y las redes externas, como la central de itinerancia GPRS (GRX), Internet y las sedes corporativas.  <\/p>\n\n<h2 class=\"wp-block-heading\">Dise\u00f1o \u00f3ptimo de la red de transporte<\/h2>\n\n<p>El dise\u00f1o \u00f3ptimo de una red de transporte convergente debe proporcionar una capacidad de transporte eficiente y consciente del tr\u00e1fico en todo el trayecto desde la RAN IP hasta el n\u00facleo fijo\/m\u00f3vil, pasando por el backhaul m\u00f3vil y la red troncal de paquetes. Sin embargo, escalar la red backhaul m\u00f3vil supone un reto importante. Con el aumento de la velocidad de acceso de los usuarios, una red de transporte que se origina en la estaci\u00f3n base de radio y termina en el BSC o el RNC puede convertirse en un cuello de botella cr\u00edtico y denigrar la experiencia del usuario.  <\/p>\n\n<h2 class=\"wp-block-heading\">Beneficios para el operador<\/h2>\n\n<p>La soluci\u00f3n CPBN de ARKITEK presenta las siguientes ventajas clave para el operador:<\/p>\n\n<p><strong>Presta servicios fiables a los abonados.<\/strong> Cuestiones como el dise\u00f1o de redes de alta disponibilidad, el jitter, el retardo y la p\u00e9rdida de paquetes son retos importantes para la infraestructura IP, y nuestra utiliza la competencia y experiencia de ARKITEK para ofrecer servicios en tiempo real en los que un operador puede confiar.<\/p>\n\n<p><strong>Riesgo reducido.<\/strong> Dise\u00f1amos redes de paquetes desde 1999 y hemos participado en m\u00e1s de 50 despliegues de clientes en todo el mundo. Como tal, se trata de una soluci\u00f3n de referencia bien probada con servicios profesionales bien probados, que ofrece una v\u00eda de riesgo reducido para los operadores que toman el camino de la evoluci\u00f3n hacia el todo-IP, incluido el soporte para las tecnolog\u00edas modernas y la automatizaci\u00f3n. <\/p>\n\n<p><strong>Permite acelerar el tiempo de servicio y la generaci\u00f3n de ingresos.<\/strong> El dise\u00f1o de referencia fundamental de la CPBN est\u00e1 basado en normas, bien documentado y verificado. Este dise\u00f1o de confianza est\u00e1, por tanto, bien probado y proporciona tiempos de puesta en servicio m\u00e1s r\u00e1pidos porque reduce las tareas de evaluaci\u00f3n e integraci\u00f3n y los costes que se introducen cuando un operador dise\u00f1a una soluci\u00f3n a medida de varios proveedores. <\/p>\n\n<p><\/p>\n\n<p><strong>Reduce los costes de la red durante toda su vida \u00fatil y maximiza el uso de la inversi\u00f3n de capital.<\/strong> CPBN es una soluci\u00f3n a largo plazo con una migraci\u00f3n bien planificada que incluye MSS, IMS y migraci\u00f3n LTE\/EPC. Proporciona una arquitectura modular escalable y plataformas ampliables capaces de soportar grandes cargas de tr\u00e1fico para el crecimiento futuro. <\/p>\n\n<p><strong>Presta servicios diferenciados predecibles.<\/strong> Esto se aplica al tr\u00e1fico con requisitos en tiempo real (como la voz conversacional), el tr\u00e1fico de streaming, el correo electr\u00f3nico, la navegaci\u00f3n, etc. Cada uno tiene una QoS asignada y se puede prestar un servicio determinista adecuado seg\u00fan los requisitos de la aplicaci\u00f3n. <\/p>\n\n<p><strong>Proporciona una infraestructura de red segura para los operadores, los usuarios y su tr\u00e1fico.<\/strong> Se trata de una amenaza real para los operadores, sobre todo porque la infraestructura IP transporta ahora datos de facturaci\u00f3n, O&amp;M y tr\u00e1fico de se\u00f1alizaci\u00f3n. CPBN adopta un enfoque hol\u00edstico de la seguridad, examinando las amenazas procedentes de fuentes internas y externas, y elabora una soluci\u00f3n espec\u00edfica para el operador utilizando un enfoque de varias capas. <\/p>\n\n<p><strong>Permite un crecimiento escalable de peque\u00f1o a muy grande.<\/strong> CPBN utiliza una arquitectura escalable que emplea tipos de emplazamientos predefinidos, soluciones modulares y plataformas de elementos de red escalables para producir una arquitectura de red capaz de crecer para adaptarse al crecimiento del n\u00famero de abonados y del tr\u00e1fico.<\/p>\n\n<h3 class=\"wp-block-heading\">Reducir la rotaci\u00f3n de abonados<\/h3>\n\n<p class=\"has-pale-cyan-blue-background-color has-background\">El objetivo central de la mayor\u00eda de las estrategias empresariales es reducir la fuga de usuarios y aumentar el ARPU. Dado que los abonados tienen muchas opciones, la clave para retener a los usuarios ha sido proporcionarles servicios personalizados y de calidad superior de forma constante. Ofrecer una alta calidad de experiencia (QoE) requiere una red de transporte convergente que est\u00e9 dise\u00f1ada para adaptarse a la evoluci\u00f3n de las tecnolog\u00edas y al aumento del tr\u00e1fico de usuarios. Los proveedores de servicios tambi\u00e9n necesitan garantizar un uso justo de la red y conservar la capacidad de cobrar precios m\u00e1s altos por servicios premium que garanticen los niveles de servicio y la fiabilidad.   <\/p>\n\n<h2 class=\"wp-block-heading\"><a href=\"https:\/\/new.arkitek.net\/en\/services\/\" data-type=\"page\" data-id=\"74\">Servicios Profesionales<\/a><\/h2>\n\n<p>Hay disponibles <a href=\"https:\/\/new.arkitek.net\/en\/services\/\" data-type=\"page\" data-id=\"74\">servicios profesionales<\/a> complementarios para aumentar el dise\u00f1o de la soluci\u00f3n CPBN, facilitar el despliegue de la red y gestionar el funcionamiento en servicio.<\/p>\n\n<p>Mediante el uso de profesionales con experiencia y conocimientos, ARKITEK es capaz de personalizar e implementar una nueva infraestructura IP b\u00e1sica m\u00f3vil de acuerdo con los requisitos espec\u00edficos del operador. ARKITEK proporciona servicios de consultor\u00eda t\u00e9cnica y de negocio, para todos los aspectos del dise\u00f1o de redes y servicios, implementaci\u00f3n y soporte de red en servicio, incluyendo el completo y proactivo \u00abSoporte a nivel de soluci\u00f3n\u00bb.  <\/p>\n\n<p>La implantaci\u00f3n de la soluci\u00f3n CPBN puede suponer un ahorro sustancial. Esto se consigue si se compara con el enfoque alternativo, que suele darse cuando se utilizan recursos internos para dise\u00f1ar e integrar una soluci\u00f3n fragmentaria basada en la oferta de varios proveedores. Un enfoque de este tipo inmoviliza semanas y meses de recursos internos, introduce muchos riesgos asociados a la ampliaci\u00f3n, la migraci\u00f3n y el soporte de la soluci\u00f3n de red fragmentaria. En \u00faltima instancia, usted gasta m\u00e1s, aumenta el riesgo y tarda m\u00e1s en poner la red en servicio en comparaci\u00f3n con la implantaci\u00f3n de la soluci\u00f3n CPBN de ARKITEK.    <\/p>\n\n<p>Las ofertas de <a href=\"https:\/\/new.arkitek.net\/en\/services\/\" data-type=\"page\" data-id=\"74\">servicios profesionales de ARKITEK<\/a> se agrupan en cinco clasificaciones: \u00ab<a href=\"https:\/\/new.arkitek.net\/en\/services\/#Consultancy\" data-type=\"page\" data-id=\"74\">Consultor\u00eda<\/a>\u00ab, \u00ab<a href=\"https:\/\/new.arkitek.net\/en\/services\/#Systems-Integration\" data-type=\"page\" data-id=\"74\">Integraci\u00f3n de sistemas<\/a>\u00ab, \u00ab<a href=\"https:\/\/new.arkitek.net\/en\/services\/#Custom-Development\" data-type=\"page\" data-id=\"74\">Desarrollo a medida<\/a>\u00ab, \u00ab<a href=\"https:\/\/new.arkitek.net\/en\/services\/#Application-And-Software-Testing\" data-type=\"page\" data-id=\"74\">Pruebas de aplicaciones y software<\/a>\u00bb y \u00ab<a href=\"https:\/\/new.arkitek.net\/en\/services\/#Engineering-Services\" data-type=\"page\" data-id=\"74\">Servicios de ingenier\u00eda<\/a>\u00ab. Estos proporcionan experiencia y garant\u00eda durante toda la vida \u00fatil de los requisitos de aplicaciones y redes, desde la auditor\u00eda y la propuesta, pasando por la implementaci\u00f3n y el soporte a nivel de soluci\u00f3n, hasta la gesti\u00f3n del crecimiento y la migraci\u00f3n. ARKITEK cuenta con una amplia experiencia en la prestaci\u00f3n de estos servicios, y sus clientes abarcan todo el planeta e incluyen a muchas de las principales empresas del mundo. <\/p>\n","protected":false},"excerpt":{"rendered":"<p>Dados los r\u00e1pidos avances tecnol\u00f3gicos en las telecomunicaciones m\u00f3viles, nuestra visi\u00f3n de un mundo interconectado y \u00absiempre conectado\u00bb se hace realidad incluso antes de lo previsto. Las velocidades GPRS iniciales de 14,4kbps se han disparado hasta las actuales velocidades 5G de m\u00e1s de 1Gbps. Para los operadores y proveedores de servicios que puedan seguir el &hellip; <\/p>\n<p class=\"link-more\"><a href=\"https:\/\/arkitek.net\/es\/soluciones\/telecommunicaciones\/red-troncal-de-paquetes-convergentes\/\" class=\"more-link\">Continuar leyendo<span class=\"screen-reader-text\"> \u00abRed Troncal de Paquetes Convergentes\u00bb<\/span><\/a><\/p>\n","protected":false},"author":1,"featured_media":1119,"parent":416,"menu_order":1,"comment_status":"closed","ping_status":"closed","template":"","meta":{"inline_featured_image":false,"footnotes":""},"class_list":["post-646","page","type-page","status-publish","has-post-thumbnail","hentry"],"_links":{"self":[{"href":"https:\/\/arkitek.net\/es\/wp-json\/wp\/v2\/pages\/646","targetHints":{"allow":["GET"]}}],"collection":[{"href":"https:\/\/arkitek.net\/es\/wp-json\/wp\/v2\/pages"}],"about":[{"href":"https:\/\/arkitek.net\/es\/wp-json\/wp\/v2\/types\/page"}],"author":[{"embeddable":true,"href":"https:\/\/arkitek.net\/es\/wp-json\/wp\/v2\/users\/1"}],"replies":[{"embeddable":true,"href":"https:\/\/arkitek.net\/es\/wp-json\/wp\/v2\/comments?post=646"}],"version-history":[{"count":0,"href":"https:\/\/arkitek.net\/es\/wp-json\/wp\/v2\/pages\/646\/revisions"}],"up":[{"embeddable":true,"href":"https:\/\/arkitek.net\/es\/wp-json\/wp\/v2\/pages\/416"}],"wp:featuredmedia":[{"embeddable":true,"href":"https:\/\/arkitek.net\/es\/wp-json\/wp\/v2\/media\/1119"}],"wp:attachment":[{"href":"https:\/\/arkitek.net\/es\/wp-json\/wp\/v2\/media?parent=646"}],"curies":[{"name":"wp","href":"https:\/\/api.w.org\/{rel}","templated":true}]}}