
{"id":587,"date":"2024-07-01T17:58:17","date_gmt":"2024-07-01T14:58:17","guid":{"rendered":"https:\/\/new.arkitek.net\/avisos-legales\/"},"modified":"2024-07-10T13:24:29","modified_gmt":"2024-07-10T10:24:29","slug":"legal","status":"publish","type":"page","link":"https:\/\/arkitek.net\/es\/legal\/","title":{"rendered":"Avisos Legales"},"content":{"rendered":"\n<h2 class=\"wp-block-heading\"><a href=\"https:\/\/arkitek.net\/es\/legal\/condiciones-del-servicio\/\" data-type=\"page\" data-id=\"52\">Condiciones del Servicio<\/a><\/h2>\n\n<p>Estos T\u00e9rminos rigen su acceso y uso del Sitio, y cualquier servicio proporcionado a trav\u00e9s del Sitio, y constituyen un acuerdo legal vinculante entre usted y ARKITEK Telekom\u00fcnikasyon A.\u015e.<\/p>\n\n<h2 class=\"wp-block-heading\"><a href=\"https:\/\/arkitek.net\/es\/legal\/politica-de-privacidad\/\" data-type=\"page\" data-id=\"783\">Pol\u00edtica de Privacidad<\/a><\/h2>\n\n<p>ARKITEK Telekom\u00fcnikasyon A.\u015e. proporciona esta Pol\u00edtica de Privacidad para informar a los usuarios de nuestras pol\u00edticas y procedimientos relativos a la recopilaci\u00f3n, uso y divulgaci\u00f3n de la informaci\u00f3n de identificaci\u00f3n personal recibida de los usuarios de este sitio web ubicado en <a href=\"https:\/\/arkitek.net\">arkitek.net<\/a>. Tenga en cuenta que esta Pol\u00edtica de Privacidad s\u00f3lo se aplica a este Sitio. Esta Pol\u00edtica de Privacidad puede ser actualizada de vez en cuando por cualquier motivo. Le notificaremos cualquier cambio sustancial en nuestra Pol\u00edtica de Privacidad publicando la nueva Pol\u00edtica de Privacidad en nuestro Sitio.  <\/p>\n\n<h2 class=\"wp-block-heading\"><a href=\"https:\/\/arkitek.net\/es\/legal\/politica-de-cookies\/\" data-type=\"page\" data-id=\"54\">Pol\u00edtica de Cookies<\/a><\/h2>\n\n<p>ARKITEK Telekom\u00fcnikasyon A.\u015e. (\u00abnosotros\u00bb) ha publicado esta Pol\u00edtica de Cookies para describir la forma en que utilizamos las cookies y otras tecnolog\u00edas como p\u00edxeles, etiquetas y balizas en nuestro sitio web.<\/p>\n","protected":false},"excerpt":{"rendered":"<p>Condiciones del Servicio Estos T\u00e9rminos rigen su acceso y uso del Sitio, y cualquier servicio proporcionado a trav\u00e9s del Sitio, y constituyen un acuerdo legal vinculante entre usted y ARKITEK Telekom\u00fcnikasyon A.\u015e. Pol\u00edtica de Privacidad ARKITEK Telekom\u00fcnikasyon A.\u015e. proporciona esta Pol\u00edtica de Privacidad para informar a los usuarios de nuestras pol\u00edticas y procedimientos relativos a &hellip; <\/p>\n<p class=\"link-more\"><a href=\"https:\/\/arkitek.net\/es\/legal\/\" class=\"more-link\">Continuar leyendo<span class=\"screen-reader-text\"> \u00abAvisos Legales\u00bb<\/span><\/a><\/p>\n","protected":false},"author":1,"featured_media":1079,"parent":0,"menu_order":0,"comment_status":"closed","ping_status":"closed","template":"","meta":{"inline_featured_image":false,"footnotes":""},"class_list":["post-587","page","type-page","status-publish","has-post-thumbnail","hentry"],"_links":{"self":[{"href":"https:\/\/arkitek.net\/es\/wp-json\/wp\/v2\/pages\/587","targetHints":{"allow":["GET"]}}],"collection":[{"href":"https:\/\/arkitek.net\/es\/wp-json\/wp\/v2\/pages"}],"about":[{"href":"https:\/\/arkitek.net\/es\/wp-json\/wp\/v2\/types\/page"}],"author":[{"embeddable":true,"href":"https:\/\/arkitek.net\/es\/wp-json\/wp\/v2\/users\/1"}],"replies":[{"embeddable":true,"href":"https:\/\/arkitek.net\/es\/wp-json\/wp\/v2\/comments?post=587"}],"version-history":[{"count":0,"href":"https:\/\/arkitek.net\/es\/wp-json\/wp\/v2\/pages\/587\/revisions"}],"wp:featuredmedia":[{"embeddable":true,"href":"https:\/\/arkitek.net\/es\/wp-json\/wp\/v2\/media\/1079"}],"wp:attachment":[{"href":"https:\/\/arkitek.net\/es\/wp-json\/wp\/v2\/media?parent=587"}],"curies":[{"name":"wp","href":"https:\/\/api.w.org\/{rel}","templated":true}]}}