
{"id":416,"date":"2024-07-01T18:13:15","date_gmt":"2024-07-01T15:13:15","guid":{"rendered":"https:\/\/new.arkitek.net\/soluciones\/telecomunicaciones\/"},"modified":"2024-07-10T22:04:16","modified_gmt":"2024-07-10T19:04:16","slug":"telecommunicaciones","status":"publish","type":"page","link":"https:\/\/arkitek.net\/es\/soluciones\/telecommunicaciones\/","title":{"rendered":"Telecomunicaciones"},"content":{"rendered":"\n<p>Las soluciones de telecomunicaciones de ARKITEK s\u00ed proporcionan soluciones de infraestructura IP para toda la red del operador o de la empresa &#8211; cualquier tama\u00f1o, cualquier servicio &#8211; pila completa. Dise\u00f1adas, probadas, verificadas y optimizadas, todas las soluciones de telecomunicaciones s\u00ed comparten el m\u00e1ximo nivel de rendimiento, fiabilidad, escalabilidad, evoluci\u00f3n y coste optimizado. Desde el terminal del usuario final hasta Internet, y para todo lo que hay en medio, con nosotros est\u00e1 cubierto.  <\/p>\n\n<hr class=\"wp-block-separator has-css-opacity\"\/>\n\n<h2 class=\"wp-block-heading\"><a href=\"https:\/\/arkitek.net\/es\/soluciones\/telecommunicaciones\/red-troncal-de-paquetes-convergentes\/\" data-type=\"page\" data-id=\"60\">Red Troncal Convergente de Paquetes IP<\/a><\/h2>\n\n<p><a href=\"https:\/\/arkitek.net\/es\/soluciones\/telecommunicaciones\/red-troncal-de-paquetes-convergentes\/\" data-type=\"page\" data-id=\"60\">La soluci\u00f3n de red troncal de paquetes<\/a> de ARKITEK proporciona, en el nivel m\u00e1s fundamental, conectividad inter e intrasitios y transporte de paquetes para todo el tr\u00e1fico de conmutaci\u00f3n de paquetes y circuitos, se\u00f1alizaci\u00f3n, gesti\u00f3n de red y datos de tarificaci\u00f3n en una red comercial. Esta infraestructura IP multiservicio independiente del proveedor conecta la red central con las redes de acceso, la red de servicios, los centros de datos, los sistemas de tarificaci\u00f3n, Internet, los operadores hom\u00f3logos y las redes corporativas.<\/p>\n\n<p class=\"more-link\"><a href=\"https:\/\/arkitek.net\/es\/soluciones\/telecommunicaciones\/red-troncal-de-paquetes-convergentes\/\" data-type=\"page\" data-id=\"60\">M\u00e1s informaci\u00f3n<\/a>&#8230;<\/p>\n\n<h2 class=\"wp-block-heading\"><a href=\"https:\/\/arkitek.net\/es\/soluciones\/telecommunicaciones\/terminacion-de-abonados-de-banda-ancha-fija\/\" data-type=\"page\" data-id=\"62\">Terminaci\u00f3n de Abonados de Banda Ancha Fija<\/a><\/h2>\n\n<p><a href=\"https:\/\/arkitek.net\/es\/soluciones\/telecommunicaciones\/terminacion-de-abonados-de-banda-ancha-fija\/\" data-type=\"page\" data-id=\"62\">La soluci\u00f3n de arquitectura de terminaci\u00f3n PPP (PTA)<\/a> ofrece a los proveedores de servicios de Internet de banda ancha fija un plan para implantar, optimizar y hacer crecer de forma r\u00e1pida y eficaz su infraestructura propia o compartida, siempre de conformidad con las normas del sector, las normativas locales y las mejores pr\u00e1cticas e implantaciones.<\/p>\n\n<p class=\"more-link\"><a href=\"https:\/\/arkitek.net\/es\/soluciones\/telecommunicaciones\/terminacion-de-abonados-de-banda-ancha-fija\/\" data-type=\"page\" data-id=\"62\">M\u00e1s informaci\u00f3n<\/a>&#8230;<\/p>\n\n<h2 class=\"wp-block-heading\"><a href=\"https:\/\/arkitek.net\/es\/soluciones\/telecommunicaciones\/migracion-ipv6\/\" data-type=\"page\" data-id=\"64\">Migraci\u00f3n IPv6<\/a><\/h2>\n\n<p>La <a href=\"https:\/\/arkitek.net\/es\/soluciones\/telecommunicaciones\/migracion-ipv6\/\" data-type=\"page\" data-id=\"64\">soluci\u00f3n\/servicio de transici\u00f3n a IPv6<\/a> de ARKITEK ofrece a los operadores de red una forma de introducir IPv6 en la red sin problemas, empezando por identificar el delta entre el estado actual de su red y la posici\u00f3n deseada, definir una estrategia de transici\u00f3n y un an\u00e1lisis de impacto, planificar la migraci\u00f3n y, por \u00faltimo, en un enfoque gradual, habilitar nuevos servicios basados en IPv6 seg\u00fan lo requiera su negocio.<\/p>\n\n<p class=\"more-link\"><a href=\"https:\/\/arkitek.net\/es\/soluciones\/telecommunicaciones\/migracion-ipv6\/\" data-type=\"page\" data-id=\"64\">M\u00e1s informaci\u00f3n<\/a>&#8230;<\/p>\n\n<h2 class=\"wp-block-heading\"><a href=\"https:\/\/arkitek.net\/es\/soluciones\/telecommunicaciones\/red-privada-virtual-vpn\/\" data-type=\"page\" data-id=\"66\">VPN<\/a><\/h2>\n\n<p><a href=\"https:\/\/arkitek.net\/es\/soluciones\/telecommunicaciones\/red-privada-virtual-vpn\/\" data-type=\"page\" data-id=\"66\">La soluci\u00f3n de red privada virtual (VPN)<\/a> de ARKITEK ofrece a las empresas de cualquier escala interconectar de forma segura redes f\u00edsicas distribuidas geogr\u00e1ficamente a trav\u00e9s de la infraestructura p\u00fablica de Internet, permitiendo siempre a los miembros del personal acceder a los recursos de la red corporativa desde fuera de la oficina, incluso trabajando desde casa o desde ubicaciones wi-fi p\u00fablicas, de la forma m\u00e1s segura.<\/p>\n\n<p class=\"more-link\"><a href=\"https:\/\/arkitek.net\/es\/soluciones\/telecommunicaciones\/red-privada-virtual-vpn\/\" data-type=\"page\" data-id=\"66\">M\u00e1s informaci\u00f3n&#8230;<\/a><\/p>\n\n<h2 class=\"wp-block-heading\"><a href=\"https:\/\/arkitek.net\/es\/soluciones\/telecommunicaciones\/nat-de-grado-portador\/\" data-type=\"page\" data-id=\"68\">NAT de Grado-Portador<\/a><\/h2>\n\n<p><a href=\"https:\/\/arkitek.net\/es\/soluciones\/telecommunicaciones\/nat-de-grado-portador\/\" data-type=\"page\" data-id=\"68\">La soluci\u00f3n Carrier-Grade Network Address Translation (CGNAT)<\/a> de ARKITEK ofrece a los operadores comerciales y a las grandes empresas la posibilidad de conservar y utilizar eficazmente su espacio de direcciones IPv4 hasta o durante la migraci\u00f3n a IPv6 de la forma m\u00e1s directa y eficaz.<\/p>\n\n<p class=\"more-link\"><a href=\"https:\/\/arkitek.net\/es\/soluciones\/telecommunicaciones\/nat-de-grado-portador\/\" data-type=\"page\" data-id=\"68\">M\u00e1s informaci\u00f3n&#8230;<\/a><\/p>\n","protected":false},"excerpt":{"rendered":"<p>Las soluciones de telecomunicaciones de ARKITEK s\u00ed proporcionan soluciones de infraestructura IP para toda la red del operador o de la empresa &#8211; cualquier tama\u00f1o, cualquier servicio &#8211; pila completa. Dise\u00f1adas, probadas, verificadas y optimizadas, todas las soluciones de telecomunicaciones s\u00ed comparten el m\u00e1ximo nivel de rendimiento, fiabilidad, escalabilidad, evoluci\u00f3n y coste optimizado. Desde el &hellip; <\/p>\n<p class=\"link-more\"><a href=\"https:\/\/arkitek.net\/es\/soluciones\/telecommunicaciones\/\" class=\"more-link\">Continuar leyendo<span class=\"screen-reader-text\"> \u00abTelecomunicaciones\u00bb<\/span><\/a><\/p>\n","protected":false},"author":1,"featured_media":1119,"parent":400,"menu_order":1,"comment_status":"closed","ping_status":"closed","template":"","meta":{"inline_featured_image":false,"footnotes":""},"class_list":["post-416","page","type-page","status-publish","has-post-thumbnail","hentry"],"_links":{"self":[{"href":"https:\/\/arkitek.net\/es\/wp-json\/wp\/v2\/pages\/416","targetHints":{"allow":["GET"]}}],"collection":[{"href":"https:\/\/arkitek.net\/es\/wp-json\/wp\/v2\/pages"}],"about":[{"href":"https:\/\/arkitek.net\/es\/wp-json\/wp\/v2\/types\/page"}],"author":[{"embeddable":true,"href":"https:\/\/arkitek.net\/es\/wp-json\/wp\/v2\/users\/1"}],"replies":[{"embeddable":true,"href":"https:\/\/arkitek.net\/es\/wp-json\/wp\/v2\/comments?post=416"}],"version-history":[{"count":0,"href":"https:\/\/arkitek.net\/es\/wp-json\/wp\/v2\/pages\/416\/revisions"}],"up":[{"embeddable":true,"href":"https:\/\/arkitek.net\/es\/wp-json\/wp\/v2\/pages\/400"}],"wp:featuredmedia":[{"embeddable":true,"href":"https:\/\/arkitek.net\/es\/wp-json\/wp\/v2\/media\/1119"}],"wp:attachment":[{"href":"https:\/\/arkitek.net\/es\/wp-json\/wp\/v2\/media?parent=416"}],"curies":[{"name":"wp","href":"https:\/\/api.w.org\/{rel}","templated":true}]}}