
{"id":400,"date":"2024-07-01T18:12:06","date_gmt":"2024-07-01T15:12:06","guid":{"rendered":"https:\/\/new.arkitek.net\/soluciones\/"},"modified":"2024-07-10T21:54:06","modified_gmt":"2024-07-10T18:54:06","slug":"soluciones","status":"publish","type":"page","link":"https:\/\/arkitek.net\/es\/soluciones\/","title":{"rendered":"Soluciones"},"content":{"rendered":"\n<p>Con m\u00e1s de 20 a\u00f1os de experiencia pr\u00e1ctica en la planificaci\u00f3n, el dise\u00f1o y la implantaci\u00f3n de soluciones inform\u00e1ticas y de telecomunicaciones de grado telco para operadores comerciales, las mayores empresas y organismos gubernamentales de todo el mundo; estamos orgullosos de ofrecer nuestra cartera de soluciones a cualquier cliente a cualquier escala, en todo el mundo. <\/p>\n\n<p>Nuestras soluciones se adaptan espec\u00edficamente para resolver problemas concretos y\/o abordar requisitos, lo que supone un valor a\u00f1adido en t\u00e9rminos de mayor fiabilidad, menor riesgo, costes reducidos y una introducci\u00f3n m\u00e1s r\u00e1pida en el mercado.<\/p>\n\n<h2 class=\"wp-block-heading\"><a href=\"https:\/\/arkitek.net\/es\/soluciones\/software\/\" data-type=\"page\" data-id=\"70\">Soluciones de Aplicaci\u00f3n<\/a><\/h2>\n\n<p>Las soluciones de aplicaci\u00f3n de ARKITEK se basan en un marco desarrollado internamente, flexible y nativo de la nube y sus clientes, que funcionan en perfecta armon\u00eda y proporcionan un entorno fiable para implementar eficazmente los requisitos del cliente, los flujos de trabajo y la interfaz de usuario.<\/p>\n\n<p>El sistema modular le permite a\u00f1adir caracter\u00edsticas y funcionalidades a medida que se ampl\u00edan sus necesidades, mientras que nosotros mantenemos el marco y sus componentes principales siempre en la mejor forma como parte de nuestra gesti\u00f3n del ciclo de vida y actualizados con la \u00faltima tecnolog\u00eda y las mejores pr\u00e1cticas como parte de nuestras hojas de ruta de soluciones\/productos.<\/p>\n\n<p class=\"more-link\"><a href=\"https:\/\/arkitek.net\/es\/soluciones\/software\/\" data-type=\"page\" data-id=\"70\">M\u00e1s informaci\u00f3n<\/a>&#8230;<\/p>\n\n<h2 class=\"wp-block-heading\"><a href=\"https:\/\/arkitek.net\/es\/soluciones\/telecommunicaciones\/\" data-type=\"page\" data-id=\"58\">Telecomunicaciones<\/a><\/h2>\n\n<p>Las soluciones de telecomunicaciones de ARKITEK s\u00ed proporcionan soluciones de infraestructura IP para toda la red del operador o de la empresa &#8211; cualquier tama\u00f1o, cualquier servicio &#8211; pila completa. Dise\u00f1adas, probadas, verificadas y optimizadas, todas las soluciones de telecomunicaciones s\u00ed comparten el m\u00e1ximo nivel de rendimiento, fiabilidad, escalabilidad, evoluci\u00f3n y coste optimizado. <\/p>\n\n<p class=\"more-link\"><a href=\"https:\/\/arkitek.net\/es\/soluciones\/telecommunicaciones\/\" data-type=\"page\" data-id=\"58\">M\u00e1s informaci\u00f3n<\/a>&#8230;<\/p>\n\n<h2 class=\"wp-block-heading\">Computaci\u00f3n en Nube, Redes y Almacenamiento<\/h2>\n\n<p>La computaci\u00f3n en nube es cada vez m\u00e1s popular y ofrece ventajas t\u00e9cnicas, operativas y comerciales para empresas de cualquier tama\u00f1o; ARKITEK se complace en ampliar sus soluciones para ayudarle a migrar a la nube.<\/p>\n","protected":false},"excerpt":{"rendered":"<p>Con m\u00e1s de 20 a\u00f1os de experiencia pr\u00e1ctica en la planificaci\u00f3n, el dise\u00f1o y la implantaci\u00f3n de soluciones inform\u00e1ticas y de telecomunicaciones de grado telco para operadores comerciales, las mayores empresas y organismos gubernamentales de todo el mundo; estamos orgullosos de ofrecer nuestra cartera de soluciones a cualquier cliente a cualquier escala, en todo el &hellip; <\/p>\n<p class=\"link-more\"><a href=\"https:\/\/arkitek.net\/es\/soluciones\/\" class=\"more-link\">Continuar leyendo<span class=\"screen-reader-text\"> \u00abSoluciones\u00bb<\/span><\/a><\/p>\n","protected":false},"author":1,"featured_media":1129,"parent":0,"menu_order":0,"comment_status":"closed","ping_status":"closed","template":"","meta":{"inline_featured_image":false,"footnotes":""},"class_list":["post-400","page","type-page","status-publish","has-post-thumbnail","hentry"],"_links":{"self":[{"href":"https:\/\/arkitek.net\/es\/wp-json\/wp\/v2\/pages\/400","targetHints":{"allow":["GET"]}}],"collection":[{"href":"https:\/\/arkitek.net\/es\/wp-json\/wp\/v2\/pages"}],"about":[{"href":"https:\/\/arkitek.net\/es\/wp-json\/wp\/v2\/types\/page"}],"author":[{"embeddable":true,"href":"https:\/\/arkitek.net\/es\/wp-json\/wp\/v2\/users\/1"}],"replies":[{"embeddable":true,"href":"https:\/\/arkitek.net\/es\/wp-json\/wp\/v2\/comments?post=400"}],"version-history":[{"count":0,"href":"https:\/\/arkitek.net\/es\/wp-json\/wp\/v2\/pages\/400\/revisions"}],"wp:featuredmedia":[{"embeddable":true,"href":"https:\/\/arkitek.net\/es\/wp-json\/wp\/v2\/media\/1129"}],"wp:attachment":[{"href":"https:\/\/arkitek.net\/es\/wp-json\/wp\/v2\/media?parent=400"}],"curies":[{"name":"wp","href":"https:\/\/api.w.org\/{rel}","templated":true}]}}