
{"id":373,"date":"2024-07-01T18:27:04","date_gmt":"2024-07-01T15:27:04","guid":{"rendered":"https:\/\/new.arkitek.net\/software\/"},"modified":"2024-07-10T21:57:58","modified_gmt":"2024-07-10T18:57:58","slug":"software","status":"publish","type":"page","link":"https:\/\/arkitek.net\/es\/soluciones\/software\/","title":{"rendered":"Software"},"content":{"rendered":"\n<p>Las soluciones de aplicaci\u00f3n de ARKITEK se basan en un marco desarrollado internamente, flexible y nativo de la nube y sus clientes, que funcionan en perfecta armon\u00eda y proporcionan un entorno fiable para implementar eficazmente los requisitos del cliente, los flujos de trabajo y la interfaz de usuario. Esto proporciona cualquier funcionalidad cr\u00edtica para el negocio para cualquier proyecto de cualquier tama\u00f1o. <\/p>\n\n<p>El sistema modular le permite a\u00f1adir caracter\u00edsticas y funcionalidades a medida que se ampl\u00edan sus necesidades, mientras que nosotros mantenemos el marco y sus componentes principales siempre en la mejor forma como parte de nuestra gesti\u00f3n del ciclo de vida y actualizados con la \u00faltima tecnolog\u00eda y las mejores pr\u00e1cticas como parte de nuestras hojas de ruta de soluciones\/productos.<\/p>\n\n<p>Dise\u00f1adas, probadas, verificadas y optimizadas, todas las soluciones comparten el m\u00e1ximo nivel de rendimiento, fiabilidad, escalabilidad y coste optimizado, para respaldar sus necesidades empresariales, operativas y presupuestarias.<\/p>\n\n<hr class=\"wp-block-separator has-css-opacity\"\/>\n\n<h2 class=\"wp-block-heading\">Aplicaciones Web<\/h2>\n\n<p>El marco interno nativo en la nube de ARKITEK potencia los portales corporativos, empresariales, de comercio electr\u00f3nico y de marketing. Alojado en su proveedor de infraestructura en la nube preferido, escalable seg\u00fan sus necesidades de tr\u00e1fico, agilizamos su forma de trabajar e interactuar con su p\u00fablico en la red mundial. <\/p>\n\n<h2 class=\"wp-block-heading\">Aplicaciones M\u00f3viles<\/h2>\n\n<p>Las aplicaciones m\u00f3viles dise\u00f1adas y desarrolladas por ARKITEK proporcionan la m\u00e1xima funcionalidad, flexibilidad y facilidad de uso; aprovechando al m\u00e1ximo los recursos de hardware y los perif\u00e9ricos del terminal del usuario final (smartphones y tabletas). Estas aplicaciones superan las limitaciones de los navegadores de Internet y proporcionan una experiencia de usuario inigualable.  <\/p>\n\n<h2 class=\"wp-block-heading\">Aplicaciones de Red<\/h2>\n\n<p>Aprovechando la amplia trayectoria y experiencia de ARKITEK en soluciones tanto de telecomunicaciones como de software, nuestras soluciones de aplicaciones de red de alta disponibilidad y escalabilidad cumplir\u00edan y superar\u00edan los requisitos m\u00e1s estrictos de los exigentes operadores de redes de telecomunicaciones, con un control total sobre el tr\u00e1fico de se\u00f1alizaci\u00f3n y del plano de usuario, la automatizaci\u00f3n y la supervisi\u00f3n.<\/p>\n","protected":false},"excerpt":{"rendered":"<p>Las soluciones de aplicaci\u00f3n de ARKITEK se basan en un marco desarrollado internamente, flexible y nativo de la nube y sus clientes, que funcionan en perfecta armon\u00eda y proporcionan un entorno fiable para implementar eficazmente los requisitos del cliente, los flujos de trabajo y la interfaz de usuario. Esto proporciona cualquier funcionalidad cr\u00edtica para el &hellip; <\/p>\n<p class=\"link-more\"><a href=\"https:\/\/arkitek.net\/es\/soluciones\/software\/\" class=\"more-link\">Continuar leyendo<span class=\"screen-reader-text\"> \u00abSoftware\u00bb<\/span><\/a><\/p>\n","protected":false},"author":1,"featured_media":1129,"parent":400,"menu_order":2,"comment_status":"closed","ping_status":"closed","template":"","meta":{"inline_featured_image":false,"footnotes":""},"class_list":["post-373","page","type-page","status-publish","has-post-thumbnail","hentry"],"_links":{"self":[{"href":"https:\/\/arkitek.net\/es\/wp-json\/wp\/v2\/pages\/373","targetHints":{"allow":["GET"]}}],"collection":[{"href":"https:\/\/arkitek.net\/es\/wp-json\/wp\/v2\/pages"}],"about":[{"href":"https:\/\/arkitek.net\/es\/wp-json\/wp\/v2\/types\/page"}],"author":[{"embeddable":true,"href":"https:\/\/arkitek.net\/es\/wp-json\/wp\/v2\/users\/1"}],"replies":[{"embeddable":true,"href":"https:\/\/arkitek.net\/es\/wp-json\/wp\/v2\/comments?post=373"}],"version-history":[{"count":0,"href":"https:\/\/arkitek.net\/es\/wp-json\/wp\/v2\/pages\/373\/revisions"}],"up":[{"embeddable":true,"href":"https:\/\/arkitek.net\/es\/wp-json\/wp\/v2\/pages\/400"}],"wp:featuredmedia":[{"embeddable":true,"href":"https:\/\/arkitek.net\/es\/wp-json\/wp\/v2\/media\/1129"}],"wp:attachment":[{"href":"https:\/\/arkitek.net\/es\/wp-json\/wp\/v2\/media?parent=373"}],"curies":[{"name":"wp","href":"https:\/\/api.w.org\/{rel}","templated":true}]}}