
{"id":360,"date":"2024-07-01T18:30:57","date_gmt":"2024-07-01T15:30:57","guid":{"rendered":"https:\/\/new.arkitek.net\/servicios-profesionales\/"},"modified":"2024-07-08T21:18:17","modified_gmt":"2024-07-08T18:18:17","slug":"servicios","status":"publish","type":"page","link":"https:\/\/arkitek.net\/es\/servicios\/","title":{"rendered":"Servicios Profesionales"},"content":{"rendered":"\n<p>Con m\u00e1s de 20 a\u00f1os de experiencia pr\u00e1ctica en la planificaci\u00f3n, el dise\u00f1o y la implantaci\u00f3n de soluciones inform\u00e1ticas y de telecomunicaciones de grado telco para operadores comerciales, grandes empresas y organismos gubernamentales de todo el mundo, estamos orgullosos de ofrecer nuestra cartera de servicios a cualquier cliente a cualquier escala, en todo el mundo. Ya se trate de consultor\u00eda para un compromiso de preventa o de servicios profesionales para un proyecto de entrega\/integraci\u00f3n, recorremos la milla extra con usted. <\/p>\n\n<p>La oferta de servicios de ARKITEK se agrupa en cinco clasificaciones: \u00ab<a href=\"#Consultancy\">Consultor\u00eda<\/a>\u00ab, \u00ab<a href=\"#Systems-Integration\">Integraci\u00f3n de sistemas<\/a>\u00ab, \u00ab<a href=\"#Custom-Development\">Desarrollo a medida<\/a>\u00ab, \u00ab<a href=\"#Application-and-Software-Testing\">Pruebas de aplicaciones y software<\/a>\u00bb y \u00ab<a href=\"#Engineering-Services\">Servicios de ingenier\u00eda<\/a>\u00ab. Estos proporcionan experiencia y garant\u00eda durante toda la vida \u00fatil de los requisitos de aplicaciones y redes, desde la auditor\u00eda y la propuesta, pasando por la implementaci\u00f3n y el soporte a nivel de soluci\u00f3n, hasta la gesti\u00f3n del crecimiento y la migraci\u00f3n. ARKITEK cuenta con una amplia experiencia en la prestaci\u00f3n de estos servicios, y sus clientes abarcan todo el planeta e incluyen a muchas de las principales empresas del mundo. <\/p>\n\n<h2 class=\"wp-block-heading\" id=\"Consultancy\">Consultor\u00eda<\/h2>\n\n<p>Equipados con conocimientos t\u00e9cnicos agn\u00f3sticos respecto a los proveedores, metodolog\u00edas probadas, experiencia y disciplina, trabajamos con usted para crear\/implantar estrategias, alcanzar objetivos, cumplir plazos, mitigar\/transferir riesgos, todos ellos aspectos indiscutibles de cualquier empresa de nuestro sector, todos ellos cr\u00edticos para su rentabilidad.<\/p>\n\n<p class=\"more-link\"><a href=\"https:\/\/arkitek.net\/es\/contacto\/\">Contacte con nosotros<\/a>&#8230;<\/p>\n\n<h2 class=\"wp-block-heading\" id=\"Systems-Integration\">Integraci\u00f3n de Sistemas<\/h2>\n\n<p>Todos y cada uno de los proyectos de integraci\u00f3n de redes o sistemas tienen sus retos y su ejecuci\u00f3n tendr\u00e1 un enorme efecto en los plazos y el \u00e9xito del proyecto. Podemos aportar la competencia adecuada para garantizar su \u00e9xito y la satisfacci\u00f3n del cliente. <\/p>\n\n<p class=\"more-link\"><a href=\"https:\/\/arkitek.net\/es\/contacto\/\">Contacte con nosotros<\/a>&#8230;<\/p>\n\n<h2 class=\"wp-block-heading\" id=\"Custom-Development\">Desarrollo a Medida<\/h2>\n\n<p>Si su empresa o start-up necesita una soluci\u00f3n a medida, nuestro equipo de expertos puede dise\u00f1ar e implantar la soluci\u00f3n con la que crecer\u00e1 &#8211; fullstack &#8211; a un coste, plazos y calidad competitivos.<\/p>\n\n<p class=\"more-link\"><a href=\"https:\/\/new.arkitek.net\/es\/contacto\/\">Contacte con nosotros<\/a>&#8230;<\/p>\n\n<h2 class=\"wp-block-heading\" id=\"Application-and-Software-Testing\">Servicios de Pruebas de Aplicaciones y Software<\/h2>\n\n<p>Las aplicaciones &#8211; en el n\u00facleo de sus operaciones comerciales y de cara a sus clientes &#8211; son cr\u00edticas para la continuidad de su negocio y su \u00e9xito creciente. Equipado con herramientas y metodolog\u00edas probadas y verificadas por la industria, el Centro de Pruebas ARK\u0130TEK est\u00e1 preparado para ejecutar diariamente pruebas de sanidad y funcionales para las versiones actuales y futuras de sus aplicaciones, en todas y cada una de las combinaciones de hardware\/software tanto de servidor como de escritorio y plataformas m\u00f3viles. <\/p>\n\n<p class=\"more-link\">M\u00e1s informaci\u00f3n&#8230;<\/p>\n\n<h2 class=\"wp-block-heading\" id=\"Engineering-Services\">Servicios de Ingenier\u00eda<\/h2>\n\n<p>Expertos profesionales en inform\u00e1tica y telecomunicaciones est\u00e1n a su disposici\u00f3n para formar parte de sus proyectos y permitirle reducir costes y riesgos y acelerar la entrega mientras usted se centra en su \u00e1rea de negocio principal.<\/p>\n\n<p class=\"more-link\">M\u00e1s informaci\u00f3n&#8230;<\/p>\n","protected":false},"excerpt":{"rendered":"<p>Con m\u00e1s de 20 a\u00f1os de experiencia pr\u00e1ctica en la planificaci\u00f3n, el dise\u00f1o y la implantaci\u00f3n de soluciones inform\u00e1ticas y de telecomunicaciones de grado telco para operadores comerciales, grandes empresas y organismos gubernamentales de todo el mundo, estamos orgullosos de ofrecer nuestra cartera de servicios a cualquier cliente a cualquier escala, en todo el mundo. &hellip; <\/p>\n<p class=\"link-more\"><a href=\"https:\/\/arkitek.net\/es\/servicios\/\" class=\"more-link\">Continuar leyendo<span class=\"screen-reader-text\"> \u00abServicios Profesionales\u00bb<\/span><\/a><\/p>\n","protected":false},"author":1,"featured_media":0,"parent":0,"menu_order":0,"comment_status":"closed","ping_status":"closed","template":"","meta":{"inline_featured_image":false,"footnotes":""},"class_list":["post-360","page","type-page","status-publish","hentry"],"_links":{"self":[{"href":"https:\/\/arkitek.net\/es\/wp-json\/wp\/v2\/pages\/360","targetHints":{"allow":["GET"]}}],"collection":[{"href":"https:\/\/arkitek.net\/es\/wp-json\/wp\/v2\/pages"}],"about":[{"href":"https:\/\/arkitek.net\/es\/wp-json\/wp\/v2\/types\/page"}],"author":[{"embeddable":true,"href":"https:\/\/arkitek.net\/es\/wp-json\/wp\/v2\/users\/1"}],"replies":[{"embeddable":true,"href":"https:\/\/arkitek.net\/es\/wp-json\/wp\/v2\/comments?post=360"}],"version-history":[{"count":0,"href":"https:\/\/arkitek.net\/es\/wp-json\/wp\/v2\/pages\/360\/revisions"}],"wp:attachment":[{"href":"https:\/\/arkitek.net\/es\/wp-json\/wp\/v2\/media?parent=360"}],"curies":[{"name":"wp","href":"https:\/\/api.w.org\/{rel}","templated":true}]}}