
{"id":309,"date":"2024-07-01T13:07:53","date_gmt":"2024-07-01T10:07:53","guid":{"rendered":"https:\/\/new.arkitek.net\/inicio\/soluciones\/"},"modified":"2024-07-10T13:48:28","modified_gmt":"2024-07-10T10:48:28","slug":"homepage-section-solutions-es","status":"publish","type":"page","link":"https:\/\/arkitek.net\/es\/inicio\/homepage-section-solutions-es\/","title":{"rendered":"Soluciones"},"content":{"rendered":"\n<p>Con m\u00e1s de 20 a\u00f1os de experiencia pr\u00e1ctica en la planificaci\u00f3n, el dise\u00f1o y la implantaci\u00f3n de soluciones inform\u00e1ticas y de telecomunicaciones de grado telco para operadores comerciales, las mayores empresas y organismos gubernamentales de todo el mundo; estamos orgullosos de ofrecer nuestra cartera de soluciones a cualquier cliente a cualquier escala, en todo el mundo.<\/p>\n\n<p><a href=\"https:\/\/arkitek.net\/es\/soluciones\/\" data-type=\"page\" data-id=\"56\">Nuestras soluciones<\/a> se adaptan espec\u00edficamente para resolver problemas concretos y\/o abordar requisitos, lo que supone un valor a\u00f1adido en t\u00e9rminos de mayor fiabilidad, menor riesgo, costes reducidos y una introducci\u00f3n m\u00e1s r\u00e1pida en el mercado.<\/p>\n\n<p><a href=\"https:\/\/arkitek.net\/es\/soluciones\/\" data-type=\"page\" data-id=\"56\">M\u00e1s informaci\u00f3n<\/a>&#8230;<\/p>\n","protected":false},"excerpt":{"rendered":"<p>Con m\u00e1s de 20 a\u00f1os de experiencia pr\u00e1ctica en la planificaci\u00f3n, el dise\u00f1o y la implantaci\u00f3n de soluciones inform\u00e1ticas y de telecomunicaciones de grado telco para operadores comerciales, las mayores empresas y organismos gubernamentales de todo el mundo; estamos orgullosos de ofrecer nuestra cartera de soluciones a cualquier cliente a cualquier escala, en todo el &hellip; <\/p>\n<p class=\"link-more\"><a href=\"https:\/\/arkitek.net\/es\/inicio\/homepage-section-solutions-es\/\" class=\"more-link\">Continuar leyendo<span class=\"screen-reader-text\"> \u00abSoluciones\u00bb<\/span><\/a><\/p>\n","protected":false},"author":1,"featured_media":0,"parent":294,"menu_order":1,"comment_status":"closed","ping_status":"closed","template":"","meta":{"inline_featured_image":false,"footnotes":""},"class_list":["post-309","page","type-page","status-publish","hentry"],"_links":{"self":[{"href":"https:\/\/arkitek.net\/es\/wp-json\/wp\/v2\/pages\/309","targetHints":{"allow":["GET"]}}],"collection":[{"href":"https:\/\/arkitek.net\/es\/wp-json\/wp\/v2\/pages"}],"about":[{"href":"https:\/\/arkitek.net\/es\/wp-json\/wp\/v2\/types\/page"}],"author":[{"embeddable":true,"href":"https:\/\/arkitek.net\/es\/wp-json\/wp\/v2\/users\/1"}],"replies":[{"embeddable":true,"href":"https:\/\/arkitek.net\/es\/wp-json\/wp\/v2\/comments?post=309"}],"version-history":[{"count":0,"href":"https:\/\/arkitek.net\/es\/wp-json\/wp\/v2\/pages\/309\/revisions"}],"up":[{"embeddable":true,"href":"https:\/\/arkitek.net\/es\/wp-json\/wp\/v2\/pages\/294"}],"wp:attachment":[{"href":"https:\/\/arkitek.net\/es\/wp-json\/wp\/v2\/media?parent=309"}],"curies":[{"name":"wp","href":"https:\/\/api.w.org\/{rel}","templated":true}]}}