
{"id":294,"date":"2024-07-01T12:54:31","date_gmt":"2024-07-01T09:54:31","guid":{"rendered":"https:\/\/new.arkitek.net\/inicio\/"},"modified":"2024-07-10T13:56:41","modified_gmt":"2024-07-10T10:56:41","slug":"inicio","status":"publish","type":"page","link":"https:\/\/arkitek.net\/es\/","title":{"rendered":"Inicio"},"content":{"rendered":"\n<p>Con sede en Estambul, dise\u00f1amos, desarrollamos e implementamos soluciones de TI y telecomunicaciones para operadores comerciales, empresas, negocios y gobiernos. Incorporados por distinguidos veteranos de la industria que han pasado a\u00f1os haciendo realidad los proyectos m\u00e1s desafiantes, aportamos con orgullo nuestros conocimientos y experiencia a todos y cada uno de los proyectos para garantizar su \u00e9xito en cada dimensi\u00f3n t\u00e9cnica y relacionada con el negocio, en toda la pila y a tiempo. <\/p>\n\n<p><a href=\"https:\/\/arkitek.net\/es\/quienes-somos\/\" data-type=\"page\" data-id=\"12\">Reun\u00e1monos<\/a>&#8230;<\/p>\n","protected":false},"excerpt":{"rendered":"<p>Con sede en Estambul, dise\u00f1amos, desarrollamos e implementamos soluciones de TI y telecomunicaciones para operadores comerciales, empresas, negocios y gobiernos. Incorporados por distinguidos veteranos de la industria que han pasado a\u00f1os haciendo realidad los proyectos m\u00e1s desafiantes, aportamos con orgullo nuestros conocimientos y experiencia a todos y cada uno de los proyectos para garantizar su &hellip; <\/p>\n<p class=\"link-more\"><a href=\"https:\/\/arkitek.net\/es\/\" class=\"more-link\">Continuar leyendo<span class=\"screen-reader-text\"> \u00abInicio\u00bb<\/span><\/a><\/p>\n","protected":false},"author":1,"featured_media":0,"parent":0,"menu_order":0,"comment_status":"closed","ping_status":"closed","template":"","meta":{"inline_featured_image":false,"footnotes":""},"class_list":["post-294","page","type-page","status-publish","hentry"],"_links":{"self":[{"href":"https:\/\/arkitek.net\/es\/wp-json\/wp\/v2\/pages\/294","targetHints":{"allow":["GET"]}}],"collection":[{"href":"https:\/\/arkitek.net\/es\/wp-json\/wp\/v2\/pages"}],"about":[{"href":"https:\/\/arkitek.net\/es\/wp-json\/wp\/v2\/types\/page"}],"author":[{"embeddable":true,"href":"https:\/\/arkitek.net\/es\/wp-json\/wp\/v2\/users\/1"}],"replies":[{"embeddable":true,"href":"https:\/\/arkitek.net\/es\/wp-json\/wp\/v2\/comments?post=294"}],"version-history":[{"count":0,"href":"https:\/\/arkitek.net\/es\/wp-json\/wp\/v2\/pages\/294\/revisions"}],"wp:attachment":[{"href":"https:\/\/arkitek.net\/es\/wp-json\/wp\/v2\/media?parent=294"}],"curies":[{"name":"wp","href":"https:\/\/api.w.org\/{rel}","templated":true}]}}