
{"id":261,"date":"2024-07-01T13:17:52","date_gmt":"2024-07-01T10:17:52","guid":{"rendered":"https:\/\/new.arkitek.net\/quienes-somos\/el-fundador\/"},"modified":"2024-07-27T11:42:40","modified_gmt":"2024-07-27T08:42:40","slug":"el-fundador","status":"publish","type":"page","link":"https:\/\/arkitek.net\/es\/quienes-somos\/el-fundador\/","title":{"rendered":"El Fundador"},"content":{"rendered":"\n<p>Nacido en 1976, G\u00fcnal, en su primera infancia, se interes\u00f3 sobre todo por los artilugios electromec\u00e1nicos dentro y fuera de casa m\u00e1s que por cualquier otra cosa. Casi todos y cada uno de los electrodom\u00e9sticos se desmontaban una vez hasta los huesos y se volv\u00edan a montar para acabar siendo reparados en un taller. <\/p>\n\n<p>Junto con los <em>Whiz Kids<\/em> (serie de TV estadounidense emitida en 1984), se sinti\u00f3 atra\u00eddo por los ordenadores. Fue en este programa de televisi\u00f3n donde aprendi\u00f3 sobre m\u00f3dems y telecomunicaciones. <\/p>\n\n<p>Desde entonces, estudia, practica, asesora, dise\u00f1a, vende e implanta soluciones comerciales de software y telecomunicaciones de calidad de operador para clientes con los SLA m\u00e1s elevados.<\/p>\n\n<h3 class=\"wp-block-heading\">Principales hitos profesionales<\/h3>\n\n<figure class=\"wp-block-table\"><table><tbody><tr><td>1996<\/td><td>Primer \u00abHola\u00bb a trav\u00e9s de la Internet p\u00fablica<\/td><\/tr><tr><td>1997<\/td><td>Primer sitio web est\u00e1tico (geocities)<\/td><\/tr><tr><td>1999<\/td><td>Primera configuraci\u00f3n del router<\/td><\/tr><tr><td>2000<\/td><td>Primera aplicaci\u00f3n web din\u00e1mica comercial<\/td><\/tr><tr><td>2002<\/td><td>Primera aplicaci\u00f3n web .net\/sql comercial (CMS\/FE)<\/td><\/tr><tr><td>2002<\/td><td>Primera televisi\u00f3n comercial por Internet en Turqu\u00eda (Front\/Back-End Dev)<\/td><\/tr><tr><td>2003<\/td><td>Primera operaci\u00f3n de respuesta de emergencia de la ONU<\/td><\/tr><tr><td>2006<\/td><td>Primera clase como instructor<\/td><\/tr><tr><td>2008<\/td><td>Primera visita a Silicon Valley<\/td><\/tr><tr><td>2009<\/td><td>Primera configuraci\u00f3n de BGP en una red troncal de paquetes m\u00f3viles<\/td><\/tr><tr><td>2010<\/td><td>Primer dise\u00f1o de infraestructura telco nacional de extremo a extremo (pila completa)<\/td><\/tr><tr><td>2011 <\/td><td>Segundo Arquitecto Superior de Soluciones de Integraci\u00f3n en Red (ERICSSON) certificado a nivel mundial<\/td><\/tr><tr><td>2013<\/td><td>Primera introducci\u00f3n en el mercado de un producto que se convertir\u00e1 en norma industrial en Turqu\u00eda<\/td><\/tr><tr><td>2015<\/td><td>Alcanza por primera vez los 10 millones de d\u00f3lares en ventas de soluciones<\/td><\/tr><tr><td>2019<\/td><td>Fund\u00f3 ARKITEK<\/td><\/tr><tr><td>2023<\/td><td>Fund\u00f3 <a href=\"https:\/\/cuoresportivo.com\/en\/\" target=\"_blank\" rel=\"noreferrer noopener\">CUORESPORTIVO <\/a><\/td><\/tr><\/tbody><\/table><\/figure>\n","protected":false},"excerpt":{"rendered":"<p>Nacido en 1976, G\u00fcnal, en su primera infancia, se interes\u00f3 sobre todo por los artilugios electromec\u00e1nicos dentro y fuera de casa m\u00e1s que por cualquier otra cosa. Casi todos y cada uno de los electrodom\u00e9sticos se desmontaban una vez hasta los huesos y se volv\u00edan a montar para acabar siendo reparados en un taller. Junto &hellip; <\/p>\n<p class=\"link-more\"><a href=\"https:\/\/arkitek.net\/es\/quienes-somos\/el-fundador\/\" class=\"more-link\">Continuar leyendo<span class=\"screen-reader-text\"> \u00abEl Fundador\u00bb<\/span><\/a><\/p>\n","protected":false},"author":1,"featured_media":1089,"parent":245,"menu_order":1,"comment_status":"closed","ping_status":"closed","template":"","meta":{"inline_featured_image":false,"footnotes":""},"class_list":["post-261","page","type-page","status-publish","has-post-thumbnail","hentry"],"_links":{"self":[{"href":"https:\/\/arkitek.net\/es\/wp-json\/wp\/v2\/pages\/261","targetHints":{"allow":["GET"]}}],"collection":[{"href":"https:\/\/arkitek.net\/es\/wp-json\/wp\/v2\/pages"}],"about":[{"href":"https:\/\/arkitek.net\/es\/wp-json\/wp\/v2\/types\/page"}],"author":[{"embeddable":true,"href":"https:\/\/arkitek.net\/es\/wp-json\/wp\/v2\/users\/1"}],"replies":[{"embeddable":true,"href":"https:\/\/arkitek.net\/es\/wp-json\/wp\/v2\/comments?post=261"}],"version-history":[{"count":0,"href":"https:\/\/arkitek.net\/es\/wp-json\/wp\/v2\/pages\/261\/revisions"}],"up":[{"embeddable":true,"href":"https:\/\/arkitek.net\/es\/wp-json\/wp\/v2\/pages\/245"}],"wp:featuredmedia":[{"embeddable":true,"href":"https:\/\/arkitek.net\/es\/wp-json\/wp\/v2\/media\/1089"}],"wp:attachment":[{"href":"https:\/\/arkitek.net\/es\/wp-json\/wp\/v2\/media?parent=261"}],"curies":[{"name":"wp","href":"https:\/\/api.w.org\/{rel}","templated":true}]}}