
{"id":245,"date":"2024-07-01T12:54:31","date_gmt":"2024-07-01T09:54:31","guid":{"rendered":"https:\/\/new.arkitek.net\/quienes-somos\/"},"modified":"2024-07-10T12:26:13","modified_gmt":"2024-07-10T09:26:13","slug":"quienes-somos","status":"publish","type":"page","link":"https:\/\/arkitek.net\/es\/quienes-somos\/","title":{"rendered":"Qui\u00e9nes Somos"},"content":{"rendered":"\n<p>Fundada en 2018, ARKITEK est\u00e1 formada por profesionales del sector de las TI y las telecomunicaciones con m\u00e1s de 20 a\u00f1os de experiencia al servicio de clientes globales en su esfuerzo por utilizar la tecnolog\u00eda de la forma m\u00e1s eficiente y rentable posible.<\/p>\n\n<p id=\"block-72df0035-acfd-4a69-90cf-55cd62d3c584\">Con sede en Estambul (en la interconexi\u00f3n de Europa y Asia) y prestando servicio en todo el mundo, aportamos con orgullo nuestros conocimientos y experiencia a todos y cada uno de los proyectos para garantizar su \u00e9xito en cada una de las dimensiones t\u00e9cnicas, operativas y relacionadas con el negocio, en toda la pila y a tiempo.<\/p>\n\n<p id=\"block-7d83b85e-4cc7-49f6-9954-f5d6580aa475\">Nuestro prop\u00f3sito es capacitar a las personas a trav\u00e9s de una tecnolog\u00eda construida en torno al propio flujo natural de sus vidas &#8211; sin interrupciones ni cargas adicionales &#8211; siempre respetuosa y cuidadosa con nuestro planeta.<\/p>\n\n<h2 class=\"wp-block-heading\" id=\"block-0f923acd-929d-408b-9ebc-ba020e566d16\">El Fundador<\/h2>\n\n<p id=\"block-62e41425-ba73-4707-9141-f9724ae81ac5\">ARKITEK ha sido fundada por G\u00fcnal \u00d6RSEL, un veterano de la industria de la inform\u00e1tica y las telecomunicaciones que ha prestado sus servicios a nivel mundial en los proyectos m\u00e1s desafiantes en t\u00e9rminos de alcance, tama\u00f1o y fiabilidad.<\/p>\n\n<p id=\"block-075fb6dc-7e75-497b-9256-08753c9e3420\"><a href=\"https:\/\/arkitek.net\/es\/quienes-somos\/el-fundador\/\">M\u00e1s sobre G\u00fcnal \u00d6rsel<\/a>&#8230;<\/p>\n\n<h2 class=\"wp-block-heading\" id=\"block-e72aa4cf-d51b-4fb0-95cd-7381d9ee11ed\">Inscripci\u00f3n<\/h2>\n\n<p id=\"block-fcc52004-9292-4e41-8e2a-4d374d0f0edc\"><strong>ARKITEK Telekom\u00fcnikasyon A.\u015e.<\/strong> est\u00e1 registrada en Estambul, TURQU\u00cdA con:<br\/>N\u00famero de Registro: 186306-5 (C\u00e1mara de Comercio de Estambul)<br\/>N\u00famero de Registro: 0079065479500001 (MERSIS)<\/p>\n\n<p id=\"block-411ead30-4bae-4cea-b9c9-203ed848b904\"><strong>ARK\u0130TEK Ara\u015ft\u0131rma Geli\u015ftirme A.\u015e.<\/strong> est\u00e1 registrada en Ankara, TURQU\u00cdA con:<br\/>N\u00famero de Registro: 416461 (C\u00e1mara de Comercio de Ankara)<br\/>N\u00famero de Registro: 0729082869300001 (MERSIS)<\/p>\n","protected":false},"excerpt":{"rendered":"<p>Fundada en 2018, ARKITEK est\u00e1 formada por profesionales del sector de las TI y las telecomunicaciones con m\u00e1s de 20 a\u00f1os de experiencia al servicio de clientes globales en su esfuerzo por utilizar la tecnolog\u00eda de la forma m\u00e1s eficiente y rentable posible. Con sede en Estambul (en la interconexi\u00f3n de Europa y Asia) y &hellip; <\/p>\n<p class=\"link-more\"><a href=\"https:\/\/arkitek.net\/es\/quienes-somos\/\" class=\"more-link\">Continuar leyendo<span class=\"screen-reader-text\"> \u00abQui\u00e9nes Somos\u00bb<\/span><\/a><\/p>\n","protected":false},"author":1,"featured_media":1109,"parent":0,"menu_order":0,"comment_status":"closed","ping_status":"closed","template":"","meta":{"inline_featured_image":false,"footnotes":""},"class_list":["post-245","page","type-page","status-publish","has-post-thumbnail","hentry"],"_links":{"self":[{"href":"https:\/\/arkitek.net\/es\/wp-json\/wp\/v2\/pages\/245","targetHints":{"allow":["GET"]}}],"collection":[{"href":"https:\/\/arkitek.net\/es\/wp-json\/wp\/v2\/pages"}],"about":[{"href":"https:\/\/arkitek.net\/es\/wp-json\/wp\/v2\/types\/page"}],"author":[{"embeddable":true,"href":"https:\/\/arkitek.net\/es\/wp-json\/wp\/v2\/users\/1"}],"replies":[{"embeddable":true,"href":"https:\/\/arkitek.net\/es\/wp-json\/wp\/v2\/comments?post=245"}],"version-history":[{"count":0,"href":"https:\/\/arkitek.net\/es\/wp-json\/wp\/v2\/pages\/245\/revisions"}],"wp:featuredmedia":[{"embeddable":true,"href":"https:\/\/arkitek.net\/es\/wp-json\/wp\/v2\/media\/1109"}],"wp:attachment":[{"href":"https:\/\/arkitek.net\/es\/wp-json\/wp\/v2\/media?parent=245"}],"curies":[{"name":"wp","href":"https:\/\/api.w.org\/{rel}","templated":true}]}}