
{"id":49,"date":"2024-07-01T17:58:17","date_gmt":"2024-07-01T14:58:17","guid":{"rendered":"https:\/\/new.arkitek.net\/?page_id=49"},"modified":"2024-07-10T13:24:28","modified_gmt":"2024-07-10T10:24:28","slug":"legal","status":"publish","type":"page","link":"https:\/\/arkitek.net\/en\/legal\/","title":{"rendered":"Legal Notices"},"content":{"rendered":"\n<h2 class=\"wp-block-heading\"><a href=\"https:\/\/arkitek.net\/en\/legal\/terms-of-service\/\" data-type=\"page\" data-id=\"52\">Terms of Service<\/a><\/h2>\n\n\n\n<p>These Terms govern your access to and use of the Site, and any services provided through the Site, and constitute a binding legal agreement between you and ARKITEK Telekom\u00fcnikasyon A.\u015e.<\/p>\n\n\n\n<h2 class=\"wp-block-heading\"><a href=\"https:\/\/arkitek.net\/en\/legal\/privacy-policy\/\" data-type=\"page\" data-id=\"783\">Privacy Policy<\/a><\/h2>\n\n\n\n<p>ARKITEK Telekom\u00fcnikasyon A.\u015e. provides this Privacy Policy to inform users of our policies and procedures regarding the collection, use and disclosure of personally identifiable information received from users of this website located at <a href=\"https:\/\/arkitek.net\">arkitek.net<\/a>. Please note that this Privacy Policy only applies to this Site. This Privacy Policy may be updated from time to time for any reason. We will notify you of any material changes to our Privacy Policy by posting the new Privacy Policy on our Site.<\/p>\n\n\n\n<h2 class=\"wp-block-heading\"><a href=\"https:\/\/arkitek.net\/en\/legal\/cookie-policy\/\" data-type=\"page\" data-id=\"54\">Cookie Policy<\/a><\/h2>\n\n\n\n<p>ARKITEK Telekom\u00fcnikasyon A.\u015e. (\u201cwe\u201d) has issued this Cookies Policy to outline the manner in which we use cookies and other technologies such as pixels, tags and beacons on our website.<\/p>\n","protected":false},"excerpt":{"rendered":"<p>Terms of Service These Terms govern your access to and use of the Site, and any services provided through the Site, and constitute a binding legal agreement between you and ARKITEK Telekom\u00fcnikasyon A.\u015e. Privacy Policy ARKITEK Telekom\u00fcnikasyon A.\u015e. provides this Privacy Policy to inform users of our policies and procedures regarding the collection, use and &hellip; <\/p>\n<p class=\"link-more\"><a href=\"https:\/\/arkitek.net\/en\/legal\/\" class=\"more-link\">Continue reading<span class=\"screen-reader-text\"> &#8220;Legal Notices&#8221;<\/span><\/a><\/p>\n","protected":false},"author":1,"featured_media":1072,"parent":0,"menu_order":0,"comment_status":"closed","ping_status":"closed","template":"","meta":{"inline_featured_image":false,"footnotes":""},"class_list":["post-49","page","type-page","status-publish","has-post-thumbnail","hentry"],"_links":{"self":[{"href":"https:\/\/arkitek.net\/en\/wp-json\/wp\/v2\/pages\/49","targetHints":{"allow":["GET"]}}],"collection":[{"href":"https:\/\/arkitek.net\/en\/wp-json\/wp\/v2\/pages"}],"about":[{"href":"https:\/\/arkitek.net\/en\/wp-json\/wp\/v2\/types\/page"}],"author":[{"embeddable":true,"href":"https:\/\/arkitek.net\/en\/wp-json\/wp\/v2\/users\/1"}],"replies":[{"embeddable":true,"href":"https:\/\/arkitek.net\/en\/wp-json\/wp\/v2\/comments?post=49"}],"version-history":[{"count":0,"href":"https:\/\/arkitek.net\/en\/wp-json\/wp\/v2\/pages\/49\/revisions"}],"wp:featuredmedia":[{"embeddable":true,"href":"https:\/\/arkitek.net\/en\/wp-json\/wp\/v2\/media\/1072"}],"wp:attachment":[{"href":"https:\/\/arkitek.net\/en\/wp-json\/wp\/v2\/media?parent=49"}],"curies":[{"name":"wp","href":"https:\/\/api.w.org\/{rel}","templated":true}]}}