
{"id":12,"date":"2024-07-01T12:54:31","date_gmt":"2024-07-01T09:54:31","guid":{"rendered":"https:\/\/new.arkitek.net\/?page_id=12"},"modified":"2024-07-10T12:19:37","modified_gmt":"2024-07-10T09:19:37","slug":"about","status":"publish","type":"page","link":"https:\/\/arkitek.net\/en\/about\/","title":{"rendered":"About Us"},"content":{"rendered":"\n<p>Established in 2018, ARKITEK is formed by IT and telecom industry professionals with 20+ years experience on serving global customers on their effort to use technology as efficient and profitable as possible.<\/p>\n\n\n\n<p id=\"block-72df0035-acfd-4a69-90cf-55cd62d3c584\">Headquartered in Istanbul (at the interconnection of Europe and Asia) and serving globally, we do proudly bring our knowledge and experience into each and every project to secure your success in each technical, operational and business related dimension, full stack, and on time.<\/p>\n\n\n\n<p id=\"block-7d83b85e-4cc7-49f6-9954-f5d6580aa475\">Our purpose is to empower people through technology built around the very natural flow of their lives &#8211; without disruptions and additional burden &#8211; always respectful and caring for our planet.<\/p>\n\n\n\n<h2 class=\"wp-block-heading\" id=\"block-0f923acd-929d-408b-9ebc-ba020e566d16\">The Founder<\/h2>\n\n\n\n<p id=\"block-62e41425-ba73-4707-9141-f9724ae81ac5\">ARKITEK is founded by G\u00fcnal \u00d6RSEL &#8211; an IT and Telecommunications Industry veteran who served globally in most challenging projects in terms of scope, size and reliability.<\/p>\n\n\n\n<p id=\"block-075fb6dc-7e75-497b-9256-08753c9e3420\"><a href=\"https:\/\/arkitek.net\/en\/about\/founder\/\">More about G\u00fcnal \u00d6rsel<\/a>&#8230;<\/p>\n\n\n\n<h2 class=\"wp-block-heading\" id=\"block-e72aa4cf-d51b-4fb0-95cd-7381d9ee11ed\">Registration<\/h2>\n\n\n\n<p id=\"block-fcc52004-9292-4e41-8e2a-4d374d0f0edc\"><strong>ARKITEK Telekom\u00fcnikasyon A.\u015e.<\/strong> is registered in Istanbul, T\u00dcRK\u0130YE with:<br>Registration ID: 186306-5 (Istanbul Chamber of Commerce)<br>Registration ID: 0079065479500001 (MERSIS)<\/p>\n\n\n\n<p id=\"block-411ead30-4bae-4cea-b9c9-203ed848b904\"><strong>ARK\u0130TEK Ara\u015ft\u0131rma Geli\u015ftirme A.\u015e.<\/strong> is registered in Ankara, T\u00dcRK\u0130YE<br>Registration ID: 416461 (Ankara Chamber of Commerce)<br>Registration ID: 0729082869300001 (MERSIS)<\/p>\n","protected":false},"excerpt":{"rendered":"<p>Established in 2018, ARKITEK is formed by IT and telecom industry professionals with 20+ years experience on serving global customers on their effort to use technology as efficient and profitable as possible. Headquartered in Istanbul (at the interconnection of Europe and Asia) and serving globally, we do proudly bring our knowledge and experience into each &hellip; <\/p>\n<p class=\"link-more\"><a href=\"https:\/\/arkitek.net\/en\/about\/\" class=\"more-link\">Continue reading<span class=\"screen-reader-text\"> &#8220;About Us&#8221;<\/span><\/a><\/p>\n","protected":false},"author":1,"featured_media":1102,"parent":0,"menu_order":0,"comment_status":"closed","ping_status":"closed","template":"","meta":{"inline_featured_image":false,"footnotes":""},"class_list":["post-12","page","type-page","status-publish","has-post-thumbnail","hentry"],"_links":{"self":[{"href":"https:\/\/arkitek.net\/en\/wp-json\/wp\/v2\/pages\/12","targetHints":{"allow":["GET"]}}],"collection":[{"href":"https:\/\/arkitek.net\/en\/wp-json\/wp\/v2\/pages"}],"about":[{"href":"https:\/\/arkitek.net\/en\/wp-json\/wp\/v2\/types\/page"}],"author":[{"embeddable":true,"href":"https:\/\/arkitek.net\/en\/wp-json\/wp\/v2\/users\/1"}],"replies":[{"embeddable":true,"href":"https:\/\/arkitek.net\/en\/wp-json\/wp\/v2\/comments?post=12"}],"version-history":[{"count":0,"href":"https:\/\/arkitek.net\/en\/wp-json\/wp\/v2\/pages\/12\/revisions"}],"wp:featuredmedia":[{"embeddable":true,"href":"https:\/\/arkitek.net\/en\/wp-json\/wp\/v2\/media\/1102"}],"wp:attachment":[{"href":"https:\/\/arkitek.net\/en\/wp-json\/wp\/v2\/media?parent=12"}],"curies":[{"name":"wp","href":"https:\/\/api.w.org\/{rel}","templated":true}]}}