
{"id":239,"date":"2024-07-01T12:54:31","date_gmt":"2024-07-01T09:54:31","guid":{"rendered":"https:\/\/new.arkitek.net\/%cf%83%cf%87%ce%b5%cf%84%ce%b9%ce%ba%ce%ac-%ce%bc%ce%b5-%ce%b5%ce%bc%ce%ac%cf%82\/"},"modified":"2024-07-10T12:24:34","modified_gmt":"2024-07-10T09:24:34","slug":"schetika-me-emas","status":"publish","type":"page","link":"https:\/\/arkitek.net\/el\/schetika-me-emas\/","title":{"rendered":"\u03a3\u03c7\u03b5\u03c4\u03b9\u03ba\u03ac \u03bc\u03b5 \u03b5\u03bc\u03ac\u03c2"},"content":{"rendered":"\n<p>\u0397 ARKITEK \u03b9\u03b4\u03c1\u03cd\u03b8\u03b7\u03ba\u03b5 \u03c4\u03bf 2018 \u03ba\u03b1\u03b9 \u03b1\u03c0\u03bf\u03c4\u03b5\u03bb\u03b5\u03af\u03c4\u03b1\u03b9 \u03b1\u03c0\u03cc \u03b5\u03c0\u03b1\u03b3\u03b3\u03b5\u03bb\u03bc\u03b1\u03c4\u03af\u03b5\u03c2 \u03c4\u03bf\u03c5 \u03ba\u03bb\u03ac\u03b4\u03bf\u03c5 \u03c4\u03b7\u03c2 \u03c0\u03bb\u03b7\u03c1\u03bf\u03c6\u03bf\u03c1\u03b9\u03ba\u03ae\u03c2 \u03ba\u03b1\u03b9 \u03c4\u03c9\u03bd \u03c4\u03b7\u03bb\u03b5\u03c0\u03b9\u03ba\u03bf\u03b9\u03bd\u03c9\u03bd\u03b9\u03ce\u03bd \u03bc\u03b5 20+ \u03c7\u03c1\u03cc\u03bd\u03b9\u03b1 \u03b5\u03bc\u03c0\u03b5\u03b9\u03c1\u03af\u03b1\u03c2 \u03c3\u03c4\u03b7\u03bd \u03b5\u03be\u03c5\u03c0\u03b7\u03c1\u03ad\u03c4\u03b7\u03c3\u03b7 \u03c0\u03b1\u03b3\u03ba\u03cc\u03c3\u03bc\u03b9\u03c9\u03bd \u03c0\u03b5\u03bb\u03b1\u03c4\u03ce\u03bd \u03c3\u03c4\u03b7\u03bd \u03c0\u03c1\u03bf\u03c3\u03c0\u03ac\u03b8\u03b5\u03b9\u03ac \u03c4\u03bf\u03c5\u03c2 \u03bd\u03b1 \u03c7\u03c1\u03b7\u03c3\u03b9\u03bc\u03bf\u03c0\u03bf\u03b9\u03bf\u03cd\u03bd \u03c4\u03b7\u03bd \u03c4\u03b5\u03c7\u03bd\u03bf\u03bb\u03bf\u03b3\u03af\u03b1 \u03cc\u03c3\u03bf \u03c4\u03bf \u03b4\u03c5\u03bd\u03b1\u03c4\u03cc\u03bd \u03c0\u03b9\u03bf \u03b1\u03c0\u03bf\u03b4\u03bf\u03c4\u03b9\u03ba\u03ac \u03ba\u03b1\u03b9 \u03ba\u03b5\u03c1\u03b4\u03bf\u03c6\u03cc\u03c1\u03b1.<\/p>\n\n<p id=\"block-72df0035-acfd-4a69-90cf-55cd62d3c584\">\u039c\u03b5 \u03ad\u03b4\u03c1\u03b1 \u03c4\u03b7\u03bd \u039a\u03c9\u03bd\u03c3\u03c4\u03b1\u03bd\u03c4\u03b9\u03bd\u03bf\u03cd\u03c0\u03bf\u03bb\u03b7 (\u03c3\u03c4\u03b7 \u03b4\u03b9\u03b1\u03c3\u03cd\u03bd\u03b4\u03b5\u03c3\u03b7 \u03c4\u03b7\u03c2 \u0395\u03c5\u03c1\u03ce\u03c0\u03b7\u03c2 \u03ba\u03b1\u03b9 \u03c4\u03b7\u03c2 \u0391\u03c3\u03af\u03b1\u03c2) \u03ba\u03b1\u03b9 \u03c5\u03c0\u03b7\u03c1\u03b5\u03c3\u03af\u03b5\u03c2 \u03c3\u03b5 \u03c0\u03b1\u03b3\u03ba\u03cc\u03c3\u03bc\u03b9\u03bf \u03b5\u03c0\u03af\u03c0\u03b5\u03b4\u03bf, \u03c6\u03ad\u03c1\u03bd\u03bf\u03c5\u03bc\u03b5 \u03bc\u03b5 \u03c5\u03c0\u03b5\u03c1\u03b7\u03c6\u03ac\u03bd\u03b5\u03b9\u03b1 \u03c4\u03b9\u03c2 \u03b3\u03bd\u03ce\u03c3\u03b5\u03b9\u03c2 \u03ba\u03b1\u03b9 \u03c4\u03b7\u03bd \u03b5\u03bc\u03c0\u03b5\u03b9\u03c1\u03af\u03b1 \u03bc\u03b1\u03c2 \u03c3\u03b5 \u03ba\u03ac\u03b8\u03b5 \u03ad\u03c1\u03b3\u03bf \u03b3\u03b9\u03b1 \u03bd\u03b1 \u03b5\u03be\u03b1\u03c3\u03c6\u03b1\u03bb\u03af\u03c3\u03bf\u03c5\u03bc\u03b5 \u03c4\u03b7\u03bd \u03b5\u03c0\u03b9\u03c4\u03c5\u03c7\u03af\u03b1 \u03c3\u03b1\u03c2 \u03c3\u03b5 \u03ba\u03ac\u03b8\u03b5 \u03c4\u03b5\u03c7\u03bd\u03b9\u03ba\u03ae, \u03bb\u03b5\u03b9\u03c4\u03bf\u03c5\u03c1\u03b3\u03b9\u03ba\u03ae \u03ba\u03b1\u03b9 \u03b5\u03c0\u03b9\u03c7\u03b5\u03b9\u03c1\u03b7\u03bc\u03b1\u03c4\u03b9\u03ba\u03ae \u03b4\u03b9\u03ac\u03c3\u03c4\u03b1\u03c3\u03b7, \u03c3\u03b5 \u03c0\u03bb\u03ae\u03c1\u03b7 \u03c3\u03c4\u03bf\u03af\u03b2\u03b1 \u03ba\u03b1\u03b9 \u03b5\u03b3\u03ba\u03b1\u03af\u03c1\u03c9\u03c2.<\/p>\n\n<p id=\"block-7d83b85e-4cc7-49f6-9954-f5d6580aa475\">\u03a3\u03ba\u03bf\u03c0\u03cc\u03c2 \u03bc\u03b1\u03c2 \u03b5\u03af\u03bd\u03b1\u03b9 \u03bd\u03b1 \u03b5\u03bd\u03b4\u03c5\u03bd\u03b1\u03bc\u03ce\u03c3\u03bf\u03c5\u03bc\u03b5 \u03c4\u03bf\u03c5\u03c2 \u03b1\u03bd\u03b8\u03c1\u03ce\u03c0\u03bf\u03c5\u03c2 \u03bc\u03ad\u03c3\u03c9 \u03c4\u03b7\u03c2 \u03c4\u03b5\u03c7\u03bd\u03bf\u03bb\u03bf\u03b3\u03af\u03b1\u03c2 \u03c0\u03bf\u03c5 \u03b2\u03b1\u03c3\u03af\u03b6\u03b5\u03c4\u03b1\u03b9 \u03c3\u03c4\u03b7\u03bd \u03af\u03b4\u03b9\u03b1 \u03c4\u03b7 \u03c6\u03c5\u03c3\u03b9\u03ba\u03ae \u03c1\u03bf\u03ae \u03c4\u03b7\u03c2 \u03b6\u03c9\u03ae\u03c2 \u03c4\u03bf\u03c5\u03c2 &#8211; \u03c7\u03c9\u03c1\u03af\u03c2 \u03b4\u03b9\u03b1\u03c4\u03b1\u03c1\u03b1\u03c7\u03ad\u03c2 \u03ba\u03b1\u03b9 \u03c0\u03c1\u03cc\u03c3\u03b8\u03b5\u03c4\u03b7 \u03b5\u03c0\u03b9\u03b2\u03ac\u03c1\u03c5\u03bd\u03c3\u03b7 &#8211; \u03c0\u03ac\u03bd\u03c4\u03b1 \u03bc\u03b5 \u03c3\u03b5\u03b2\u03b1\u03c3\u03bc\u03cc \u03ba\u03b1\u03b9 \u03c6\u03c1\u03bf\u03bd\u03c4\u03af\u03b4\u03b1 \u03b3\u03b9\u03b1 \u03c4\u03bf\u03bd \u03c0\u03bb\u03b1\u03bd\u03ae\u03c4\u03b7 \u03bc\u03b1\u03c2.<\/p>\n\n<h2 class=\"wp-block-heading\" id=\"block-0f923acd-929d-408b-9ebc-ba020e566d16\">\u039f \u03b9\u03b4\u03c1\u03c5\u03c4\u03ae\u03c2<\/h2>\n\n<p id=\"block-62e41425-ba73-4707-9141-f9724ae81ac5\">\u0397 ARKITEK \u03b9\u03b4\u03c1\u03cd\u03b8\u03b7\u03ba\u03b5 \u03b1\u03c0\u03cc \u03c4\u03bf\u03bd G\u00fcnal \u00d6RSEL &#8211; \u03ad\u03bd\u03b1\u03bd \u03b2\u03b5\u03c4\u03b5\u03c1\u03ac\u03bd\u03bf \u03c4\u03b7\u03c2 \u03b2\u03b9\u03bf\u03bc\u03b7\u03c7\u03b1\u03bd\u03af\u03b1\u03c2 \u03c0\u03bb\u03b7\u03c1\u03bf\u03c6\u03bf\u03c1\u03b9\u03ba\u03ae\u03c2 \u03ba\u03b1\u03b9 \u03c4\u03b7\u03bb\u03b5\u03c0\u03b9\u03ba\u03bf\u03b9\u03bd\u03c9\u03bd\u03b9\u03ce\u03bd, \u03bf \u03bf\u03c0\u03bf\u03af\u03bf\u03c2 \u03c5\u03c0\u03b7\u03c1\u03ad\u03c4\u03b7\u03c3\u03b5 \u03c0\u03b1\u03b3\u03ba\u03bf\u03c3\u03bc\u03af\u03c9\u03c2 \u03c3\u03c4\u03b1 \u03c0\u03b9\u03bf \u03b1\u03c0\u03b1\u03b9\u03c4\u03b7\u03c4\u03b9\u03ba\u03ac \u03ad\u03c1\u03b3\u03b1 \u03cc\u03c3\u03bf\u03bd \u03b1\u03c6\u03bf\u03c1\u03ac \u03c4\u03bf \u03b5\u03cd\u03c1\u03bf\u03c2, \u03c4\u03bf \u03bc\u03ad\u03b3\u03b5\u03b8\u03bf\u03c2 \u03ba\u03b1\u03b9 \u03c4\u03b7\u03bd \u03b1\u03be\u03b9\u03bf\u03c0\u03b9\u03c3\u03c4\u03af\u03b1.<\/p>\n\n<p id=\"block-075fb6dc-7e75-497b-9256-08753c9e3420\"><a href=\"https:\/\/arkitek.net\/el\/schetika-me-emas\/%ce%bf-%ce%b9%ce%b4%cf%81%cf%85%cf%84%ce%ae%cf%82\/\">\u03a0\u03b5\u03c1\u03b9\u03c3\u03c3\u03cc\u03c4\u03b5\u03c1\u03b1 \u03b3\u03b9\u03b1 \u03c4\u03bf\u03bd G\u00fcnal \u00d6rsel<\/a>&#8230;<\/p>\n\n<h2 class=\"wp-block-heading\" id=\"block-e72aa4cf-d51b-4fb0-95cd-7381d9ee11ed\">\u0395\u03b3\u03b3\u03c1\u03b1\u03c6\u03ae<\/h2>\n\n<p id=\"block-fcc52004-9292-4e41-8e2a-4d374d0f0edc\">\u0397 <strong>ARKITEK Telekom\u00fcnikasyon A.\u015e.<\/strong> \u03b5\u03af\u03bd\u03b1\u03b9 \u03b5\u03b3\u03b3\u03b5\u03b3\u03c1\u03b1\u03bc\u03bc\u03ad\u03bd\u03b7 \u03c3\u03c4\u03b7\u03bd Istanbul, T\u00dcRK\u0130YE \u03bc\u03b5:<br\/>\u0391\u03c1\u03b9\u03b8\u03bc\u03cc\u03c2 \u03bc\u03b7\u03c4\u03c1\u03ce\u03bf\u03c5: 186306-5 (\u0395\u03bc\u03c0\u03bf\u03c1\u03b9\u03ba\u03cc \u0395\u03c0\u03b9\u03bc\u03b5\u03bb\u03b7\u03c4\u03ae\u03c1\u03b9\u03bf Istanbul)<br\/>\u0391\u03c1\u03b9\u03b8\u03bc\u03cc\u03c2 \u03bc\u03b7\u03c4\u03c1\u03ce\u03bf\u03c5: 0079065479500001 (MERSIS)<\/p>\n\n<p id=\"block-411ead30-4bae-4cea-b9c9-203ed848b904\">\u0397 <strong>ARK\u0130TEK Ara\u015ft\u0131rma Geli\u015ftirme A.\u015e.<\/strong> \u03b5\u03af\u03bd\u03b1\u03b9 \u03b5\u03b3\u03b3\u03b5\u03b3\u03c1\u03b1\u03bc\u03bc\u03ad\u03bd\u03b7 \u03c3\u03c4\u03b7\u03bd Ankara, T\u00dcRK\u0130YE \u03bc\u03b5:<br\/>\u0391\u03c1\u03b9\u03b8\u03bc\u03cc\u03c2 \u03bc\u03b7\u03c4\u03c1\u03ce\u03bf\u03c5: 416461 (\u0395\u03bc\u03c0\u03bf\u03c1\u03b9\u03ba\u03cc \u0395\u03c0\u03b9\u03bc\u03b5\u03bb\u03b7\u03c4\u03ae\u03c1\u03b9\u03bf Ankara)<br\/>\u0391\u03c1\u03b9\u03b8\u03bc\u03cc\u03c2 \u03bc\u03b7\u03c4\u03c1\u03ce\u03bf\u03c5: 0729082869300001 (MERSIS)<\/p>\n","protected":false},"excerpt":{"rendered":"<p>\u0397 ARKITEK \u03b9\u03b4\u03c1\u03cd\u03b8\u03b7\u03ba\u03b5 \u03c4\u03bf 2018 \u03ba\u03b1\u03b9 \u03b1\u03c0\u03bf\u03c4\u03b5\u03bb\u03b5\u03af\u03c4\u03b1\u03b9 \u03b1\u03c0\u03cc \u03b5\u03c0\u03b1\u03b3\u03b3\u03b5\u03bb\u03bc\u03b1\u03c4\u03af\u03b5\u03c2 \u03c4\u03bf\u03c5 \u03ba\u03bb\u03ac\u03b4\u03bf\u03c5 \u03c4\u03b7\u03c2 \u03c0\u03bb\u03b7\u03c1\u03bf\u03c6\u03bf\u03c1\u03b9\u03ba\u03ae\u03c2 \u03ba\u03b1\u03b9 \u03c4\u03c9\u03bd \u03c4\u03b7\u03bb\u03b5\u03c0\u03b9\u03ba\u03bf\u03b9\u03bd\u03c9\u03bd\u03b9\u03ce\u03bd \u03bc\u03b5 20+ \u03c7\u03c1\u03cc\u03bd\u03b9\u03b1 \u03b5\u03bc\u03c0\u03b5\u03b9\u03c1\u03af\u03b1\u03c2 \u03c3\u03c4\u03b7\u03bd \u03b5\u03be\u03c5\u03c0\u03b7\u03c1\u03ad\u03c4\u03b7\u03c3\u03b7 \u03c0\u03b1\u03b3\u03ba\u03cc\u03c3\u03bc\u03b9\u03c9\u03bd \u03c0\u03b5\u03bb\u03b1\u03c4\u03ce\u03bd \u03c3\u03c4\u03b7\u03bd \u03c0\u03c1\u03bf\u03c3\u03c0\u03ac\u03b8\u03b5\u03b9\u03ac \u03c4\u03bf\u03c5\u03c2 \u03bd\u03b1 \u03c7\u03c1\u03b7\u03c3\u03b9\u03bc\u03bf\u03c0\u03bf\u03b9\u03bf\u03cd\u03bd \u03c4\u03b7\u03bd \u03c4\u03b5\u03c7\u03bd\u03bf\u03bb\u03bf\u03b3\u03af\u03b1 \u03cc\u03c3\u03bf \u03c4\u03bf \u03b4\u03c5\u03bd\u03b1\u03c4\u03cc\u03bd \u03c0\u03b9\u03bf \u03b1\u03c0\u03bf\u03b4\u03bf\u03c4\u03b9\u03ba\u03ac \u03ba\u03b1\u03b9 \u03ba\u03b5\u03c1\u03b4\u03bf\u03c6\u03cc\u03c1\u03b1. \u039c\u03b5 \u03ad\u03b4\u03c1\u03b1 \u03c4\u03b7\u03bd \u039a\u03c9\u03bd\u03c3\u03c4\u03b1\u03bd\u03c4\u03b9\u03bd\u03bf\u03cd\u03c0\u03bf\u03bb\u03b7 (\u03c3\u03c4\u03b7 \u03b4\u03b9\u03b1\u03c3\u03cd\u03bd\u03b4\u03b5\u03c3\u03b7 \u03c4\u03b7\u03c2 \u0395\u03c5\u03c1\u03ce\u03c0\u03b7\u03c2 \u03ba\u03b1\u03b9 \u03c4\u03b7\u03c2 \u0391\u03c3\u03af\u03b1\u03c2) \u03ba\u03b1\u03b9 \u03c5\u03c0\u03b7\u03c1\u03b5\u03c3\u03af\u03b5\u03c2 \u03c3\u03b5 \u03c0\u03b1\u03b3\u03ba\u03cc\u03c3\u03bc\u03b9\u03bf \u03b5\u03c0\u03af\u03c0\u03b5\u03b4\u03bf, \u03c6\u03ad\u03c1\u03bd\u03bf\u03c5\u03bc\u03b5 &hellip; <\/p>\n<p class=\"link-more\"><a href=\"https:\/\/arkitek.net\/el\/schetika-me-emas\/\" class=\"more-link\">\u03a3\u03c5\u03bd\u03b5\u03c7\u03af\u03c3\u03c4\u03b5 \u03c4\u03b7\u03bd \u03b1\u03bd\u03ac\u03b3\u03bd\u03c9\u03c3\u03b7 \u03c4\u03bf\u03c5<span class=\"screen-reader-text\"> &#8220;\u03a3\u03c7\u03b5\u03c4\u03b9\u03ba\u03ac \u03bc\u03b5 \u03b5\u03bc\u03ac\u03c2&#8221;<\/span><\/a><\/p>\n","protected":false},"author":1,"featured_media":1106,"parent":0,"menu_order":0,"comment_status":"closed","ping_status":"closed","template":"","meta":{"inline_featured_image":false,"footnotes":""},"class_list":["post-239","page","type-page","status-publish","has-post-thumbnail","hentry"],"_links":{"self":[{"href":"https:\/\/arkitek.net\/el\/wp-json\/wp\/v2\/pages\/239","targetHints":{"allow":["GET"]}}],"collection":[{"href":"https:\/\/arkitek.net\/el\/wp-json\/wp\/v2\/pages"}],"about":[{"href":"https:\/\/arkitek.net\/el\/wp-json\/wp\/v2\/types\/page"}],"author":[{"embeddable":true,"href":"https:\/\/arkitek.net\/el\/wp-json\/wp\/v2\/users\/1"}],"replies":[{"embeddable":true,"href":"https:\/\/arkitek.net\/el\/wp-json\/wp\/v2\/comments?post=239"}],"version-history":[{"count":0,"href":"https:\/\/arkitek.net\/el\/wp-json\/wp\/v2\/pages\/239\/revisions"}],"wp:featuredmedia":[{"embeddable":true,"href":"https:\/\/arkitek.net\/el\/wp-json\/wp\/v2\/media\/1106"}],"wp:attachment":[{"href":"https:\/\/arkitek.net\/el\/wp-json\/wp\/v2\/media?parent=239"}],"curies":[{"name":"wp","href":"https:\/\/api.w.org\/{rel}","templated":true}]}}