
{"id":859,"date":"2024-07-01T18:06:57","date_gmt":"2024-07-01T15:06:57","guid":{"rendered":"https:\/\/new.arkitek.net\/rechtshinweise\/cookie-richtlinie\/"},"modified":"2024-07-10T13:16:52","modified_gmt":"2024-07-10T10:16:52","slug":"cookie-richtlinie","status":"publish","type":"page","link":"https:\/\/arkitek.net\/de\/legal\/cookie-richtlinie\/","title":{"rendered":"Cookie-Richtlinie"},"content":{"rendered":"\n<p>ARKITEK Telekom\u00fcnikasyon A.\u015e. (\u201ewir\u201c) hat diese Cookie-Richtlinie erstellt, um die Art und Weise zu beschreiben, wie wir Cookies und andere Technologien wie Pixel, Tags und Beacons auf unserer Website verwenden.<\/p>\n\n<p>Die spezifischen Namen und Arten der Cookies, Pixel und \u00e4hnlichen Technologien, die wir zur Datenerfassung verwenden, k\u00f6nnen sich von Zeit zu Zeit \u00e4ndern. Um Ihnen das Verst\u00e4ndnis unserer Cookie-Richtlinie zu erleichtern, finden Sie im Folgenden eine Erl\u00e4uterung der Begriffe Cookies, Pixel, Tags und Beacons: <\/p>\n\n<ul class=\"wp-block-list\">\n<li>Cookies: Ein Cookie ist eine kleine Textdatei, die eine Website auf Ihrem Computer oder Mobilger\u00e4t speichert, wenn Sie die Website besuchen. Dadurch kann sich die Website \u00fcber einen bestimmten Zeitraum an Ihre Aktionen und Einstellungen (wie Anmeldung, Sprache, Schriftgr\u00f6\u00dfe und andere Anzeigeeinstellungen) erinnern, sodass Sie diese nicht jedes Mal neu eingeben m\u00fcssen, wenn Sie auf die Website zur\u00fcckkehren oder von einer Seite zur n\u00e4chsten wechseln. <\/li>\n\n\n\n<li>Pixel, Tags und Beacons (Tracker): Hierbei handelt es sich um kleine Grafiken, die auf unseren Websites, in unseren Diensten, Anwendungen, Nachrichten und Tools enthalten sein k\u00f6nnen und die in der Regel in Verbindung mit Cookies verwendet werden, um unsere Benutzer und ihr Benutzerverhalten zu identifizieren.<\/li>\n<\/ul>\n\n<h2 class=\"wp-block-heading\">Wie verwenden wir Cookies?<\/h2>\n\n<p>Cookies werden verwendet, um Sie bei einem Besuch unserer Website wiederzuerkennen und Ihre Einstellungen zu speichern. Die Informationen, die wir durch die Verwendung von Cookies erhalten, werden nicht dazu verwendet, Sie pers\u00f6nlich zu identifizieren, es sei denn, Sie melden sich bei einer unserer Websites an. Wir verwenden Cookies f\u00fcr die hierin festgelegten Zwecke.  <\/p>\n\n<p>Unsere Cookies werden f\u00fcr Folgendes verwendet:<\/p>\n\n<ul class=\"wp-block-list\">\n<li>Ihnen die richtigen Informationen anzeigen und Ihre Online-Erfahrung personalisieren, wenn Sie bei einer unserer Web-Eigenschaften angemeldet sind.<\/li>\n\n\n\n<li>Denken Sie an Ihre bevorzugte Sprache.<\/li>\n\n\n\n<li>Helfen Sie Benutzern, Formulare auf unserer Website einfacher auszuf\u00fcllen.<\/li>\n\n\n\n<li>Erfahren Sie mehr \u00fcber die Leistung unserer Website.<\/li>\n\n\n\n<li>Denken Sie daran, dass Sie der Verwendung von Cookies auf unserer Website zugestimmt haben.<\/li>\n<\/ul>\n\n<p>Au\u00dferdem verwenden einige in unsere Seiten eingebettete Videos ein Cookie, um anonym Statistiken dar\u00fcber zu sammeln, wie Sie dorthin gelangt sind und welche Videos Sie besucht haben.<\/p>\n\n<p>Sitzungscookies bleiben so lange bestehen, bis Sie die Website verlassen. Permanente Cookies bleiben so lange bestehen, bis sie gel\u00f6scht werden oder ablaufen. Die meisten auf unserer Website verwendeten Cookies sind permanent. Sie verfallen daher zwischen 90 Tagen und zwei Jahren nach dem Herunterladen auf Ihr Ger\u00e4t.   <\/p>\n\n<p>Cookies werden auch von Drittanbietern wie Google, LinkedIn und Twitter gespeichert, die als Unternehmensdienstleister die Effektivit\u00e4t und Effizienz unserer Webseiten anhand anonymer Informationen dar\u00fcber messen, woher die Benutzer kommen, mit welchen Funktionen der Website sie interagieren und wie lange sie auf unserer Website bleiben.<\/p>\n\n<p>Erfahren Sie mehr \u00fcber einige der von uns verwendeten Drittanbieter-Cookies und wie Sie diese Cookies deaktivieren k\u00f6nnen:<\/p>\n\n<ul class=\"wp-block-list\">\n<li>Google: <a href=\"https:\/\/www.google.com\/analytics\/terms\/us.html\" target=\"_blank\" rel=\"noreferrer noopener nofollow\">https:\/\/www.google.com\/analytics\/terms\/us.html<\/a><\/li>\n\n\n\n<li>Twitter: <a href=\"https:\/\/help.twitter.com\/en\/rules-and-policies\/twitter-cookies\" target=\"_blank\" rel=\"noreferrer noopener nofollow\">https:\/\/help.twitter.com\/en\/rules-and-policies\/twitter-cookies<\/a><\/li>\n<\/ul>\n\n<p>Die oben beschriebenen Cookies sind f\u00fcr die Funktion unserer Website nicht unbedingt erforderlich, aber sie bieten Ihnen eine bessere Benutzererfahrung. Sie k\u00f6nnen diese Cookies l\u00f6schen oder blockieren, aber dann funktionieren einige Funktionen dieser Website m\u00f6glicherweise nicht wie vorgesehen. <\/p>\n\n<h2 class=\"wp-block-heading\">Wie Sie Cookies kontrollieren<\/h2>\n\n<p>Sie k\u00f6nnen Cookies nach Belieben steuern und\/oder l\u00f6schen. Weitere Informationen finden Sie unter <a href=\"http:\/\/aboutcookies.org\" target=\"_blank\" rel=\"noreferrer noopener nofollow\">aboutcookies.org<\/a>. Sie k\u00f6nnen bereits auf Ihrem Computer gespeicherte Cookies l\u00f6schen und die meisten Browser so einstellen, dass keine Cookies mehr gespeichert werden. Wenn Sie dies tun, m\u00fcssen Sie jedoch m\u00f6glicherweise bei jedem Besuch einer Website die Einstellungen manuell anpassen, und einige Dienste und Funktionen funktionieren m\u00f6glicherweise nicht wie vorgesehen. <\/p>\n\n<p>Weitere Informationen zu unseren Datenschutzpraktiken finden Sie in unserer <a href=\"https:\/\/arkitek.net\/de\/legal\/datenschutzerklarung\/\" data-type=\"page\" data-id=\"783\">Datenschutzrichtlinie<\/a>.<\/p>\n","protected":false},"excerpt":{"rendered":"<p>ARKITEK Telekom\u00fcnikasyon A.\u015e. (\u201ewir\u201c) hat diese Cookie-Richtlinie erstellt, um die Art und Weise zu beschreiben, wie wir Cookies und andere Technologien wie Pixel, Tags und Beacons auf unserer Website verwenden. Die spezifischen Namen und Arten der Cookies, Pixel und \u00e4hnlichen Technologien, die wir zur Datenerfassung verwenden, k\u00f6nnen sich von Zeit zu Zeit \u00e4ndern. Um Ihnen &hellip; <\/p>\n<p class=\"link-more\"><a href=\"https:\/\/arkitek.net\/de\/legal\/cookie-richtlinie\/\" class=\"more-link\"><span class=\"screen-reader-text\">\u201eCookie-Richtlinie\u201c <\/span>weiterlesen<\/a><\/p>\n","protected":false},"author":1,"featured_media":1075,"parent":578,"menu_order":3,"comment_status":"closed","ping_status":"closed","template":"","meta":{"inline_featured_image":false,"footnotes":""},"class_list":["post-859","page","type-page","status-publish","has-post-thumbnail","hentry"],"_links":{"self":[{"href":"https:\/\/arkitek.net\/de\/wp-json\/wp\/v2\/pages\/859","targetHints":{"allow":["GET"]}}],"collection":[{"href":"https:\/\/arkitek.net\/de\/wp-json\/wp\/v2\/pages"}],"about":[{"href":"https:\/\/arkitek.net\/de\/wp-json\/wp\/v2\/types\/page"}],"author":[{"embeddable":true,"href":"https:\/\/arkitek.net\/de\/wp-json\/wp\/v2\/users\/1"}],"replies":[{"embeddable":true,"href":"https:\/\/arkitek.net\/de\/wp-json\/wp\/v2\/comments?post=859"}],"version-history":[{"count":0,"href":"https:\/\/arkitek.net\/de\/wp-json\/wp\/v2\/pages\/859\/revisions"}],"up":[{"embeddable":true,"href":"https:\/\/arkitek.net\/de\/wp-json\/wp\/v2\/pages\/578"}],"wp:featuredmedia":[{"embeddable":true,"href":"https:\/\/arkitek.net\/de\/wp-json\/wp\/v2\/media\/1075"}],"wp:attachment":[{"href":"https:\/\/arkitek.net\/de\/wp-json\/wp\/v2\/media?parent=859"}],"curies":[{"name":"wp","href":"https:\/\/api.w.org\/{rel}","templated":true}]}}