
{"id":758,"date":"2024-07-01T18:03:35","date_gmt":"2024-07-01T15:03:35","guid":{"rendered":"https:\/\/new.arkitek.net\/rechtshinweise\/nutzungsbedingungen\/"},"modified":"2024-07-10T12:50:06","modified_gmt":"2024-07-10T09:50:06","slug":"nutzungsbedingungen","status":"publish","type":"page","link":"https:\/\/arkitek.net\/de\/legal\/nutzungsbedingungen\/","title":{"rendered":"Nutzungsbedingungen"},"content":{"rendered":"\n<h2 class=\"wp-block-heading\">Willkommen bei ARKITEK Telekom\u00fcnikasyon A.\u015e.<\/h2>\n\n<p>Diese Nutzungsbedingungen enthalten die Regeln und Vorschriften f\u00fcr die Nutzung der Website von ARKITEK Telekom\u00fcnikasyon A.\u015e. <span style=\"text-transform: capitalize;\">Unser Hauptsitz<\/span> befindet sich in:<\/p>\n\n<address>Ferko Signature Building Esentepe Mah.<br\/>\nB\u00fcy\u00fckdere Cad. No: 175\/7, \u015ei\u015fli, 34394, Istanbul, T\u00dcRK\u0130YE <\/address>\n\n<p>Durch den Zugriff auf diese Website erkl\u00e4ren Sie sich mit diesen Nutzungsbedingungen in vollem Umfang einverstanden. Wenn Sie nicht alle auf dieser Seite genannten Nutzungsbedingungen akzeptieren, d\u00fcrfen Sie die Website von ARKITEK Telekom\u00fcnikasyon A.\u015e. nicht weiter nutzen. \n <\/p>\n\n<p>Die folgenden Begriffe gelten f\u00fcr diese Nutzungsbedingungen, die Datenschutzerkl\u00e4rung und den Haftungsausschluss sowie f\u00fcr alle oder einzelne Vereinbarungen: \u201eKunde\u201c, \u201eSie\u201c und \u201eIhr(e)\u201c beziehen sich auf Sie, die Person, die auf diese Website zugreift und die Nutzungsbedingungen des Unternehmens akzeptiert. \u201eDas Unternehmen\u201c, \u201ewir\u201c, \u201eunsere(s)\u201c, \u201eunser(e)\u201c, \u201euns\u201c und \u201eunsere(s)\u201c beziehen sich auf unser Unternehmen. \u201ePartei\u201c, \u201eParteien\u201c oder \u201euns\u201c beziehen sich sowohl auf den Kunden als auch auf uns oder entweder auf den Kunden oder auf uns. Alle Begriffe beziehen sich auf das Angebot, die Annahme und die Ber\u00fccksichtigung der Zahlung, die erforderlich sind, um den Prozess unserer Unterst\u00fctzung f\u00fcr den Kunden auf die bestm\u00f6gliche Weise durchzuf\u00fchren, sei es durch formelle Besprechungen von festgelegter Dauer oder auf andere Weise, mit dem ausdr\u00fccklichen Ziel, die Bed\u00fcrfnisse des Kunden in Bezug auf die Bereitstellung der angegebenen Dienstleistungen\/Produkte des Unternehmens zu erf\u00fcllen, in \u00dcbereinstimmung mit und vorbehaltlich des geltenden Rechts. Die Verwendung der oben genannten Begriffe oder anderer W\u00f6rter in der Einzahl, Mehrzahl, Gro\u00dfschreibung und\/oder der Form he\/she oder they werden als austauschbar und daher als gleichbedeutend angesehen.    <\/p>\n\n<h2 class=\"wp-block-heading\">Cookies<\/h2>\n\n<p>Wir verwenden Cookies. Durch die Nutzung unserer Website erkl\u00e4ren Sie sich mit der Verwendung von Cookies gem\u00e4\u00df unserer <a href=\"\" data-type=\"\" data-id=\"\">Datenschutzrichtlinie<\/a> einverstanden. <\/p>\n\n<p>Die meisten modernen interaktiven Websites verwenden Cookies, um Benutzerdaten f\u00fcr jeden Besuch abrufen zu k\u00f6nnen. Cookies werden in einigen Bereichen unserer Website verwendet, um die Funktionalit\u00e4t dieses Bereichs zu gew\u00e4hrleisten und die Nutzung f\u00fcr die Besucher zu vereinfachen. Einige unserer Partner- und Werbepartner verwenden m\u00f6glicherweise ebenfalls Cookies.  <\/p>\n\n<h2 class=\"wp-block-heading\">Lizenz<\/h2>\n\n<p>Sofern nicht anders angegeben, sind ARKITEK Telekom\u00fcnikasyon A.\u015e. und\/oder seine Lizenzgeber Eigent\u00fcmer der geistigen Eigentumsrechte f\u00fcr alle Materialien auf ARKITEK Telekom\u00fcnikasyon A.\u015e. Alle geistigen Eigentumsrechte sind vorbehalten. Sie k\u00f6nnen Seiten von https:\/\/arkitek.net f\u00fcr Ihren pers\u00f6nlichen Gebrauch anzeigen und\/oder ausdrucken, sofern Sie die in diesen Nutzungsbedingungen festgelegten Einschr\u00e4nkungen einhalten.<\/p>\n\n<p>Sie d\u00fcrfen nicht:<\/p>\n\n<ol class=\"wp-block-list\">\n<li>Material von <a href=\"https:\/\/arkitek.net\">https:\/\/arkitek.net<\/a> erneut ver\u00f6ffentlichen<\/li>\n\n\n\n<li>Verkaufen, vermieten oder vergeben Sie Unterlizenzen f\u00fcr Material von <a href=\"https:\/\/arkitek.net\">https:\/\/arkitek.net<\/a><\/li>\n\n\n\n<li>Material von <a href=\"https:\/\/arkitek.net\">https:\/\/arkitek.net<\/a> reproduzieren, vervielf\u00e4ltigen oder kopieren<\/li>\n<\/ol>\n\n<p>Inhalte von <a href=\"https:\/\/arkitek.net\/de\/uber-uns\/\" data-type=\"page\" data-id=\"12\">ARKITEK Telekom\u00fcnikasyon A.\u015e.<\/a> weiterzugeben (es sei denn, die Inhalte sind speziell f\u00fcr die Weiterverteilung vorgesehen).<\/p>\n\n<h2 class=\"wp-block-heading\">Hyperlinks zu unseren Inhalten<\/h2>\n\n<ol class=\"wp-block-list\">\n<li>Die folgenden Organisationen k\u00f6nnen ohne vorherige schriftliche Genehmigung einen Link zu unserer Website einrichten:\n\n\n<ol class=\"wp-block-list\">\n<li>Regierungsbeh\u00f6rden;<\/li>\n\n\n\n<li>Suchmaschinen;<\/li>\n\n\n\n<li>Nachrichtenagenturen;<\/li>\n\n\n\n<li>Online-Verzeichnisanbieter, die uns in ihrem Verzeichnis auff\u00fchren, k\u00f6nnen auf unsere Website verlinken, und zwar auf die gleiche Weise, wie sie Hyperlinks zu den Websites anderer aufgef\u00fchrter Unternehmen setzen.<\/li>\n\n\n\n<li>Systemweit akkreditierte Unternehmen, mit Ausnahme von gemeinn\u00fctzigen Organisationen, Wohlt\u00e4tigkeits-Einkaufszentren und Wohlt\u00e4tigkeitsgruppen, die keine Hyperlinks zu unserer Website setzen d\u00fcrfen.<\/li>\n<\/ol>\n<\/li>\n<\/ol>\n\n<ol class=\"wp-block-list\">\n<li>Diese Organisationen k\u00f6nnen auf unsere Homepage, auf Publikationen oder auf andere Informationen auf der Website verlinken, solange der Link \n\n<ol class=\"wp-block-list\" style=\"list-style-type:lower-alpha\">\n<li>ist in keiner Weise irref\u00fchrend; <\/li>\n\n\n\n<li>nicht f\u00e4lschlicherweise eine Unterst\u00fctzung, Billigung oder Genehmigung der verlinkenden Partei und ihrer Produkte oder Dienstleistungen impliziert; und <\/li>\n\n\n\n<li>in den Kontext der Website der verlinkenden Partei passt.<br\/><\/li>\n<\/ol>\n<\/li>\n\n\n\n<li>Wir k\u00f6nnen nach eigenem Ermessen auch andere Linkanfragen von den folgenden Arten von Organisationen in Betracht ziehen und genehmigen:\n<ul class=\"wp-block-list\">\n<li>allgemein bekannte Verbraucher- und\/oder Gesch\u00e4ftsinformationsquellen wie Handelskammern, American Automobile Association, AARP und Consumers Union;<\/li>\n\n\n\n<li>dot.com-Community-Websites;<\/li>\n\n\n\n<li>Verb\u00e4nde oder andere Gruppen, die Wohlt\u00e4tigkeitsorganisationen vertreten, einschlie\u00dflich Websites f\u00fcr Spenden an Wohlt\u00e4tigkeitsorganisationen<\/li>\n\n\n\n<li>Online-Verzeichnis-Verteiler;<\/li>\n\n\n\n<li>Internetportale;<\/li>\n\n\n\n<li>Buchhaltungs-, Rechts- und Beratungsunternehmen, deren Hauptkunden Unternehmen sind; und<\/li>\n\n\n\n<li>Bildungseinrichtungen und Handelsverb\u00e4nde.<\/li>\n<\/ul>\n<\/li>\n<\/ol>\n\n<p>Wir werden Linkanfragen dieser Organisationen genehmigen, wenn wir feststellen, dass (a) der Link nicht negativ auf uns oder unsere akkreditierten Unternehmen zur\u00fcckf\u00e4llt (beispielsweise d\u00fcrfen Handelsverb\u00e4nde oder andere Organisationen, die von Natur aus verd\u00e4chtige Gesch\u00e4ftsarten vertreten, wie etwa Heimarbeit, nicht verlinkt werden); (b) die Organisation keine unbefriedigende Bilanz bei uns aufweist ; (c) der Nutzen, den wir aus der mit dem Hyperlink verbundenen Sichtbarkeit ziehen, \u00fcberwiegt den Nachteil, dass unser Firmenname nicht genannt wird; und (d) der Link im Zusammenhang mit allgemeinen Ressourceninformationen steht oder anderweitig mit dem redaktionellen Inhalt eines Newsletters oder eines \u00e4hnlichen Produkts \u00fcbereinstimmt, das die Mission der Organisation f\u00f6rdert.    <\/p>\n\n<p>Diese Organisationen k\u00f6nnen auf unsere Homepage, auf Publikationen oder auf andere Informationen auf unserer Website verlinken, solange der Link: (a) in keiner Weise irref\u00fchrend ist; (b) nicht f\u00e4lschlicherweise eine Unterst\u00fctzung, Billigung oder Genehmigung der verlinkenden Partei und ihrer Produkte oder Dienstleistungen impliziert; und (c) in den Kontext der Website der verlinkenden Partei passt.   <\/p>\n\n<p>Wenn Sie zu den in Absatz 2 oben aufgef\u00fchrten Organisationen geh\u00f6ren und an einer Verlinkung zu unserer Website interessiert sind, m\u00fcssen Sie uns per E-Mail an <a href=\"mailto:info@arkitek.net\">info@arkitek.net<\/a> benachrichtigen. Bitte geben Sie Ihren Namen, den Namen Ihrer Organisation, Kontaktinformationen (wie Telefonnummer und\/oder E-Mail-Adresse) sowie die URL Ihrer Website, eine Liste aller URLs, von denen aus Sie auf unsere Website verlinken m\u00f6chten, und eine Liste der URL(s) auf unserer Website, auf die Sie verlinken m\u00f6chten, an. Bitte rechnen Sie mit einer Antwort innerhalb von 2 bis 3 Wochen. <\/p>\n\n<p>Zugelassene Organisationen k\u00f6nnen wie folgt einen Hyperlink zu unserer Website erstellen:<\/p>\n\n<ol class=\"wp-block-list\">\n<li>Durch die Verwendung unseres Firmennamens; oder<\/li>\n\n\n\n<li>Durch die Verwendung des Uniform Resource Locator (Webadresse), auf den verwiesen wird; oder<\/li>\n\n\n\n<li>Durch die Verwendung einer anderen Beschreibung unserer Website oder des damit verkn\u00fcpften Materials, die im Kontext und Format des Inhalts auf der Website des verkn\u00fcpften Anbieters Sinn ergibt.<\/li>\n<\/ol>\n\n<p>Ohne eine Markenlizenzvereinbarung ist die Verwendung des Logos oder anderer Grafiken von ARKITEK Telekom\u00fcnikasyon A.\u015e. f\u00fcr die Verlinkung nicht gestattet.<\/p>\n\n<h2 class=\"wp-block-heading\">Iframes<\/h2>\n\n<p>Ohne vorherige Genehmigung und ausdr\u00fcckliche schriftliche Erlaubnis d\u00fcrfen Sie keine Frames um unsere Webseiten erstellen oder andere Techniken verwenden, die die visuelle Darstellung oder das Erscheinungsbild unserer Website in irgendeiner Weise ver\u00e4ndern.<\/p>\n\n<h2 class=\"wp-block-heading\">Vorbehalt der Rechte<\/h2>\n\n<p>Wir behalten uns das Recht vor, jederzeit und nach eigenem Ermessen zu verlangen, dass Sie alle Links oder einen bestimmten Link zu unserer Website entfernen. Sie erkl\u00e4ren sich damit einverstanden, auf eine solche Aufforderung hin alle Links zu unserer Website unverz\u00fcglich zu entfernen. Wir behalten uns au\u00dferdem das Recht vor, diese Bedingungen und die Linking-Richtlinie jederzeit zu \u00e4ndern. Durch die weitere Verlinkung zu unserer Website erkl\u00e4ren Sie sich mit diesen Linking-Bedingungen einverstanden und verpflichten sich, diese einzuhalten.   <\/p>\n\n<h2 class=\"wp-block-heading\">Entfernung von Links von unserer Website<\/h2>\n\n<p>Wenn Sie einen Link auf unserer Website oder einer verlinkten Website aus irgendeinem Grund f\u00fcr anst\u00f6\u00dfig halten, k\u00f6nnen Sie uns dies mitteilen. Wir werden Anfragen zur Entfernung von Links pr\u00fcfen, sind jedoch nicht verpflichtet, dies zu tun oder Ihnen direkt zu antworten. <\/p>\n\n<p>Obwohl wir uns bem\u00fchen, sicherzustellen, dass die Informationen auf dieser Website korrekt sind, \u00fcbernehmen wir keine Gew\u00e4hr f\u00fcr deren Vollst\u00e4ndigkeit oder Richtigkeit. Wir verpflichten uns auch nicht, daf\u00fcr zu sorgen, dass die Website verf\u00fcgbar bleibt oder dass das Material auf der Website auf dem neuesten Stand gehalten wird.<\/p>\n\n<h2 class=\"wp-block-heading\">Inhaltliche Haftung<\/h2>\n\n<p>Wir \u00fcbernehmen keine Verantwortung oder Haftung f\u00fcr die Inhalte Ihrer Website. Sie erkl\u00e4ren sich damit einverstanden, uns von allen Anspr\u00fcchen freizustellen und uns gegen alle Anspr\u00fcche zu verteidigen, die sich aus Ihrer Website ergeben oder auf Ihrer Website basieren. Auf keiner Seite Ihrer Website oder in einem Kontext, der Inhalte oder Materialien enth\u00e4lt, die als beleidigend, obsz\u00f6n oder kriminell ausgelegt werden k\u00f6nnen oder die Rechte Dritter verletzen, anderweitig gegen diese versto\u00dfen oder die Verletzung oder anderweitige Verletzung dieser Rechte bef\u00fcrworten, d\u00fcrfen Links erscheinen.  <\/p>\n\n<h2 class=\"wp-block-heading\">Haftungsausschluss<\/h2>\n\n<p>Im gr\u00f6\u00dftm\u00f6glichen Umfang, der durch geltendes Recht zul\u00e4ssig ist, schlie\u00dfen wir alle Zusicherungen, Gew\u00e4hrleistungen und Bedingungen in Bezug auf unsere Website und die Nutzung dieser Website aus (einschlie\u00dflich, aber nicht beschr\u00e4nkt auf alle gesetzlichen Gew\u00e4hrleistungen in Bezug auf zufriedenstellende Qualit\u00e4t, Eignung f\u00fcr einen bestimmten Zweck und\/oder die Anwendung angemessener Sorgfalt und Sachkenntnis). Dieser Haftungsausschluss gilt nicht f\u00fcr: <\/p>\n\n<ol class=\"wp-block-list\">\n<li>unsere oder Ihre Haftung f\u00fcr Tod oder K\u00f6rperverletzung aufgrund von Fahrl\u00e4ssigkeit zu beschr\u00e4nken oder auszuschlie\u00dfen;<\/li>\n\n\n\n<li>unsere oder Ihre Haftung f\u00fcr Betrug oder betr\u00fcgerische Falschdarstellung zu beschr\u00e4nken oder auszuschlie\u00dfen;<\/li>\n\n\n\n<li>unsere oder Ihre Haftung in einer Weise zu beschr\u00e4nken, die nach geltendem Recht nicht zul\u00e4ssig ist; oder<\/li>\n\n\n\n<li>Ausschluss jeglicher unserer oder Ihrer Haftung, die nach geltendem Recht nicht ausgeschlossen werden kann.<\/li>\n<\/ol>\n\n<p>Die in diesem Abschnitt und an anderer Stelle in diesem Haftungsausschluss aufgef\u00fchrten Haftungsbeschr\u00e4nkungen und -ausschl\u00fcsse: (a) unterliegen dem vorstehenden Absatz; und (b) regeln alle Verbindlichkeiten, die sich aus dem Haftungsausschluss oder in Bezug auf den Gegenstand dieses Haftungsausschlusses ergeben, einschlie\u00dflich Verbindlichkeiten, die sich aus Vertr\u00e4gen, unerlaubten Handlungen (einschlie\u00dflich Fahrl\u00e4ssigkeit) und der Verletzung gesetzlicher Pflichten ergeben.  <\/p>\n\n<p>Da die Website und die auf der Website bereitgestellten Informationen und Dienste kostenlos zur Verf\u00fcgung gestellt werden, haften wir nicht f\u00fcr Verluste oder Sch\u00e4den jeglicher Art.<\/p>\n","protected":false},"excerpt":{"rendered":"<p>Willkommen bei ARKITEK Telekom\u00fcnikasyon A.\u015e. Diese Nutzungsbedingungen enthalten die Regeln und Vorschriften f\u00fcr die Nutzung der Website von ARKITEK Telekom\u00fcnikasyon A.\u015e. Unser Hauptsitz befindet sich in: Ferko Signature Building Esentepe Mah. B\u00fcy\u00fckdere Cad. No: 175\/7, \u015ei\u015fli, 34394, Istanbul, T\u00dcRK\u0130YE Durch den Zugriff auf diese Website erkl\u00e4ren Sie sich mit diesen Nutzungsbedingungen in vollem Umfang einverstanden. &hellip; <\/p>\n<p class=\"link-more\"><a href=\"https:\/\/arkitek.net\/de\/legal\/nutzungsbedingungen\/\" class=\"more-link\"><span class=\"screen-reader-text\">\u201eNutzungsbedingungen\u201c <\/span>weiterlesen<\/a><\/p>\n","protected":false},"author":1,"featured_media":1075,"parent":578,"menu_order":1,"comment_status":"closed","ping_status":"closed","template":"","meta":{"inline_featured_image":false,"footnotes":""},"class_list":["post-758","page","type-page","status-publish","has-post-thumbnail","hentry"],"_links":{"self":[{"href":"https:\/\/arkitek.net\/de\/wp-json\/wp\/v2\/pages\/758","targetHints":{"allow":["GET"]}}],"collection":[{"href":"https:\/\/arkitek.net\/de\/wp-json\/wp\/v2\/pages"}],"about":[{"href":"https:\/\/arkitek.net\/de\/wp-json\/wp\/v2\/types\/page"}],"author":[{"embeddable":true,"href":"https:\/\/arkitek.net\/de\/wp-json\/wp\/v2\/users\/1"}],"replies":[{"embeddable":true,"href":"https:\/\/arkitek.net\/de\/wp-json\/wp\/v2\/comments?post=758"}],"version-history":[{"count":0,"href":"https:\/\/arkitek.net\/de\/wp-json\/wp\/v2\/pages\/758\/revisions"}],"up":[{"embeddable":true,"href":"https:\/\/arkitek.net\/de\/wp-json\/wp\/v2\/pages\/578"}],"wp:featuredmedia":[{"embeddable":true,"href":"https:\/\/arkitek.net\/de\/wp-json\/wp\/v2\/media\/1075"}],"wp:attachment":[{"href":"https:\/\/arkitek.net\/de\/wp-json\/wp\/v2\/media?parent=758"}],"curies":[{"name":"wp","href":"https:\/\/api.w.org\/{rel}","templated":true}]}}