
{"id":695,"date":"2024-07-01T18:24:16","date_gmt":"2024-07-01T15:24:16","guid":{"rendered":"https:\/\/new.arkitek.net\/loesungen\/telekommunikation\/virtuelles-privates-netzwerk-vpn\/"},"modified":"2024-07-10T22:37:31","modified_gmt":"2024-07-10T19:37:31","slug":"virtuelles-privates-netzwerk-vpn","status":"publish","type":"page","link":"https:\/\/arkitek.net\/de\/losungen\/telecommunikation\/virtuelles-privates-netzwerk-vpn\/","title":{"rendered":"Virtuelles Privates Netzwerk (VPN)"},"content":{"rendered":"\n<p>Erm\u00f6glichen Sie Ihren Mitarbeitern, jederzeit von \u00fcberall aus auf Firmenlaptops oder pers\u00f6nlichen Mobilger\u00e4ten zu arbeiten, und stellen Sie dabei sicher, dass es keine Sicherheitsl\u00fccken in Ihrem Netzwerk und Ihren Daten gibt. ARK\u0130TEK vereinfacht den sicheren Endpunktzugriff und bietet die erforderliche Sicherheit, um Ihre Organisation zu sch\u00fctzen und zu sichern. Wir arbeiten mit Ihnen zusammen, um Ihre Anforderungen zu verstehen, und schlagen eine einzigartige technische L\u00f6sung vor, die wir schl\u00fcsselfertig liefern, wenn Sie sie ben\u00f6tigen. <\/p>\n\n<h2 class=\"wp-block-heading\">Die L\u00f6sung<\/h2>\n\n<p>Die VPN-L\u00f6sung von ARK\u0130TEK kann auf allen Desktop- und Mobilbetriebssystemen ausgef\u00fchrt werden und unterst\u00fctzt VPNs und andere Sicherheitsdienste, sch\u00fctzt verschiedene WAN-Designs und hilft Unternehmen, ihr wichtigstes Gut \u2013 Daten \u2013 zu sch\u00fctzen, egal ob diese \u00fcbertragen oder gespeichert werden.<\/p>\n\n<h2 class=\"wp-block-heading\">Einfacher, Sicherer Zugang<\/h2>\n\n<p>Erm\u00f6glichen Sie es Ihren Mitarbeitern, jederzeit von \u00fcberall aus auf Firmen-Laptops oder privaten Mobilger\u00e4ten zu arbeiten. Erhalten Sie Endpunkttransparenz im gesamten Unternehmen. Sch\u00fctzen Sie Ihre Mitarbeiter im und au\u00dferhalb des Netzwerks. Setzen Sie Richtlinien f\u00fcr verbundene Endpunkte durch.   <\/p>\n\n<h2 class=\"wp-block-heading\">Tiefe Sichtbarkeit, Kontext und Kontrolle<\/h2>\n\n<p>Verhindern Sie Verst\u00f6\u00dfe. \u00dcberwachen Sie kontinuierlich das gesamte Dateiverhalten, um versteckte Angriffe aufzudecken. Erkennen, blockieren und beseitigen Sie fortgeschrittene Malware an allen Endpunkten. Und das alles schnell und automatisch.   <\/p>\n\n<h2 class=\"wp-block-heading\">Zentralisierte Ger\u00e4teverwaltung<\/h2>\n\n<p>Sollte die Anzahl der Clients steigen, kann die L\u00f6sung erweitert werden, um sowohl mobile als auch Desktop-Ger\u00e4te in dem hochsicheren, browserbasierten benutzerdefinierten Dashboard zu kontrollieren. Diese Option bietet die M\u00f6glichkeit, neue Ger\u00e4te nahtlos einzubinden und die Anwendung von Sicherheitsrichtlinien zu automatisieren. <\/p>\n\n<h2 class=\"wp-block-heading\">Private VPN-L\u00f6sung<\/h2>\n\n<p>Die L\u00f6sung von ARK\u0130TEK ist so flexibel und erschwinglich, dass sie von Expat-Familien, kleinen Au\u00dfenstellen im Ausland oder Einzelpersonen, die st\u00e4ndig unterwegs sind, genutzt werden kann, um eine sichere, zuverl\u00e4ssige und leistungsstarke Verbindung zu den Netzwerkressourcen im Heimatland herzustellen. Mit dieser L\u00f6sung k\u00f6nnen Sie jegliche Geoblocking-Ma\u00dfnahmen (die in der Regel von Videostreaming-Diensten eingesetzt werden) und lokale Zensurma\u00dfnahmen umgehen, indem Sie einen verschl\u00fcsselten Tunnel f\u00fcr alle Computer, netzwerkf\u00e4higen Multimedia-Ger\u00e4te (Smart-TV, Spielekonsolen usw.) und Smartphones\/Tablets innerhalb und au\u00dferhalb Ihres Wohnbereichs bereitstellen. <\/p>\n","protected":false},"excerpt":{"rendered":"<p>Erm\u00f6glichen Sie Ihren Mitarbeitern, jederzeit von \u00fcberall aus auf Firmenlaptops oder pers\u00f6nlichen Mobilger\u00e4ten zu arbeiten, und stellen Sie dabei sicher, dass es keine Sicherheitsl\u00fccken in Ihrem Netzwerk und Ihren Daten gibt. ARK\u0130TEK vereinfacht den sicheren Endpunktzugriff und bietet die erforderliche Sicherheit, um Ihre Organisation zu sch\u00fctzen und zu sichern. Wir arbeiten mit Ihnen zusammen, um &hellip; <\/p>\n<p class=\"link-more\"><a href=\"https:\/\/arkitek.net\/de\/losungen\/telecommunikation\/virtuelles-privates-netzwerk-vpn\/\" class=\"more-link\"><span class=\"screen-reader-text\">\u201eVirtuelles Privates Netzwerk (VPN)\u201c <\/span>weiterlesen<\/a><\/p>\n","protected":false},"author":1,"featured_media":1115,"parent":410,"menu_order":4,"comment_status":"closed","ping_status":"closed","template":"","meta":{"inline_featured_image":false,"footnotes":""},"class_list":["post-695","page","type-page","status-publish","has-post-thumbnail","hentry"],"_links":{"self":[{"href":"https:\/\/arkitek.net\/de\/wp-json\/wp\/v2\/pages\/695","targetHints":{"allow":["GET"]}}],"collection":[{"href":"https:\/\/arkitek.net\/de\/wp-json\/wp\/v2\/pages"}],"about":[{"href":"https:\/\/arkitek.net\/de\/wp-json\/wp\/v2\/types\/page"}],"author":[{"embeddable":true,"href":"https:\/\/arkitek.net\/de\/wp-json\/wp\/v2\/users\/1"}],"replies":[{"embeddable":true,"href":"https:\/\/arkitek.net\/de\/wp-json\/wp\/v2\/comments?post=695"}],"version-history":[{"count":0,"href":"https:\/\/arkitek.net\/de\/wp-json\/wp\/v2\/pages\/695\/revisions"}],"up":[{"embeddable":true,"href":"https:\/\/arkitek.net\/de\/wp-json\/wp\/v2\/pages\/410"}],"wp:featuredmedia":[{"embeddable":true,"href":"https:\/\/arkitek.net\/de\/wp-json\/wp\/v2\/media\/1115"}],"wp:attachment":[{"href":"https:\/\/arkitek.net\/de\/wp-json\/wp\/v2\/media?parent=695"}],"curies":[{"name":"wp","href":"https:\/\/api.w.org\/{rel}","templated":true}]}}