
{"id":677,"date":"2024-07-01T18:19:30","date_gmt":"2024-07-01T15:19:30","guid":{"rendered":"https:\/\/new.arkitek.net\/loesungen\/telekommunikation\/ipv6-migration\/"},"modified":"2024-07-10T22:26:59","modified_gmt":"2024-07-10T19:26:59","slug":"ipv6-migration","status":"publish","type":"page","link":"https:\/\/arkitek.net\/de\/losungen\/telecommunikation\/ipv6-migration\/","title":{"rendered":"IPv6-Migration"},"content":{"rendered":"\n<p>Mobilfunkanbieter und Service Provider verlassen sich zunehmend auf IP-basierte Datendienstangebote, um ihre Einnahmen zu sichern. Gleichzeitig hat der Breitbandverkehr sowohl im Festnetz als auch im Mobilfunknetz mit Web 2.0, IoT, Video und Social Media explosionsartig zugenommen, was zu einer erh\u00f6hten Nachfrage seitens der Nutzer f\u00fchrt. <\/p>\n\n<p>Ausgehend von den heutigen Festnetzen bedienen sie heute mehr als 500 Millionen Teilnehmer, und die Netze sind auf die Kosten pro Bit optimiert, um gro\u00dfe Datenmengen von jedem Benutzer verarbeiten zu k\u00f6nnen. Dar\u00fcber hinaus bedienen Mobilfunknetze bereits heute mehr als 5 Milliarden Teilnehmer, und die Dienste sind mit Netzen, die f\u00fcr eine gro\u00dfe Teilnehmerbasis optimiert sind, st\u00e4rker personalisiert.  <\/p>\n\n<p>Obwohl IPv6 gegen\u00fcber IPv4 viele Vorteile bietet, z\u00f6gern die Betreiber, den \u00dcbergang zu vollziehen, da die Technologie \u201est\u00f6render\u201d ist als Plug-and-Play. Der Ersch\u00f6pfung des IPv4-Adressraums wird stattdessen mit Investitionen in <a href=\"\">CGNAT<\/a> begegnet. <\/p>\n\n<h2 class=\"wp-block-heading\">Die L\u00f6sung<\/h2>\n\n<p>Der IPv6-Migrationsservice von ARK\u0130TEK bietet Betreibern eine M\u00f6glichkeit, IPv6 reibungslos in das Netzwerk zu integrieren. Zun\u00e4chst wird die Differenz zwischen dem aktuellen Status Ihres Netzwerks und der gew\u00fcnschten Position ermittelt, dann eine \u00dcbergangsstrategie und eine Auswirkungsanalyse definiert, die Migration geplant und schlie\u00dflich in einem schrittweisen Ansatz neue IPv6-basierte Dienste bereitgestellt, die Ihr Unternehmen ben\u00f6tigt.<\/p>\n\n<p>Ein erfolgreicher \u00dcbergang von einem IPv4-basierten Netzwerk zu einem nativen IPv6-Netzwerk ist dann gegeben, wenn IPv6-Elemente in das Netzwerk integriert werden, w\u00e4hrend gleichzeitig die Kompatibilit\u00e4t mit der bereits vorhandenen IP-Infrastruktur erhalten bleibt. Daher m\u00fcssen IPv6-Ger\u00e4te noch f\u00fcr einige Zeit mit den vorhandenen Ger\u00e4ten interagieren und funktionieren. <\/p>\n\n<p>Die Abonnenten erwarten einen Service, der mindestens genauso gut ist wie die IPv4-basierten Dienste, und keine Serviceunterbrechungen. Au\u00dferdem erwarten sie eine Auswahl an Endger\u00e4ten und eine einfache oder gar keine zus\u00e4tzliche Konfiguration, um die Dienste nutzen zu k\u00f6nnen. <\/p>\n\n<p>Idealerweise sollte der Benutzer nicht wissen m\u00fcssen, welche IP-Version verwendet wird, sodass die Anwendungen und das Betriebssystem die IP-Version nach Bedarf ausw\u00e4hlen und verwenden k\u00f6nnen.\n\n<\/p>\n\n<p>Daher sind Koexistenztechniken erforderlich, insbesondere wenn die meisten Benutzer IPv6 verwenden und einige Dienste weiterhin auf IPv4 basieren. F\u00fcr mobile Benutzer kann ein Benutzer IPv6 haupts\u00e4chlich im Heimnetzwerk des Betreibers verwenden und bei Bedarf in besuchten Netzwerken auf IPv4 zur\u00fcckgreifen.\n \n\n<\/p>\n\n<p>Die Vorteile dieser schrittweisen Einf\u00fchrung von IPv6 f\u00fcr die Betreiber sind:<\/p>\n\n<ul class=\"wp-block-list\">\n<li>Reibungslose Einf\u00fchrung von IPv6 in das Netzwerk des Betreibers und Bereitstellung neuer IPv6-basierter Dienste, wie vom Betreiber f\u00fcr sein Gesch\u00e4ft ben\u00f6tigt<\/li>\n\n\n\n<li>Schrittweiser Ansatz, der es den Bedienern erm\u00f6glicht, nach und nach Erfahrung und Kompetenz zu sammeln<\/li>\n\n\n\n<li>Kosteneffiziente Bereitstellung, die sowohl das Risiko als auch die Kosten der Implementierung reduziert.<\/li>\n<\/ul>\n","protected":false},"excerpt":{"rendered":"<p>Mobilfunkanbieter und Service Provider verlassen sich zunehmend auf IP-basierte Datendienstangebote, um ihre Einnahmen zu sichern. Gleichzeitig hat der Breitbandverkehr sowohl im Festnetz als auch im Mobilfunknetz mit Web 2.0, IoT, Video und Social Media explosionsartig zugenommen, was zu einer erh\u00f6hten Nachfrage seitens der Nutzer f\u00fchrt. Ausgehend von den heutigen Festnetzen bedienen sie heute mehr als &hellip; <\/p>\n<p class=\"link-more\"><a href=\"https:\/\/arkitek.net\/de\/losungen\/telecommunikation\/ipv6-migration\/\" class=\"more-link\"><span class=\"screen-reader-text\">\u201eIPv6-Migration\u201c <\/span>weiterlesen<\/a><\/p>\n","protected":false},"author":1,"featured_media":1115,"parent":410,"menu_order":3,"comment_status":"closed","ping_status":"closed","template":"","meta":{"inline_featured_image":false,"footnotes":""},"class_list":["post-677","page","type-page","status-publish","has-post-thumbnail","hentry"],"_links":{"self":[{"href":"https:\/\/arkitek.net\/de\/wp-json\/wp\/v2\/pages\/677","targetHints":{"allow":["GET"]}}],"collection":[{"href":"https:\/\/arkitek.net\/de\/wp-json\/wp\/v2\/pages"}],"about":[{"href":"https:\/\/arkitek.net\/de\/wp-json\/wp\/v2\/types\/page"}],"author":[{"embeddable":true,"href":"https:\/\/arkitek.net\/de\/wp-json\/wp\/v2\/users\/1"}],"replies":[{"embeddable":true,"href":"https:\/\/arkitek.net\/de\/wp-json\/wp\/v2\/comments?post=677"}],"version-history":[{"count":0,"href":"https:\/\/arkitek.net\/de\/wp-json\/wp\/v2\/pages\/677\/revisions"}],"up":[{"embeddable":true,"href":"https:\/\/arkitek.net\/de\/wp-json\/wp\/v2\/pages\/410"}],"wp:featuredmedia":[{"embeddable":true,"href":"https:\/\/arkitek.net\/de\/wp-json\/wp\/v2\/media\/1115"}],"wp:attachment":[{"href":"https:\/\/arkitek.net\/de\/wp-json\/wp\/v2\/media?parent=677"}],"curies":[{"name":"wp","href":"https:\/\/api.w.org\/{rel}","templated":true}]}}