
{"id":656,"date":"2024-07-01T18:17:57","date_gmt":"2024-07-01T15:17:57","guid":{"rendered":"https:\/\/new.arkitek.net\/loesungen\/telekommunikation\/festnetz-breitband-teilnehmeranschluss\/"},"modified":"2024-07-10T22:19:29","modified_gmt":"2024-07-10T19:19:29","slug":"festnetz-breitband-teilnehmeranschluss","status":"publish","type":"page","link":"https:\/\/arkitek.net\/de\/losungen\/telecommunikation\/festnetz-breitband-teilnehmeranschluss\/","title":{"rendered":"Festnetz-Breitband-Teilnehmeranschluss"},"content":{"rendered":"\n<p>Die schnelle Verbreitung von Internet-TV und -Video treibt das Datenverkehrsvolumen in die H\u00f6he, wobei ein wachsender Teil der verf\u00fcgbaren Dienste jetzt auch HD-Inhalte anbietet. Tats\u00e4chlich machen Internet-TV und -Video bereits mehr als die H\u00e4lfte des gesamten Internetverkehrs aus. <\/p>\n\n<p>W\u00e4hrend die bevorstehende mobile Breitbandtechnologie und Geschwindigkeitsrekorde die gesamte Medienberichterstattung in Anspruch nehmen, ist es eine Tatsache, dass die festen Breitbandnetze immer noch die Hauptlast tragen. Die Gesamtzahl der festen Breitbandabonnenten w\u00e4chst zwar nicht so schnell wie die der mobilen Abonnenten, aber der Datenverkehr der festen Abonnenten verdoppelt sich jedes Jahr. <\/p>\n\n<p>Das Wachstum des Volumens und der Vielfalt ist f\u00fcr Netzbetreiber sowohl eine Chance als auch eine Herausforderung. Einerseits werden Internetdienste f\u00fcr immer mehr Bereiche des Lebens immer wichtiger: f\u00fcr die Wirtschaft, f\u00fcr die Bildung, f\u00fcr die soziale Interaktion, f\u00fcr die Unterhaltung. Dies er\u00f6ffnet neue Umsatzm\u00f6glichkeiten. Andererseits erfordert das voraussichtliche Wachstum Investitionen in die Aufr\u00fcstung der Netzwerke, und diese Aufr\u00fcstung kann mit zus\u00e4tzlichen Betriebskosten verbunden sein. Es sind moderne Strategien erforderlich, um den Wert dieser Investitionen zu maximieren und die damit verbundenen Kosten zu minimieren. Insbesondere der klassische Ansatz der \u00dcberversorgung mit Netzwerkkapazit\u00e4ten, um eine hohe Qualit\u00e4t der Endbenutzererfahrung zu gew\u00e4hrleisten, wird unerschwinglich ineffizient werden.     <\/p>\n\n<p>Stattdessen m\u00fcssen Netzwerke intelligenter werden. Sie m\u00fcssen Anwendungstypen, Endger\u00e4te und Endbenutzerpr\u00e4ferenzen erkennen, um die Benutzererfahrung zu optimieren und eine faire Nutzung der verf\u00fcgbaren Netzwerkressourcen zu gew\u00e4hrleisten. Netzwerke m\u00fcssen auch einfacher und damit kosteng\u00fcnstiger zu betreiben sein, wobei die Komplexit\u00e4t, die ihre neue Intelligenz antreibt, verborgen bleiben muss. Und sie m\u00fcssen eine erstklassige Ausfallsicherheit bieten, um im seltenen Fall eines Ausfalls eine reibungslose Verschlechterung und minimale Unterbrechungen zu gew\u00e4hrleisten.   <\/p>\n\n<h2 class=\"wp-block-heading\">Die L\u00f6sung<\/h2>\n\n<p>Die PTA-L\u00f6sung von ARK\u0130TEK bietet Festnetz-Breitband-Internetdienstanbietern eine Vorlage, mit der sie ihre eigene oder gemeinsam genutzte Infrastruktur schnell und effizient implementieren, optimieren und erweitern k\u00f6nnen \u2013 immer in \u00dcbereinstimmung mit Branchenstandards, lokalen Vorschriften, bew\u00e4hrten Verfahren und Implementierungen.<\/p>\n\n<p>Die anbieterunabh\u00e4ngige L\u00f6sung von ARK\u0130TEK f\u00fcr die Breitband-Teilnehmerterminierung bietet Dienstanbietern und Unternehmen jeder Gr\u00f6\u00dfe eine solide Grundlage f\u00fcr die Implementierung eines hochskalierbaren, zuverl\u00e4ssigen Multiservice-Netzwerks, das dank differenzierter Dienste, die durch QoS erm\u00f6glicht werden, eine hohe Leistung f\u00fcr Sprache, Video und Daten garantiert. Die integrierte Sicherheit bietet einen umfassenden Schutz auf Knoten-, Netzwerk- und Anwendungsebene. <\/p>\n\n<h2 class=\"wp-block-heading\">Designoptionen und Flexibilit\u00e4t<\/h2>\n\n<p>Unsere L\u00f6sung f\u00fcr die Breitband-Teilnehmerterminierung erf\u00fcllt die technischen und betrieblichen Anforderungen von Dienstanbietern jeder Gr\u00f6\u00dfe, geografischen Abdeckung, Betriebs- und Gesch\u00e4ftsmodellen \u2013 ob Einzelhandel, Gro\u00dfhandel oder beides. Wir arbeiten mit Ihnen zusammen, um Ihre Anforderungen und Gesch\u00e4ftsziele zu verstehen, und bieten eine Komplettl\u00f6sung, die perfekt auf Ihre technischen, betrieblichen und finanziellen Anforderungen zugeschnitten ist und stets im Einklang mit den geltenden Vorschriften und den lokalen Gesetzen steht. <\/p>\n\n<h2 class=\"wp-block-heading\">Redundanz<\/h2>\n\n<p>Die L\u00f6sung bietet h\u00f6chste Ausfallsicherheit, Robustheit und Redundanz auf verschiedenen Ebenen, um die h\u00f6chsten SLAs zu erf\u00fcllen. Die physischen\/logischen Schaltkreise und Sitzungen des Teilnehmers k\u00f6nnen auf redundante Knoten und\/oder Leitungskarten und Schnittstellen innerhalb desselben Knotens verteilt werden. Die L\u00f6sung umfasst zustandsbehaftete und zustandslose Hochverf\u00fcgbarkeitsszenarien (sofern von der aktiven Ausr\u00fcstung unterst\u00fctzt).  <\/p>\n\n<h2 class=\"wp-block-heading\">Skalierbarkeit und Leistung<\/h2>\n\n<p>W\u00e4hrend die Gesamtzahl der Abonnenten, die damit verbundenen Dienste und die durchschnittliche Download-Geschwindigkeit pro Abonnent wichtige Parameter f\u00fcr die Dimensionierung der L\u00f6sung sind, ber\u00fccksichtigen wir auch andere Variablen (wie Frame-\/Paket-Overhead, Prozessorbeschr\u00e4nkungen, Redundanzanforderungen, Einrichtungsrate der Abonnenten, QoS usw.), um Ihren Abonnenten die bestm\u00f6gliche Qualit\u00e4t zu bieten.<\/p>\n\n<p>Von Modems\/Routern f\u00fcr den Privatgebrauch bis hin zu Routern f\u00fcr den Austausch von Internetverkehr (f\u00fcr den Verkehr auf Benutzerebene) und AAA (RADIUS), Policy Manager, DHCP und Funktionen wie DPI (f\u00fcr den Signalisierungsverkehr) \u2013 jeder einzelne Knoten und jede Schnittstelle wird in unseren Umfang einbezogen, um eine genaue Leistungsbewertung der L\u00f6sung zu erhalten, wenn sie implementiert und in Betrieb genommen wird.<\/p>\n","protected":false},"excerpt":{"rendered":"<p>Die schnelle Verbreitung von Internet-TV und -Video treibt das Datenverkehrsvolumen in die H\u00f6he, wobei ein wachsender Teil der verf\u00fcgbaren Dienste jetzt auch HD-Inhalte anbietet. Tats\u00e4chlich machen Internet-TV und -Video bereits mehr als die H\u00e4lfte des gesamten Internetverkehrs aus. W\u00e4hrend die bevorstehende mobile Breitbandtechnologie und Geschwindigkeitsrekorde die gesamte Medienberichterstattung in Anspruch nehmen, ist es eine Tatsache, &hellip; <\/p>\n<p class=\"link-more\"><a href=\"https:\/\/arkitek.net\/de\/losungen\/telecommunikation\/festnetz-breitband-teilnehmeranschluss\/\" class=\"more-link\"><span class=\"screen-reader-text\">\u201eFestnetz-Breitband-Teilnehmeranschluss\u201c <\/span>weiterlesen<\/a><\/p>\n","protected":false},"author":1,"featured_media":1115,"parent":410,"menu_order":2,"comment_status":"closed","ping_status":"closed","template":"","meta":{"inline_featured_image":false,"footnotes":""},"class_list":["post-656","page","type-page","status-publish","has-post-thumbnail","hentry"],"_links":{"self":[{"href":"https:\/\/arkitek.net\/de\/wp-json\/wp\/v2\/pages\/656","targetHints":{"allow":["GET"]}}],"collection":[{"href":"https:\/\/arkitek.net\/de\/wp-json\/wp\/v2\/pages"}],"about":[{"href":"https:\/\/arkitek.net\/de\/wp-json\/wp\/v2\/types\/page"}],"author":[{"embeddable":true,"href":"https:\/\/arkitek.net\/de\/wp-json\/wp\/v2\/users\/1"}],"replies":[{"embeddable":true,"href":"https:\/\/arkitek.net\/de\/wp-json\/wp\/v2\/comments?post=656"}],"version-history":[{"count":0,"href":"https:\/\/arkitek.net\/de\/wp-json\/wp\/v2\/pages\/656\/revisions"}],"up":[{"embeddable":true,"href":"https:\/\/arkitek.net\/de\/wp-json\/wp\/v2\/pages\/410"}],"wp:featuredmedia":[{"embeddable":true,"href":"https:\/\/arkitek.net\/de\/wp-json\/wp\/v2\/media\/1115"}],"wp:attachment":[{"href":"https:\/\/arkitek.net\/de\/wp-json\/wp\/v2\/media?parent=656"}],"curies":[{"name":"wp","href":"https:\/\/api.w.org\/{rel}","templated":true}]}}