
{"id":638,"date":"2024-07-01T18:15:18","date_gmt":"2024-07-01T15:15:18","guid":{"rendered":"https:\/\/new.arkitek.net\/loesungen\/telekommunikation\/konvergiertes-paket-backbone-netzwerk\/"},"modified":"2024-07-10T22:16:07","modified_gmt":"2024-07-10T19:16:07","slug":"konvergiertes-paket-backbone-netzwerk","status":"publish","type":"page","link":"https:\/\/arkitek.net\/de\/losungen\/telecommunikation\/konvergiertes-paket-backbone-netzwerk\/","title":{"rendered":"Konvergiertes Paket-Backbone-Netzwerk"},"content":{"rendered":"\n<p>Angesichts der rasanten technologischen Fortschritte in der mobilen Telekommunikation wird unsere Vision einer vernetzten, \u201eimmer online\u201c Welt schneller Wirklichkeit als erwartet. Die anf\u00e4nglichen GPRS-Geschwindigkeiten von 14,4 kbit\/s sind auf die aktuellen 5G-Geschwindigkeiten von \u00fcber 1 Gbit\/s gestiegen. F\u00fcr Betreiber und Dienstleister, die mit diesen Ver\u00e4nderungen Schritt halten k\u00f6nnen, bieten sich unz\u00e4hlige Umsatzm\u00f6glichkeiten, aber auch viele betriebliche Herausforderungen.  <\/p>\n\n<p>Der st\u00e4ndige Wettlauf um die Vernetzung nicht nur der Menschen, sondern auch der Objekte stellt traditionelle Gesch\u00e4ftsmodelle in Frage und zwingt viele Dienstleister zu st\u00e4ndigen Innovationen, um wettbewerbsf\u00e4hig zu bleiben. Da die Markteinf\u00fchrungszeit f\u00fcr neue Dienste f\u00fcr die Steigerung der Einnahmen immer wichtiger wird, stehen die Betreiber unter dem Druck, ihre Netzwerke schnell zu modernisieren. <\/p>\n\n<p>Da Dienstleister nicht \u00fcber viel Zeit verf\u00fcgen, ben\u00f6tigen sie Anbieter von Ausr\u00fcstung, die bew\u00e4hrte, verifizierte IP-Infrastrukturl\u00f6sungen bereitstellen k\u00f6nnen, die Netzwerkkomponenten integrieren und Funktionen oder Anwendungen in k\u00fcrzester Zeit bereitstellen. Dar\u00fcber hinaus ist es aufgrund der rasanten technologischen Entwicklung schwierig, hochqualifizierte Produktexperten zu finden. Viele Dienstleister sind mittlerweile auf externe Anbieter angewiesen, um technische Aufgaben wie Netzwerkplanung, -design, -einf\u00fchrung und -wartung zu bew\u00e4ltigen.  <\/p>\n\n<p>Eine weitere Realit\u00e4t dieser rasanten Entwicklung ist die Unvermeidbarkeit, dass mehrere Generationen mobiler Technologien nebeneinander existieren m\u00fcssen. In einer Welt, in der die Senkung der Investitionsausgaben und die Reduzierung der Betriebskosten unerl\u00e4sslich sind, steigt der Druck auf die Anbieter, die Erweiterbarkeit der Netzwerke zu gew\u00e4hrleisten, um zuk\u00fcnftige Technologien zu unterst\u00fctzen. <\/p>\n\n<p>Folglich ben\u00f6tigen Betreiber ein Netzwerk, das sowohl zukunftssicher als auch abw\u00e4rtskompatibel ist, um kostspielige Upgrades der Gabelstapler und die Kosten f\u00fcr die st\u00e4ndige Weiterbildung des Personals zu vermeiden.<\/p>\n\n<h2 class=\"wp-block-heading\">Die L\u00f6sung<\/h2>\n\n<p>W\u00e4hrend die Betreiber ihre Netzwerke kontinuierlich anpassen m\u00fcssen, um mit der enormen Nachfrage Schritt zu halten, und ein Betriebsmodell einf\u00fchren m\u00fcssen, das die schnelle Einf\u00fchrung neuer Dienste unterst\u00fctzt, helfen unsere vorab getesteten und verifizierten End-to-End-IP-Infrastrukturl\u00f6sungen und unser Know-how dabei, diese Umstellung so nahtlos und effizient wie m\u00f6glich zu gestalten.<\/p>\n\n<p>Unsere professionellen Service-Experten haben Tausende von Stunden in die Entwicklung, Planung, Einf\u00fchrung und Wartung von Festnetz-, Mobilfunk- und konvergenten Netzwerken investiert. Wenn Sie bereit sind, sich in der Welt der rasanten technologischen Entwicklung zurechtzufinden, ist ARK\u0130TEK der ideale Partner, um Ihr strategisch wichtigstes Kapital \u2013 Ihr Netzwerk \u2013 zu monetarisieren. <\/p>\n\n<p>Die anbieterunabh\u00e4ngige <strong>Konvergiertes Paket-Backbone-Netzwerk Solution<\/strong> von ARK\u0130TEK bietet Betreibern, Dienstanbietern und Unternehmen jeder Gr\u00f6\u00dfe eine solide Grundlage f\u00fcr die Implementierung eines hochskalierbaren, zuverl\u00e4ssigen Multiservice-Netzwerks, das dank differenzierter Dienste, die durch QoS erm\u00f6glicht werden, eine garantierte Leistung f\u00fcr Sprache, Video und Daten bietet. Die integrierte Sicherheit bietet einen umfassenden Schutz auf Knoten-, Netzwerk- und Anwendungsebene. <\/p>\n\n<p>Die CPBN-L\u00f6sung von ARKITEK bietet eine IP-Infrastruktur mit mehreren Diensten f\u00fcr mobile Kern- und konvergierte Metro-Netzwerke und unterst\u00fctzt Breitband-Paketdatendienste, Mobile Softswitching und IMS. Sie bietet eine Zuverl\u00e4ssigkeit in Telekommunikationsqualit\u00e4t und wurde entwickelt, um eine effiziente Umstellung auf All-IP zu unterst\u00fctzen. CPBN beschleunigt die Einf\u00fchrung neuer unternehmenskritischer IP-Infrastrukturen und minimiert die Implementierungskosten und -risiken f\u00fcr den Betreiber. Das Professional Services Team von ARKITEK sorgt f\u00fcr die erfolgreiche Planung, Integration und Bereitstellung der Netzwerkinfrastruktur des Betreibers sowie f\u00fcr die fortlaufende Verwaltung und Schulung.    <\/p>\n\n<p>CPBN ist eine IP-Infrastrukturl\u00f6sung mit mehreren Diensten, die vollst\u00e4ndige Konnektivit\u00e4tsl\u00f6sungen f\u00fcr den Transport innerhalb und zwischen Standorten umfasst und dabei die Aspekte Leistung, Zuverl\u00e4ssigkeit, Skalierbarkeit, Sicherheit und Verwaltbarkeit ber\u00fccksichtigt. <\/p>\n\n<p>CPBN verbindet alle Kernnetzknoten und -server. Es stellt au\u00dferdem die erforderliche IP-Konnektivit\u00e4t zwischen dem Kernnetz, dem Servicenetz, den Funkzugangsnetzen und externen Netzwerken wie GPRS Roaming Exchange (GRX), dem Internet und Unternehmensstandorten bereit.  <\/p>\n\n<h2 class=\"wp-block-heading\">Optimales Design f\u00fcr das Verkehrsnetz<\/h2>\n\n<p>Das optimale Design eines konvergierten Transportnetzwerks muss eine effiziente, verkehrsorientierte Transportf\u00e4higkeit bieten, die den gesamten Weg vom IP-RAN zum festen\/mobilen Kern, \u00fcber den mobilen Backhaul und den Paket-Backbone abdeckt. Die Skalierung des mobilen Backhaul-Netzwerks stellt jedoch eine gro\u00dfe Herausforderung dar. Mit zunehmender Geschwindigkeit des Benutzerzugriffs kann ein Transportnetzwerk, das von der Funkbasisstation ausgeht und an der BSC oder RNC endet, zu einem kritischen Engpass werden und die Benutzererfahrung beeintr\u00e4chtigen.  <\/p>\n\n<h2 class=\"wp-block-heading\">Vorteile f\u00fcr den Betreiber<\/h2>\n\n<p>Die CPBN-L\u00f6sung von ARKITEK bietet folgende Vorteile f\u00fcr den Betreiber:<\/p>\n\n<p><strong>Bietet zuverl\u00e4ssige Abonnentenservices.<\/strong> Probleme wie die Gestaltung von Netzwerken mit hoher Verf\u00fcgbarkeit, Jitter, Verz\u00f6gerungen und Paketverlust sind gro\u00dfe Herausforderungen f\u00fcr die IP-Infrastruktur. Wir nutzen die Kompetenz und Erfahrung von ARKITEK, um Echtzeitdienste bereitzustellen, auf die sich ein Betreiber verlassen kann.<\/p>\n\n<p><strong>Reduziertes Risiko.<\/strong> Wir entwerfen Paketnetzwerke seit 1999 und waren an mehr als 50 weltweiten Kundenimplementierungen beteiligt. Daher handelt es sich um eine bew\u00e4hrte Referenzl\u00f6sung mit bew\u00e4hrten professionellen Services, die Betreibern, die den Weg zu All-IP einschlagen, einen risikoarmen Pfad bietet, einschlie\u00dflich Unterst\u00fctzung f\u00fcr moderne Technologien und Automatisierung. <\/p>\n\n<p><strong>Erm\u00f6glicht eine schnellere Bereitstellung von Dienstleistungen und die Generierung von Einnahmen.<\/strong> Das grundlegende CPBN-Referenzdesign basiert auf Standards, ist gut dokumentiert und verifiziert. Dieses bew\u00e4hrte Design hat sich daher bew\u00e4hrt und erm\u00f6glicht eine schnellere Inbetriebnahme, da es die Evaluierungs- und Integrationsaufgaben und -kosten reduziert, die entstehen, wenn ein Betreiber eine ma\u00dfgeschneiderte L\u00f6sung von mehreren Anbietern entwirft. <\/p>\n\n<p><\/p>\n\n<p><strong>Senkt die Netzwerkkosten \u00fcber die gesamte Lebensdauer und maximiert die Nutzung der Kapitalinvestition.<\/strong> CPBN ist eine langfristige L\u00f6sung mit einer gut geplanten Migration, die MSS, IMS und LTE\/EPC umfasst. Es bietet eine modulare, skalierbare Architektur und skalierbare Plattformen, die hohe Datenverkehrslasten f\u00fcr zuk\u00fcnftiges Wachstum unterst\u00fctzen k\u00f6nnen. <\/p>\n\n<p><strong>Liefert vorhersehbare, differenzierte Dienstleistungen.<\/strong> Dies gilt f\u00fcr den Echtzeit-Datenverkehr (z. B. Sprach\u00fcbertragung), Streaming-Datenverkehr, E-Mail-Verkehr, Browsing-Datenverkehr usw. F\u00fcr jeden dieser Datenverkehrstypen ist eine bestimmte QoS festgelegt, und je nach den Anforderungen der Anwendung kann ein entsprechender deterministischer Dienst bereitgestellt werden. <\/p>\n\n<p><strong>Bietet eine sichere Netzwerkinfrastruktur f\u00fcr Betreiber, Benutzer und deren Datenverkehr.<\/strong> Dies stellt eine echte Bedrohung f\u00fcr die Betreiber dar, insbesondere da die IP-Infrastruktur nun auch Abrechnungsdaten, Betriebs- und Wartungsdaten sowie Signalisierungsdaten transportiert. CPBN verfolgt einen ganzheitlichen Sicherheitsansatz, der Bedrohungen aus internen und externen Quellen ber\u00fccksichtigt, und entwickelt eine betreiberspezifische L\u00f6sung, die auf einem mehrschichtigen Ansatz basiert. <\/p>\n\n<p><strong>Erm\u00f6glicht skalierbares Wachstum von klein bis sehr gro\u00df.<\/strong> CPBN verwendet eine skalierbare Architektur mit vordefinierten Standorttypen, modularen L\u00f6sungen und skalierbaren Netzwerkelementplattformen, um eine Netzwerkarchitektur zu schaffen, die mit der Anzahl der Abonnenten und dem Datenverkehr mitwachsen kann.<\/p>\n\n<h3 class=\"wp-block-heading\">Reduzieren Sie die Abwanderung von Abonnenten<\/h3>\n\n<p class=\"has-pale-cyan-blue-background-color has-background\">Das Hauptziel der meisten Gesch\u00e4ftsstrategien besteht darin, die Abwanderung von Nutzern zu reduzieren und den durchschnittlichen Umsatz pro Nutzer zu erh\u00f6hen. Da die Abonnenten eine gro\u00dfe Auswahl haben, liegt der Schl\u00fcssel zur Kundenbindung in der Bereitstellung von durchweg hochwertigen und personalisierten Diensten. Um eine hohe Qualit\u00e4t der Erfahrung (QoE) zu bieten, ist ein konvergentes Transportnetz erforderlich, das mit den sich weiterentwickelnden Technologien und dem zunehmenden Datenverkehr skaliert werden kann. Die Dienstanbieter m\u00fcssen au\u00dferdem eine faire Nutzung des Netzwerks gew\u00e4hrleisten und in der Lage sein, f\u00fcr Premium-Dienste, die ein bestimmtes Serviceniveau und eine bestimmte Zuverl\u00e4ssigkeit garantieren, h\u00f6here Preise zu verlangen.   <\/p>\n\n<h2 class=\"wp-block-heading\"><a href=\"https:\/\/new.arkitek.net\/en\/services\/\" data-type=\"page\" data-id=\"74\">Professionelle Dienstleistungen<\/a><\/h2>\n\n<p>Erg\u00e4nzende <a href=\"https:\/\/new.arkitek.net\/en\/services\/\" data-type=\"page\" data-id=\"74\">professionelle Dienstleistungen<\/a> stehen zur Verf\u00fcgung, um das CPBN-L\u00f6sungsdesign zu erweitern, die Netzwerkbereitstellung zu vereinfachen und den laufenden Betrieb zu verwalten.<\/p>\n\n<p>Durch den Einsatz erfahrener und sachkundiger Experten ist ARKITEK in der Lage, eine neue mobile Core-IP-Infrastruktur entsprechend den betreiberspezifischen Anforderungen anzupassen und zu implementieren. ARKITEK bietet gesch\u00e4ftliche und technische Beratungsdienste f\u00fcr alle Aspekte der Netzwerk- und Dienstgestaltung, Implementierung und des Netzwerksupports im laufenden Betrieb, einschlie\u00dflich des umfassenden und proaktiven \u201eSolution Level Support\u201c.  <\/p>\n\n<p>Durch den Einsatz der CPBN-L\u00f6sung k\u00f6nnen erhebliche Einsparungen erzielt werden. Diese werden im Vergleich zu dem alternativen Ansatz erreicht, der h\u00e4ufig angewendet wird, wenn Sie interne Ressourcen f\u00fcr die Entwicklung und Integration einer St\u00fcckwerk-L\u00f6sung auf der Grundlage einer Vielzahl von Anbieterangeboten einsetzen. Ein solcher Ansatz bindet wochen- und monatelang interne Ressourcen und birgt viele Risiken im Zusammenhang mit der Skalierung, Migration und Unterst\u00fctzung der St\u00fcckwerk-Netzwerkl\u00f6sung. Letztendlich geben Sie mehr Geld aus, erh\u00f6hen das Risiko und es dauert l\u00e4nger, bis das Netzwerk in Betrieb genommen werden kann, als bei der Bereitstellung der CPBN-L\u00f6sung von ARKITEK.    <\/p>\n\n<p>Die <a href=\"https:\/\/new.arkitek.net\/en\/services\/\" data-type=\"page\" data-id=\"74\">professionellen Dienstleistungen von ARKITEK<\/a> sind in f\u00fcnf Kategorien unterteilt: \u201e<a href=\"https:\/\/new.arkitek.net\/en\/services\/#Consultancy\" data-type=\"page\" data-id=\"74\">Beratung<\/a>\u201c, \u201e<a href=\"https:\/\/new.arkitek.net\/en\/services\/#Systems-Integration\" data-type=\"page\" data-id=\"74\">Systemintegration<\/a>\u201c, \u201e<a href=\"https:\/\/new.arkitek.net\/en\/services\/#Custom-Development\" data-type=\"page\" data-id=\"74\">Individuelle Entwicklung<\/a>\u201c, \u201e<a href=\"https:\/\/new.arkitek.net\/en\/services\/#Application-And-Software-Testing\" data-type=\"page\" data-id=\"74\">Anwendungs- und Softwaretests<\/a>\u201c und \u201e<a href=\"https:\/\/new.arkitek.net\/en\/services\/#Engineering-Services\" data-type=\"page\" data-id=\"74\">Ingenieurdienstleistungen<\/a>\u201c. Diese bieten Fachwissen und Sicherheit f\u00fcr die gesamte Lebensdauer der Anwendung und der Netzwerkanforderungen, von der Pr\u00fcfung und dem Vorschlag \u00fcber die Implementierung und den Support auf L\u00f6sungsebene bis hin zum Management von Wachstum und Migration. ARKITEK verf\u00fcgt \u00fcber umfangreiche Erfahrung in der Bereitstellung dieser Dienstleistungen, und die Kunden sind auf der ganzen Welt verteilt und umfassen viele der weltweit f\u00fchrenden Unternehmen. <\/p>\n","protected":false},"excerpt":{"rendered":"<p>Angesichts der rasanten technologischen Fortschritte in der mobilen Telekommunikation wird unsere Vision einer vernetzten, \u201eimmer online\u201c Welt schneller Wirklichkeit als erwartet. Die anf\u00e4nglichen GPRS-Geschwindigkeiten von 14,4 kbit\/s sind auf die aktuellen 5G-Geschwindigkeiten von \u00fcber 1 Gbit\/s gestiegen. F\u00fcr Betreiber und Dienstleister, die mit diesen Ver\u00e4nderungen Schritt halten k\u00f6nnen, bieten sich unz\u00e4hlige Umsatzm\u00f6glichkeiten, aber auch viele &hellip; <\/p>\n<p class=\"link-more\"><a href=\"https:\/\/arkitek.net\/de\/losungen\/telecommunikation\/konvergiertes-paket-backbone-netzwerk\/\" class=\"more-link\"><span class=\"screen-reader-text\">\u201eKonvergiertes Paket-Backbone-Netzwerk\u201c <\/span>weiterlesen<\/a><\/p>\n","protected":false},"author":1,"featured_media":1115,"parent":410,"menu_order":1,"comment_status":"closed","ping_status":"closed","template":"","meta":{"inline_featured_image":false,"footnotes":""},"class_list":["post-638","page","type-page","status-publish","has-post-thumbnail","hentry"],"_links":{"self":[{"href":"https:\/\/arkitek.net\/de\/wp-json\/wp\/v2\/pages\/638","targetHints":{"allow":["GET"]}}],"collection":[{"href":"https:\/\/arkitek.net\/de\/wp-json\/wp\/v2\/pages"}],"about":[{"href":"https:\/\/arkitek.net\/de\/wp-json\/wp\/v2\/types\/page"}],"author":[{"embeddable":true,"href":"https:\/\/arkitek.net\/de\/wp-json\/wp\/v2\/users\/1"}],"replies":[{"embeddable":true,"href":"https:\/\/arkitek.net\/de\/wp-json\/wp\/v2\/comments?post=638"}],"version-history":[{"count":0,"href":"https:\/\/arkitek.net\/de\/wp-json\/wp\/v2\/pages\/638\/revisions"}],"up":[{"embeddable":true,"href":"https:\/\/arkitek.net\/de\/wp-json\/wp\/v2\/pages\/410"}],"wp:featuredmedia":[{"embeddable":true,"href":"https:\/\/arkitek.net\/de\/wp-json\/wp\/v2\/media\/1115"}],"wp:attachment":[{"href":"https:\/\/arkitek.net\/de\/wp-json\/wp\/v2\/media?parent=638"}],"curies":[{"name":"wp","href":"https:\/\/api.w.org\/{rel}","templated":true}]}}