
{"id":578,"date":"2024-07-01T17:58:17","date_gmt":"2024-07-01T14:58:17","guid":{"rendered":"https:\/\/new.arkitek.net\/rechtshinweise\/"},"modified":"2024-07-10T13:24:29","modified_gmt":"2024-07-10T10:24:29","slug":"legal","status":"publish","type":"page","link":"https:\/\/arkitek.net\/de\/legal\/","title":{"rendered":"Rechtshinweise"},"content":{"rendered":"\n<h2 class=\"wp-block-heading\"><a href=\"https:\/\/arkitek.net\/de\/legal\/nutzungsbedingungen\/\" data-type=\"page\" data-id=\"52\">Nutzungsbedingungen<\/a><\/h2>\n\n<p>Diese Nutzungsbedingungen regeln Ihren Zugriff auf und Ihre Nutzung der Website sowie aller \u00fcber die Website bereitgestellten Dienste und stellen eine verbindliche rechtliche Vereinbarung zwischen Ihnen und ARKITEK Telekom\u00fcnikasyon A.\u015e. dar.<\/p>\n\n<h2 class=\"wp-block-heading\"><a href=\"https:\/\/arkitek.net\/de\/legal\/datenschutzerklaerung\/\" data-type=\"page\" data-id=\"783\">Datenschutzerkl\u00e4rung<\/a><\/h2>\n\n<p>ARKITEK Telekom\u00fcnikasyon A.\u015e. stellt diese Datenschutzrichtlinie bereit, um die Nutzer \u00fcber unsere Richtlinien und Verfahren in Bezug auf die Erfassung, Verwendung und Offenlegung personenbezogener Daten zu informieren, die von Nutzern dieser Website unter <a href=\"https:\/\/arkitek.net\">arkitek.net<\/a> erhalten werden. Bitte beachten Sie, dass diese Datenschutzrichtlinie nur f\u00fcr diese Website gilt. Diese Datenschutzrichtlinie kann von Zeit zu Zeit aus beliebigen Gr\u00fcnden aktualisiert werden. Wir werden Sie \u00fcber alle wesentlichen \u00c4nderungen unserer Datenschutzrichtlinie informieren, indem wir die neue Datenschutzrichtlinie auf unserer Website ver\u00f6ffentlichen.  <\/p>\n\n<h2 class=\"wp-block-heading\"><a href=\"https:\/\/arkitek.net\/de\/legal\/cookie-richtlinie\/\" data-type=\"page\" data-id=\"54\">Cookie-Richtlinie<\/a><\/h2>\n\n<p>ARKITEK Telekom\u00fcnikasyon A.\u015e. (\u201ewir\u201c) hat diese Cookie-Richtlinie erstellt, um die Art und Weise zu beschreiben, wie wir Cookies und andere Technologien wie Pixel, Tags und Beacons auf unserer Website verwenden.<\/p>\n","protected":false},"excerpt":{"rendered":"<p>Nutzungsbedingungen Diese Nutzungsbedingungen regeln Ihren Zugriff auf und Ihre Nutzung der Website sowie aller \u00fcber die Website bereitgestellten Dienste und stellen eine verbindliche rechtliche Vereinbarung zwischen Ihnen und ARKITEK Telekom\u00fcnikasyon A.\u015e. dar. Datenschutzerkl\u00e4rung ARKITEK Telekom\u00fcnikasyon A.\u015e. stellt diese Datenschutzrichtlinie bereit, um die Nutzer \u00fcber unsere Richtlinien und Verfahren in Bezug auf die Erfassung, Verwendung und &hellip; <\/p>\n<p class=\"link-more\"><a href=\"https:\/\/arkitek.net\/de\/legal\/\" class=\"more-link\"><span class=\"screen-reader-text\">\u201eRechtshinweise\u201c <\/span>weiterlesen<\/a><\/p>\n","protected":false},"author":1,"featured_media":1075,"parent":0,"menu_order":0,"comment_status":"closed","ping_status":"closed","template":"","meta":{"inline_featured_image":false,"footnotes":""},"class_list":["post-578","page","type-page","status-publish","has-post-thumbnail","hentry"],"_links":{"self":[{"href":"https:\/\/arkitek.net\/de\/wp-json\/wp\/v2\/pages\/578","targetHints":{"allow":["GET"]}}],"collection":[{"href":"https:\/\/arkitek.net\/de\/wp-json\/wp\/v2\/pages"}],"about":[{"href":"https:\/\/arkitek.net\/de\/wp-json\/wp\/v2\/types\/page"}],"author":[{"embeddable":true,"href":"https:\/\/arkitek.net\/de\/wp-json\/wp\/v2\/users\/1"}],"replies":[{"embeddable":true,"href":"https:\/\/arkitek.net\/de\/wp-json\/wp\/v2\/comments?post=578"}],"version-history":[{"count":0,"href":"https:\/\/arkitek.net\/de\/wp-json\/wp\/v2\/pages\/578\/revisions"}],"wp:featuredmedia":[{"embeddable":true,"href":"https:\/\/arkitek.net\/de\/wp-json\/wp\/v2\/media\/1075"}],"wp:attachment":[{"href":"https:\/\/arkitek.net\/de\/wp-json\/wp\/v2\/media?parent=578"}],"curies":[{"name":"wp","href":"https:\/\/api.w.org\/{rel}","templated":true}]}}