
{"id":410,"date":"2024-07-01T18:13:15","date_gmt":"2024-07-01T15:13:15","guid":{"rendered":"https:\/\/new.arkitek.net\/loesungen\/telekommunikation\/"},"modified":"2024-07-10T22:03:35","modified_gmt":"2024-07-10T19:03:35","slug":"telecommunikation","status":"publish","type":"page","link":"https:\/\/arkitek.net\/de\/losungen\/telecommunikation\/","title":{"rendered":"Telekommunikation"},"content":{"rendered":"\n<p>Die Telekommunikationsl\u00f6sungen von ARKITEK bieten IP-Infrastrukturl\u00f6sungen f\u00fcr das gesamte Betreiber- oder Unternehmensnetzwerk \u2013 in jeder Gr\u00f6\u00dfe, f\u00fcr jeden Dienst \u2013 Full Stack. Alle Telekommunikationsl\u00f6sungen werden entworfen, getestet, verifiziert und optimiert und zeichnen sich durch h\u00f6chste Leistung, Zuverl\u00e4ssigkeit, Skalierbarkeit, Weiterentwicklung und optimierte Kosten aus. Vom Endbenutzer-Terminal bis zum Internet \u2013 und f\u00fcr alles, was dazwischen liegt, sind Sie bei uns gut aufgehoben.  <\/p>\n\n<hr class=\"wp-block-separator has-css-opacity\"\/>\n\n<h2 class=\"wp-block-heading\"><a href=\"https:\/\/arkitek.net\/de\/losungen\/telecommunikation\/konvergiertes-paket-backbone-netzwerk\/\" data-type=\"page\" data-id=\"60\">Konvergiertes IP-Paket-Backbone<\/a><\/h2>\n\n<p><a href=\"https:\/\/arkitek.net\/de\/losungen\/telecommunikation\/konvergiertes-paket-backbone-netzwerk\/\" data-type=\"page\" data-id=\"60\">Die Packet Backbone Network Solution<\/a> von ARKITEK bietet auf der grundlegendsten Ebene die Konnektivit\u00e4t zwischen und innerhalb von Standorten sowie den Paketverkehr f\u00fcr den gesamten paket- und leitungsvermittelten Verkehr, die Signalisierung, das Netzwerkmanagement und die Geb\u00fchrenerfassung in einem kommerziellen Netzwerk. Diese herstellerunabh\u00e4ngige IP-Infrastruktur mit mehreren Diensten verbindet das Kernnetz mit den Zugangsnetzen, dem Servicenetz, den Rechenzentren, den Abrechnungssystemen, dem Internet, den Peer-Betreibern und den Unternehmensnetzen.<\/p>\n\n<p class=\"more-link\"><a href=\"https:\/\/arkitek.net\/de\/losungen\/telecommunikation\/konvergiertes-paket-backbone-netzwerk\/\" data-type=\"page\" data-id=\"60\">Erfahren Sie mehr<\/a>&#8230;<\/p>\n\n<h2 class=\"wp-block-heading\"><a href=\"https:\/\/arkitek.net\/de\/losungen\/telecommunikation\/festnetz-breitband-teilnehmeranschluss\/\" data-type=\"page\" data-id=\"62\">Festnetz-Breitband-Teilnehmeranschluss<\/a><\/h2>\n\n<p>Die <a href=\"https:\/\/arkitek.net\/de\/losungen\/telecommunikation\/festnetz-breitband-teilnehmeranschluss\/\" data-type=\"page\" data-id=\"62\">PPP Termination Architecture (PTA) Solution<\/a> bietet Festnetz-Breitband-Internetdienstanbietern eine Vorlage, mit der sie ihre eigene oder gemeinsam genutzte Infrastruktur schnell und effizient implementieren, optimieren und erweitern k\u00f6nnen \u2013 immer unter Einhaltung von Branchenstandards, lokalen Vorschriften, bew\u00e4hrten Verfahren und Implementierungen.<\/p>\n\n<p class=\"more-link\"><a href=\"https:\/\/arkitek.net\/de\/losungen\/telecommunikation\/festnetz-breitband-teilnehmeranschluss\/\" data-type=\"page\" data-id=\"62\">Erfahren Sie mehr<\/a>&#8230;<\/p>\n\n<h2 class=\"wp-block-heading\"><a href=\"https:\/\/arkitek.net\/de\/losungen\/telecommunikation\/ipv6-migration\/\" data-type=\"page\" data-id=\"64\">IPv6-Migration<\/a><\/h2>\n\n<p>Die <a href=\"https:\/\/arkitek.net\/de\/losungen\/telecommunikation\/ipv6-migration\/\" data-type=\"page\" data-id=\"64\">IPv6-\u00dcbergangsl\u00f6sung\/-dienstleistung<\/a> von ARKITEK bietet Netzbetreibern eine M\u00f6glichkeit, IPv6 reibungslos in das Netzwerk zu integrieren. Zun\u00e4chst wird die Differenz zwischen dem aktuellen Status Ihres Netzwerks und der gew\u00fcnschten Position ermittelt, dann eine \u00dcbergangsstrategie und eine Auswirkungsanalyse definiert, die Migration geplant und schlie\u00dflich in einem schrittweisen Ansatz neue IPv6-basierte Dienste bereitgestellt, die f\u00fcr Ihr Unternehmen erforderlich sind.<\/p>\n\n<p class=\"more-link\"><a href=\"https:\/\/arkitek.net\/de\/losungen\/telecommunikation\/ipv6-migration\/\" data-type=\"page\" data-id=\"64\">Erfahren Sie mehr<\/a>&#8230;<\/p>\n\n<h2 class=\"wp-block-heading\"><a href=\"https:\/\/arkitek.net\/de\/losungen\/telecommunikation\/virtuelles-privates-netzwerk-vpn\/\" data-type=\"page\" data-id=\"66\">VPN<\/a><\/h2>\n\n<p>Die <a href=\"https:\/\/arkitek.net\/de\/losungen\/telecommunikation\/virtuelles-privates-netzwerk-vpn\/\" data-type=\"page\" data-id=\"66\">Virtual Private Network (VPN)-L\u00f6sung<\/a> von ARKITEK bietet Unternehmen jeder Gr\u00f6\u00dfe die M\u00f6glichkeit, geografisch verteilte physische Netzwerke \u00fcber die \u00f6ffentliche Internetinfrastruktur sicher miteinander zu verbinden. Mitarbeiter k\u00f6nnen so jederzeit von au\u00dferhalb des B\u00fcros auf die Netzwerkressourcen des Unternehmens zugreifen, selbst wenn sie von zu Hause oder von \u00f6ffentlichen WLAN-Standorten aus arbeiten \u2013 die sicherste Methode.<\/p>\n\n<p class=\"more-link\"><a href=\"https:\/\/arkitek.net\/de\/losungen\/telecommunikation\/virtuelles-privates-netzwerk-vpn\/\" data-type=\"page\" data-id=\"66\">Erfahren Sie mehr&#8230;<\/a><\/p>\n\n<h2 class=\"wp-block-heading\"><a href=\"https:\/\/arkitek.net\/de\/losungen\/telecommunikation\/carrier-grade-nat\/\" data-type=\"page\" data-id=\"68\">Carrier-Grade NAT<\/a><\/h2>\n\n<p>Die <a href=\"https:\/\/arkitek.net\/de\/losungen\/telecommunikation\/carrier-grade-nat\/\" data-type=\"page\" data-id=\"68\">CGNAT-L\u00f6sung (Carrier-Grade Network Address Translation)<\/a> von ARKITEK bietet kommerziellen Betreibern und Gro\u00dfunternehmen die M\u00f6glichkeit, ihren IPv4-Adressraum bis zur Migration zu IPv6 oder w\u00e4hrend der Migration auf die einfachste und effizienteste Weise zu erhalten und effizient zu nutzen.<\/p>\n\n<p class=\"more-link\"><a href=\"https:\/\/arkitek.net\/de\/losungen\/telecommunikation\/carrier-grade-nat\/\" data-type=\"page\" data-id=\"68\">Erfahren Sie mehr&#8230;<\/a><\/p>\n","protected":false},"excerpt":{"rendered":"<p>Die Telekommunikationsl\u00f6sungen von ARKITEK bieten IP-Infrastrukturl\u00f6sungen f\u00fcr das gesamte Betreiber- oder Unternehmensnetzwerk \u2013 in jeder Gr\u00f6\u00dfe, f\u00fcr jeden Dienst \u2013 Full Stack. Alle Telekommunikationsl\u00f6sungen werden entworfen, getestet, verifiziert und optimiert und zeichnen sich durch h\u00f6chste Leistung, Zuverl\u00e4ssigkeit, Skalierbarkeit, Weiterentwicklung und optimierte Kosten aus. Vom Endbenutzer-Terminal bis zum Internet \u2013 und f\u00fcr alles, was dazwischen liegt, &hellip; <\/p>\n<p class=\"link-more\"><a href=\"https:\/\/arkitek.net\/de\/losungen\/telecommunikation\/\" class=\"more-link\"><span class=\"screen-reader-text\">\u201eTelekommunikation\u201c <\/span>weiterlesen<\/a><\/p>\n","protected":false},"author":1,"featured_media":1115,"parent":394,"menu_order":1,"comment_status":"closed","ping_status":"closed","template":"","meta":{"inline_featured_image":false,"footnotes":""},"class_list":["post-410","page","type-page","status-publish","has-post-thumbnail","hentry"],"_links":{"self":[{"href":"https:\/\/arkitek.net\/de\/wp-json\/wp\/v2\/pages\/410","targetHints":{"allow":["GET"]}}],"collection":[{"href":"https:\/\/arkitek.net\/de\/wp-json\/wp\/v2\/pages"}],"about":[{"href":"https:\/\/arkitek.net\/de\/wp-json\/wp\/v2\/types\/page"}],"author":[{"embeddable":true,"href":"https:\/\/arkitek.net\/de\/wp-json\/wp\/v2\/users\/1"}],"replies":[{"embeddable":true,"href":"https:\/\/arkitek.net\/de\/wp-json\/wp\/v2\/comments?post=410"}],"version-history":[{"count":0,"href":"https:\/\/arkitek.net\/de\/wp-json\/wp\/v2\/pages\/410\/revisions"}],"up":[{"embeddable":true,"href":"https:\/\/arkitek.net\/de\/wp-json\/wp\/v2\/pages\/394"}],"wp:featuredmedia":[{"embeddable":true,"href":"https:\/\/arkitek.net\/de\/wp-json\/wp\/v2\/media\/1115"}],"wp:attachment":[{"href":"https:\/\/arkitek.net\/de\/wp-json\/wp\/v2\/media?parent=410"}],"curies":[{"name":"wp","href":"https:\/\/api.w.org\/{rel}","templated":true}]}}