
{"id":394,"date":"2024-07-01T18:12:06","date_gmt":"2024-07-01T15:12:06","guid":{"rendered":"https:\/\/new.arkitek.net\/loesungen\/"},"modified":"2024-07-10T21:53:31","modified_gmt":"2024-07-10T18:53:31","slug":"losungen","status":"publish","type":"page","link":"https:\/\/arkitek.net\/de\/losungen\/","title":{"rendered":"L\u00f6sungen"},"content":{"rendered":"\n<p>Mit mehr als 20 Jahren praktischer Erfahrung in der Planung, Konzeption und Implementierung von IT- und Telekommunikationsl\u00f6sungen in Telco-Qualit\u00e4t f\u00fcr kommerzielle Betreiber, Gro\u00dfunternehmen und Beh\u00f6rden auf der ganzen Welt sind wir stolz darauf, unser L\u00f6sungsportfolio jedem Kunden in jeder Gr\u00f6\u00dfenordnung anbieten zu k\u00f6nnen &#8211; und das weltweit. <\/p>\n\n<p>Unsere L\u00f6sungen sind speziell auf die L\u00f6sung spezifischer Probleme und\/oder die Erf\u00fcllung bestimmter Anforderungen zugeschnitten \u2013 und bieten daher einen Mehrwert in Form von h\u00f6herer Zuverl\u00e4ssigkeit, geringerem Risiko, niedrigeren Kosten und schnellster Markteinf\u00fchrung.<\/p>\n\n<h2 class=\"wp-block-heading\"><a href=\"https:\/\/arkitek.net\/de\/losungen\/software\/\" data-type=\"page\" data-id=\"70\">Anwendungsl\u00f6sungen<\/a><\/h2>\n\n<p>Die Anwendungsl\u00f6sungen von ARKITEK basieren auf einem intern entwickelten, flexiblen und Cloud-nativen Framework und seinen Clients, die perfekt harmonieren und eine zuverl\u00e4ssige Umgebung f\u00fcr die effiziente Umsetzung von Kundenanforderungen, Workflows und Benutzeroberfl\u00e4chen bieten.<\/p>\n\n<p>Das modulare System erm\u00f6glicht es Ihnen, Funktionen und Funktionalit\u00e4ten hinzuzuf\u00fcgen, wenn sich Ihre Anforderungen \u00e4ndern. Wir sorgen daf\u00fcr, dass der Rahmen und die Kernkomponenten im Rahmen unseres Lebenszyklusmanagements immer in bestem Zustand bleiben und im Rahmen unserer L\u00f6sungs-\/Produkt-Roadmaps stets auf dem neuesten Stand der Technik und der bew\u00e4hrten Verfahren sind.<\/p>\n\n<p class=\"more-link\"><a href=\"https:\/\/arkitek.net\/de\/losungen\/software\/\" data-type=\"page\" data-id=\"70\">Erfahren Sie mehr<\/a>&#8230;<\/p>\n\n<h2 class=\"wp-block-heading\"><a href=\"https:\/\/arkitek.net\/de\/losungen\/telecommunikation\/\" data-type=\"page\" data-id=\"58\">Telekommunikation<\/a><\/h2>\n\n<p>Die Telekommunikationsl\u00f6sungen von ARKITEK bieten IP-Infrastrukturl\u00f6sungen f\u00fcr das gesamte Betreiber- oder Unternehmensnetzwerk \u2013 in jeder Gr\u00f6\u00dfe, f\u00fcr jeden Dienst \u2013 Full Stack. Alle Telekommunikationsl\u00f6sungen werden entworfen, getestet, verifiziert und optimiert und zeichnen sich durch h\u00f6chste Leistung, Zuverl\u00e4ssigkeit, Skalierbarkeit, Weiterentwicklung und optimierte Kosten aus. <\/p>\n\n<p class=\"more-link\"><a href=\"https:\/\/arkitek.net\/de\/losungen\/telecommunikation\/\" data-type=\"page\" data-id=\"58\">Erfahren Sie mehr<\/a>&#8230;<\/p>\n\n<h2 class=\"wp-block-heading\">Cloud Computing, Netzwerke und Datenspeicher<\/h2>\n\n<p>Cloud Computing wird immer beliebter und bietet Unternehmen jeder Gr\u00f6\u00dfe technische, betriebliche und kommerzielle Vorteile. ARKITEK freut sich, seine L\u00f6sungen auf die Cloud auszuweiten, um mit Ihnen zusammenzuarbeiten.<\/p>\n","protected":false},"excerpt":{"rendered":"<p>Mit mehr als 20 Jahren praktischer Erfahrung in der Planung, Konzeption und Implementierung von IT- und Telekommunikationsl\u00f6sungen in Telco-Qualit\u00e4t f\u00fcr kommerzielle Betreiber, Gro\u00dfunternehmen und Beh\u00f6rden auf der ganzen Welt sind wir stolz darauf, unser L\u00f6sungsportfolio jedem Kunden in jeder Gr\u00f6\u00dfenordnung anbieten zu k\u00f6nnen &#8211; und das weltweit. Unsere L\u00f6sungen sind speziell auf die L\u00f6sung spezifischer &hellip; <\/p>\n<p class=\"link-more\"><a href=\"https:\/\/arkitek.net\/de\/losungen\/\" class=\"more-link\"><span class=\"screen-reader-text\">\u201eL\u00f6sungen\u201c <\/span>weiterlesen<\/a><\/p>\n","protected":false},"author":1,"featured_media":1125,"parent":0,"menu_order":0,"comment_status":"closed","ping_status":"closed","template":"","meta":{"inline_featured_image":false,"footnotes":""},"class_list":["post-394","page","type-page","status-publish","has-post-thumbnail","hentry"],"_links":{"self":[{"href":"https:\/\/arkitek.net\/de\/wp-json\/wp\/v2\/pages\/394","targetHints":{"allow":["GET"]}}],"collection":[{"href":"https:\/\/arkitek.net\/de\/wp-json\/wp\/v2\/pages"}],"about":[{"href":"https:\/\/arkitek.net\/de\/wp-json\/wp\/v2\/types\/page"}],"author":[{"embeddable":true,"href":"https:\/\/arkitek.net\/de\/wp-json\/wp\/v2\/users\/1"}],"replies":[{"embeddable":true,"href":"https:\/\/arkitek.net\/de\/wp-json\/wp\/v2\/comments?post=394"}],"version-history":[{"count":0,"href":"https:\/\/arkitek.net\/de\/wp-json\/wp\/v2\/pages\/394\/revisions"}],"wp:featuredmedia":[{"embeddable":true,"href":"https:\/\/arkitek.net\/de\/wp-json\/wp\/v2\/media\/1125"}],"wp:attachment":[{"href":"https:\/\/arkitek.net\/de\/wp-json\/wp\/v2\/media?parent=394"}],"curies":[{"name":"wp","href":"https:\/\/api.w.org\/{rel}","templated":true}]}}