
{"id":367,"date":"2024-07-01T18:27:04","date_gmt":"2024-07-01T15:27:04","guid":{"rendered":"https:\/\/new.arkitek.net\/software\/"},"modified":"2024-07-10T21:57:28","modified_gmt":"2024-07-10T18:57:28","slug":"software","status":"publish","type":"page","link":"https:\/\/arkitek.net\/de\/losungen\/software\/","title":{"rendered":"Software"},"content":{"rendered":"\n<p>Die Anwendungsl\u00f6sungen von ARKITEK basieren auf einem intern entwickelten, flexiblen und Cloud-nativen Framework und seinen Kunden, die perfekt harmonieren und eine zuverl\u00e4ssige Umgebung f\u00fcr die effiziente Umsetzung von Kundenanforderungen, Workflows und Benutzeroberfl\u00e4chen bieten. Dies erm\u00f6glicht jede gesch\u00e4ftskritische Funktionalit\u00e4t f\u00fcr jedes Projekt in jeder Gr\u00f6\u00dfe. <\/p>\n\n<p>Das modulare System erm\u00f6glicht es Ihnen, Funktionen und Funktionalit\u00e4ten hinzuzuf\u00fcgen, wenn sich Ihre Anforderungen \u00e4ndern. Wir sorgen daf\u00fcr, dass der Rahmen und die Kernkomponenten im Rahmen unseres Lebenszyklusmanagements immer in bestem Zustand bleiben und im Rahmen unserer L\u00f6sungs-\/Produkt-Roadmaps stets auf dem neuesten Stand der Technik und der bew\u00e4hrten Verfahren sind.<\/p>\n\n<p>Alle L\u00f6sungen wurden entworfen, getestet, verifiziert und optimiert und zeichnen sich durch h\u00f6chste Leistung, Zuverl\u00e4ssigkeit, Skalierbarkeit und optimierte Kosten aus, um Ihre gesch\u00e4ftlichen, betrieblichen und budget\u00e4ren Anforderungen zu erf\u00fcllen.<\/p>\n\n<hr class=\"wp-block-separator has-css-opacity\"\/>\n\n<h2 class=\"wp-block-heading\">Webanwendungen<\/h2>\n\n<p>Das Cloud-native Inhouse-Framework von ARKITEK unterst\u00fctzt Unternehmens-, Gesch\u00e4fts-, E-Commerce- und Marketingportale. Es wird auf dem von Ihnen bevorzugten Cloud-Infrastrukturanbieter gehostet und kann an Ihre Anforderungen an den Datenverkehr angepasst werden. Wir optimieren Ihre Arbeitsweise und die Interaktion mit Ihrem Publikum im Internet. <\/p>\n\n<h2 class=\"wp-block-heading\">Mobile Anwendungen<\/h2>\n\n<p>Die von ARKITEK entwickelten und konzipierten mobilen Anwendungen bieten ein H\u00f6chstma\u00df an Funktionalit\u00e4t, Flexibilit\u00e4t und Benutzerfreundlichkeit und nutzen die Hardware-Ressourcen und Peripherieger\u00e4te der Endbenutzer-Terminals (Smartphones und Tablets) voll aus. Diese Anwendungen gehen \u00fcber die Grenzen von Internetbrowsern hinaus und bieten eine un\u00fcbertroffene Benutzererfahrung.  <\/p>\n\n<h2 class=\"wp-block-heading\">Netzwerk-Anwendungen<\/h2>\n\n<p>Dank der umfassenden Erfahrung von ARKITEK im Bereich Telekommunikations- und Softwarel\u00f6sungen k\u00f6nnen unsere hochverf\u00fcgbaren und skalierbaren Netzwerkanwendungen selbst die strengsten Anforderungen anspruchsvoller Telekommunikationsnetzbetreiber erf\u00fcllen und \u00fcbertreffen, wobei die Signalisierung und der Datenverkehr auf Benutzerebene, die Automatisierung und die \u00dcberwachung vollst\u00e4ndig kontrolliert werden.<\/p>\n","protected":false},"excerpt":{"rendered":"<p>Die Anwendungsl\u00f6sungen von ARKITEK basieren auf einem intern entwickelten, flexiblen und Cloud-nativen Framework und seinen Kunden, die perfekt harmonieren und eine zuverl\u00e4ssige Umgebung f\u00fcr die effiziente Umsetzung von Kundenanforderungen, Workflows und Benutzeroberfl\u00e4chen bieten. Dies erm\u00f6glicht jede gesch\u00e4ftskritische Funktionalit\u00e4t f\u00fcr jedes Projekt in jeder Gr\u00f6\u00dfe. Das modulare System erm\u00f6glicht es Ihnen, Funktionen und Funktionalit\u00e4ten hinzuzuf\u00fcgen, wenn &hellip; <\/p>\n<p class=\"link-more\"><a href=\"https:\/\/arkitek.net\/de\/losungen\/software\/\" class=\"more-link\"><span class=\"screen-reader-text\">\u201eSoftware\u201c <\/span>weiterlesen<\/a><\/p>\n","protected":false},"author":1,"featured_media":1125,"parent":394,"menu_order":2,"comment_status":"closed","ping_status":"closed","template":"","meta":{"inline_featured_image":false,"footnotes":""},"class_list":["post-367","page","type-page","status-publish","has-post-thumbnail","hentry"],"_links":{"self":[{"href":"https:\/\/arkitek.net\/de\/wp-json\/wp\/v2\/pages\/367","targetHints":{"allow":["GET"]}}],"collection":[{"href":"https:\/\/arkitek.net\/de\/wp-json\/wp\/v2\/pages"}],"about":[{"href":"https:\/\/arkitek.net\/de\/wp-json\/wp\/v2\/types\/page"}],"author":[{"embeddable":true,"href":"https:\/\/arkitek.net\/de\/wp-json\/wp\/v2\/users\/1"}],"replies":[{"embeddable":true,"href":"https:\/\/arkitek.net\/de\/wp-json\/wp\/v2\/comments?post=367"}],"version-history":[{"count":0,"href":"https:\/\/arkitek.net\/de\/wp-json\/wp\/v2\/pages\/367\/revisions"}],"up":[{"embeddable":true,"href":"https:\/\/arkitek.net\/de\/wp-json\/wp\/v2\/pages\/394"}],"wp:featuredmedia":[{"embeddable":true,"href":"https:\/\/arkitek.net\/de\/wp-json\/wp\/v2\/media\/1125"}],"wp:attachment":[{"href":"https:\/\/arkitek.net\/de\/wp-json\/wp\/v2\/media?parent=367"}],"curies":[{"name":"wp","href":"https:\/\/api.w.org\/{rel}","templated":true}]}}