
{"id":354,"date":"2024-07-01T18:30:57","date_gmt":"2024-07-01T15:30:57","guid":{"rendered":"https:\/\/new.arkitek.net\/professionelle-dienstleistungen\/"},"modified":"2024-07-08T21:15:59","modified_gmt":"2024-07-08T18:15:59","slug":"dienstleistungen","status":"publish","type":"page","link":"https:\/\/arkitek.net\/de\/dienstleistungen\/","title":{"rendered":"Professionelle Dienstleistungen"},"content":{"rendered":"\n<p>Mit \u00fcber 20 Jahren praktischer Erfahrung in der Planung, Entwicklung und Umsetzung von IT- und Telekommunikationsl\u00f6sungen f\u00fcr kommerzielle Betreiber, Gro\u00dfunternehmen und Regierungsbeh\u00f6rden auf der ganzen Welt sind wir stolz darauf, unser Dienstleistungsportfolio jedem Kunden in jeder Gr\u00f6\u00dfenordnung weltweit anbieten zu k\u00f6nnen. Ob es sich um eine Beratung vor dem Verkauf oder um professionelle Dienstleistungen f\u00fcr ein Liefer-\/Integrationsprojekt handelt, wir gehen mit Ihnen den extra Schritt. <\/p>\n\n<p>Die Dienstleistungen von ARKITEK sind in f\u00fcnf Kategorien unterteilt: \u201e<a href=\"#Consultancy\">Beratung<\/a>\u201d, \u201e<a href=\"#Systems-Integration\">Systemintegration<\/a>\u201d, \u201e<a href=\"#Custom-Development\">Individuelle Entwicklung<\/a>\u201d, \u201e<a href=\"#Application-and-Software-Testing\">Anwendungs- und Softwaretests<\/a>\u201d und \u201e<a href=\"#Engineering-Services\">Ingenieurdienstleistungen<\/a>\u201d. Diese bieten Fachwissen und Sicherheit f\u00fcr die gesamte Lebensdauer der Anwendung und der Netzwerkanforderungen, von der Pr\u00fcfung und dem Vorschlag \u00fcber die Implementierung und den Support auf L\u00f6sungsebene bis hin zum Management von Wachstum und Migration. ARKITEK verf\u00fcgt \u00fcber umfangreiche Erfahrung in der Bereitstellung dieser Dienstleistungen, und die Kunden sind auf der ganzen Welt verteilt und umfassen viele der weltweit f\u00fchrenden Unternehmen. <\/p>\n\n<h2 class=\"wp-block-heading\" id=\"Consultancy\">Beratung<\/h2>\n\n<p>Wir verf\u00fcgen \u00fcber herstellerunabh\u00e4ngiges technisches Wissen, bew\u00e4hrte Methoden, Erfahrung und Disziplin und arbeiten mit Ihnen zusammen, um Strategien zu entwickeln und umzusetzen, Ziele zu erreichen, Fristen einzuhalten, Risiken zu mindern und zu \u00fcbertragen \u2013 alles unbestreitbare Aspekte jedes Unternehmens in unserer Branche \u2013 und alles entscheidend f\u00fcr Ihre Rentabilit\u00e4t.<\/p>\n\n<p class=\"more-link\"><a href=\"https:\/\/arkitek.net\/de\/kontakt\/\">Kontaktieren Sie uns<\/a> &#8230;<\/p>\n\n<h2 class=\"wp-block-heading\" id=\"Systems-Integration\">Systemintegration<\/h2>\n\n<p>Jedes Netzwerk- oder Systemintegrationsprojekt hat seine eigenen Herausforderungen, und die Umsetzung hat einen gro\u00dfen Einfluss auf die Projektzeitpl\u00e4ne und den Erfolg. Wir k\u00f6nnen die richtigen Kompetenzen einbringen, um Ihren Erfolg und die Zufriedenheit Ihrer Kunden zu gew\u00e4hrleisten. <\/p>\n\n<p class=\"more-link\"><a href=\"https:\/\/arkitek.net\/de\/kontakt\/\">Kontaktieren Sie uns<\/a> &#8230;<\/p>\n\n<h2 class=\"wp-block-heading\" id=\"Custom-Development\">Individuelle Entwicklung<\/h2>\n\n<p>Wenn Ihr Unternehmen oder Ihr Start-up eine ma\u00dfgeschneiderte L\u00f6sung ben\u00f6tigt, kann unser Expertenteam die L\u00f6sung, mit der Sie wachsen werden, zu wettbewerbsf\u00e4higen Kosten, Terminen und in hoher Qualit\u00e4t entwerfen und implementieren.<\/p>\n\n<p class=\"more-link\"><a href=\"https:\/\/new.arkitek.net\/de\/kontakt\/\">Kontaktieren Sie uns<\/a> &#8230;<\/p>\n\n<h2 class=\"wp-block-heading\" id=\"Application-and-Software-Testing\">Anwendungs- und Softwaretest-Services<\/h2>\n\n<p>Anwendungen \u2013 das Herzst\u00fcck Ihrer Gesch\u00e4ftst\u00e4tigkeit und die Schnittstelle zu Ihren Kunden \u2013 sind f\u00fcr die Kontinuit\u00e4t Ihres Unternehmens und Ihren wachsenden Erfolg von entscheidender Bedeutung. Das ARK\u0130TEK Test Center ist mit branchenerprobten und verifizierten Tools und Methoden ausgestattet und bereit, t\u00e4gliche Plausibilit\u00e4ts- und Funktionstests f\u00fcr aktuelle und zuk\u00fcnftige Versionen Ihrer Anwendungen in jeder Hardware-\/Softwarekombination sowohl auf Server-, Desktop- als auch auf Mobilplattformen durchzuf\u00fchren. <\/p>\n\n<p class=\"more-link\">Erfahren Sie mehr&#8230;<\/p>\n\n<h2 class=\"wp-block-heading\" id=\"Engineering-Services\">Ingenieurdienstleistungen<\/h2>\n\n<p>Professionelle Experten f\u00fcr IT und Telekommunikation stehen Ihnen f\u00fcr Ihre Projekte zur Verf\u00fcgung, um Kosten und Risiken zu senken und die Lieferung zu beschleunigen, w\u00e4hrend Sie sich auf Ihr Kerngesch\u00e4ft konzentrieren.<\/p>\n\n<p class=\"more-link\">Erfahren Sie mehr&#8230;<\/p>\n","protected":false},"excerpt":{"rendered":"<p>Mit \u00fcber 20 Jahren praktischer Erfahrung in der Planung, Entwicklung und Umsetzung von IT- und Telekommunikationsl\u00f6sungen f\u00fcr kommerzielle Betreiber, Gro\u00dfunternehmen und Regierungsbeh\u00f6rden auf der ganzen Welt sind wir stolz darauf, unser Dienstleistungsportfolio jedem Kunden in jeder Gr\u00f6\u00dfenordnung weltweit anbieten zu k\u00f6nnen. Ob es sich um eine Beratung vor dem Verkauf oder um professionelle Dienstleistungen f\u00fcr &hellip; <\/p>\n<p class=\"link-more\"><a href=\"https:\/\/arkitek.net\/de\/dienstleistungen\/\" class=\"more-link\"><span class=\"screen-reader-text\">\u201eProfessionelle Dienstleistungen\u201c <\/span>weiterlesen<\/a><\/p>\n","protected":false},"author":1,"featured_media":0,"parent":0,"menu_order":0,"comment_status":"closed","ping_status":"closed","template":"","meta":{"inline_featured_image":false,"footnotes":""},"class_list":["post-354","page","type-page","status-publish","hentry"],"_links":{"self":[{"href":"https:\/\/arkitek.net\/de\/wp-json\/wp\/v2\/pages\/354","targetHints":{"allow":["GET"]}}],"collection":[{"href":"https:\/\/arkitek.net\/de\/wp-json\/wp\/v2\/pages"}],"about":[{"href":"https:\/\/arkitek.net\/de\/wp-json\/wp\/v2\/types\/page"}],"author":[{"embeddable":true,"href":"https:\/\/arkitek.net\/de\/wp-json\/wp\/v2\/users\/1"}],"replies":[{"embeddable":true,"href":"https:\/\/arkitek.net\/de\/wp-json\/wp\/v2\/comments?post=354"}],"version-history":[{"count":0,"href":"https:\/\/arkitek.net\/de\/wp-json\/wp\/v2\/pages\/354\/revisions"}],"wp:attachment":[{"href":"https:\/\/arkitek.net\/de\/wp-json\/wp\/v2\/media?parent=354"}],"curies":[{"name":"wp","href":"https:\/\/api.w.org\/{rel}","templated":true}]}}