
{"id":319,"date":"2024-07-01T17:55:25","date_gmt":"2024-07-01T14:55:25","guid":{"rendered":"https:\/\/new.arkitek.net\/startseite\/professionelle-dienstleistungen\/"},"modified":"2024-07-10T13:51:58","modified_gmt":"2024-07-10T10:51:58","slug":"homepage-section-professional-services-de","status":"publish","type":"page","link":"https:\/\/arkitek.net\/de\/startseite\/homepage-section-professional-services-de\/","title":{"rendered":"Professionelle Dienstleistungen"},"content":{"rendered":"\n<p>Das <a href=\"https:\/\/arkitek.net\/de\/dienstleistungen\/\" data-type=\"page\" data-id=\"74\">Dienstleistungsportfolio<\/a> von ARKITEK ist grenzenlos. Wir h\u00f6ren zu, um die Ziele und Herausforderungen des Projekts zu verstehen, wir bringen bew\u00e4hrte Methoden sowie herstellerunabh\u00e4ngiges technisches Wissen und globale Erfahrung ein, wir bewerten Optionen und wir beginnen mit der einfachsten L\u00f6sung, um Ihre Anforderungen zu erf\u00fcllen. Wir k\u00f6nnen die Implementierung von Anfang bis Ende vorantreiben, sie vollst\u00e4ndig \u00fcbernehmen, L\u00fccken schlie\u00dfen und sicherstellen, dass sie erfolgreich bereitgestellt, betrieben und gewartet wird. <\/p>\n\n<p><a href=\"https:\/\/arkitek.net\/de\/dienstleistungen\/\" data-type=\"page\" data-id=\"74\">Erfahren Sie mehr<\/a>&#8230;<\/p>\n","protected":false},"excerpt":{"rendered":"<p>Das Dienstleistungsportfolio von ARKITEK ist grenzenlos. Wir h\u00f6ren zu, um die Ziele und Herausforderungen des Projekts zu verstehen, wir bringen bew\u00e4hrte Methoden sowie herstellerunabh\u00e4ngiges technisches Wissen und globale Erfahrung ein, wir bewerten Optionen und wir beginnen mit der einfachsten L\u00f6sung, um Ihre Anforderungen zu erf\u00fcllen. Wir k\u00f6nnen die Implementierung von Anfang bis Ende vorantreiben, sie &hellip; <\/p>\n<p class=\"link-more\"><a href=\"https:\/\/arkitek.net\/de\/startseite\/homepage-section-professional-services-de\/\" class=\"more-link\"><span class=\"screen-reader-text\">\u201eProfessionelle Dienstleistungen\u201c <\/span>weiterlesen<\/a><\/p>\n","protected":false},"author":1,"featured_media":217,"parent":286,"menu_order":2,"comment_status":"closed","ping_status":"closed","template":"","meta":{"inline_featured_image":false,"footnotes":""},"class_list":["post-319","page","type-page","status-publish","has-post-thumbnail","hentry"],"_links":{"self":[{"href":"https:\/\/arkitek.net\/de\/wp-json\/wp\/v2\/pages\/319","targetHints":{"allow":["GET"]}}],"collection":[{"href":"https:\/\/arkitek.net\/de\/wp-json\/wp\/v2\/pages"}],"about":[{"href":"https:\/\/arkitek.net\/de\/wp-json\/wp\/v2\/types\/page"}],"author":[{"embeddable":true,"href":"https:\/\/arkitek.net\/de\/wp-json\/wp\/v2\/users\/1"}],"replies":[{"embeddable":true,"href":"https:\/\/arkitek.net\/de\/wp-json\/wp\/v2\/comments?post=319"}],"version-history":[{"count":0,"href":"https:\/\/arkitek.net\/de\/wp-json\/wp\/v2\/pages\/319\/revisions"}],"up":[{"embeddable":true,"href":"https:\/\/arkitek.net\/de\/wp-json\/wp\/v2\/pages\/286"}],"wp:featuredmedia":[{"embeddable":true,"href":"https:\/\/arkitek.net\/de\/wp-json\/wp\/v2\/media\/217"}],"wp:attachment":[{"href":"https:\/\/arkitek.net\/de\/wp-json\/wp\/v2\/media?parent=319"}],"curies":[{"name":"wp","href":"https:\/\/api.w.org\/{rel}","templated":true}]}}