
{"id":301,"date":"2024-07-01T13:07:53","date_gmt":"2024-07-01T10:07:53","guid":{"rendered":"https:\/\/new.arkitek.net\/startseite\/loesungen\/"},"modified":"2024-07-10T13:47:52","modified_gmt":"2024-07-10T10:47:52","slug":"homepage-section-solutions-de","status":"publish","type":"page","link":"https:\/\/arkitek.net\/de\/startseite\/homepage-section-solutions-de\/","title":{"rendered":"L\u00f6sungen"},"content":{"rendered":"\n<p>Mit mehr als 20 Jahren praktischer Erfahrung in der Planung, Konzeption und Implementierung von IT- und Telekommunikationsl\u00f6sungen in Telco-Qualit\u00e4t f\u00fcr kommerzielle Betreiber, Gro\u00dfunternehmen und Beh\u00f6rden auf der ganzen Welt sind wir stolz darauf, unser L\u00f6sungsportfolio jedem Kunden in jeder Gr\u00f6\u00dfenordnung anbieten zu k\u00f6nnen &#8211; und das weltweit.<\/p>\n\n<p><a href=\"https:\/\/arkitek.net\/de\/losungen\/\" data-type=\"page\" data-id=\"56\">Unsere L\u00f6sungen<\/a> sind speziell darauf zugeschnitten, bestimmte Probleme zu l\u00f6sen und\/oder Anforderungen zu erf\u00fcllen &#8211; und bieten so einen Mehrwert in Form von h\u00f6herer Zuverl\u00e4ssigkeit, geringerem Risiko, niedrigeren Kosten und schnellerer Markteinf\u00fchrung.<\/p>\n\n<p><a href=\"https:\/\/arkitek.net\/de\/losungen\/\" data-type=\"page\" data-id=\"56\">Erfahren Sie mehr<\/a>&#8230;<\/p>\n","protected":false},"excerpt":{"rendered":"<p>Mit mehr als 20 Jahren praktischer Erfahrung in der Planung, Konzeption und Implementierung von IT- und Telekommunikationsl\u00f6sungen in Telco-Qualit\u00e4t f\u00fcr kommerzielle Betreiber, Gro\u00dfunternehmen und Beh\u00f6rden auf der ganzen Welt sind wir stolz darauf, unser L\u00f6sungsportfolio jedem Kunden in jeder Gr\u00f6\u00dfenordnung anbieten zu k\u00f6nnen &#8211; und das weltweit. Unsere L\u00f6sungen sind speziell darauf zugeschnitten, bestimmte Probleme &hellip; <\/p>\n<p class=\"link-more\"><a href=\"https:\/\/arkitek.net\/de\/startseite\/homepage-section-solutions-de\/\" class=\"more-link\"><span class=\"screen-reader-text\">\u201eL\u00f6sungen\u201c <\/span>weiterlesen<\/a><\/p>\n","protected":false},"author":1,"featured_media":0,"parent":286,"menu_order":1,"comment_status":"closed","ping_status":"closed","template":"","meta":{"inline_featured_image":false,"footnotes":""},"class_list":["post-301","page","type-page","status-publish","hentry"],"_links":{"self":[{"href":"https:\/\/arkitek.net\/de\/wp-json\/wp\/v2\/pages\/301","targetHints":{"allow":["GET"]}}],"collection":[{"href":"https:\/\/arkitek.net\/de\/wp-json\/wp\/v2\/pages"}],"about":[{"href":"https:\/\/arkitek.net\/de\/wp-json\/wp\/v2\/types\/page"}],"author":[{"embeddable":true,"href":"https:\/\/arkitek.net\/de\/wp-json\/wp\/v2\/users\/1"}],"replies":[{"embeddable":true,"href":"https:\/\/arkitek.net\/de\/wp-json\/wp\/v2\/comments?post=301"}],"version-history":[{"count":0,"href":"https:\/\/arkitek.net\/de\/wp-json\/wp\/v2\/pages\/301\/revisions"}],"up":[{"embeddable":true,"href":"https:\/\/arkitek.net\/de\/wp-json\/wp\/v2\/pages\/286"}],"wp:attachment":[{"href":"https:\/\/arkitek.net\/de\/wp-json\/wp\/v2\/media?parent=301"}],"curies":[{"name":"wp","href":"https:\/\/api.w.org\/{rel}","templated":true}]}}