
{"id":286,"date":"2024-07-01T12:54:31","date_gmt":"2024-07-01T09:54:31","guid":{"rendered":"https:\/\/new.arkitek.net\/startseite\/"},"modified":"2024-07-10T13:55:58","modified_gmt":"2024-07-10T10:55:58","slug":"startseite","status":"publish","type":"page","link":"https:\/\/arkitek.net\/de\/","title":{"rendered":"Startseite"},"content":{"rendered":"\n<p>Wir haben unseren Hauptsitz in Istanbul und entwerfen, entwickeln und implementieren IT- und Telekommunikationsl\u00f6sungen f\u00fcr kommerzielle Betreiber, Unternehmen, Betriebe und Regierungen. Wir sind stolz darauf, dass wir unser Wissen und unsere Erfahrung in jedes einzelne Projekt einbringen k\u00f6nnen, um Ihren Erfolg in jeder gesch\u00e4ftlichen und technischen Dimension zu sichern, und zwar in vollem Umfang und p\u00fcnktlich. <\/p>\n\n<p><a href=\"https:\/\/arkitek.net\/de\/uber-uns\/\" data-type=\"page\" data-id=\"12\">Treffen wir uns<\/a>&#8230;<\/p>\n","protected":false},"excerpt":{"rendered":"<p>Wir haben unseren Hauptsitz in Istanbul und entwerfen, entwickeln und implementieren IT- und Telekommunikationsl\u00f6sungen f\u00fcr kommerzielle Betreiber, Unternehmen, Betriebe und Regierungen. Wir sind stolz darauf, dass wir unser Wissen und unsere Erfahrung in jedes einzelne Projekt einbringen k\u00f6nnen, um Ihren Erfolg in jeder gesch\u00e4ftlichen und technischen Dimension zu sichern, und zwar in vollem Umfang und &hellip; <\/p>\n<p class=\"link-more\"><a href=\"https:\/\/arkitek.net\/de\/\" class=\"more-link\"><span class=\"screen-reader-text\">\u201eStartseite\u201c <\/span>weiterlesen<\/a><\/p>\n","protected":false},"author":1,"featured_media":0,"parent":0,"menu_order":0,"comment_status":"closed","ping_status":"closed","template":"","meta":{"inline_featured_image":false,"footnotes":""},"class_list":["post-286","page","type-page","status-publish","hentry"],"_links":{"self":[{"href":"https:\/\/arkitek.net\/de\/wp-json\/wp\/v2\/pages\/286","targetHints":{"allow":["GET"]}}],"collection":[{"href":"https:\/\/arkitek.net\/de\/wp-json\/wp\/v2\/pages"}],"about":[{"href":"https:\/\/arkitek.net\/de\/wp-json\/wp\/v2\/types\/page"}],"author":[{"embeddable":true,"href":"https:\/\/arkitek.net\/de\/wp-json\/wp\/v2\/users\/1"}],"replies":[{"embeddable":true,"href":"https:\/\/arkitek.net\/de\/wp-json\/wp\/v2\/comments?post=286"}],"version-history":[{"count":0,"href":"https:\/\/arkitek.net\/de\/wp-json\/wp\/v2\/pages\/286\/revisions"}],"wp:attachment":[{"href":"https:\/\/arkitek.net\/de\/wp-json\/wp\/v2\/media?parent=286"}],"curies":[{"name":"wp","href":"https:\/\/api.w.org\/{rel}","templated":true}]}}