
{"id":255,"date":"2024-07-01T13:17:52","date_gmt":"2024-07-01T10:17:52","guid":{"rendered":"https:\/\/new.arkitek.net\/ueber-uns\/die-gruenderin\/"},"modified":"2024-07-27T11:49:07","modified_gmt":"2024-07-27T08:49:07","slug":"die-grunderin","status":"publish","type":"page","link":"https:\/\/arkitek.net\/de\/uber-uns\/die-grunderin\/","title":{"rendered":"Die Gr\u00fcnderin"},"content":{"rendered":"\n<p>Der 1976 geborene G\u00fcnal interessierte sich in seiner fr\u00fchen Kindheit mehr f\u00fcr elektromechanische Ger\u00e4te innerhalb und au\u00dferhalb des Hauses als f\u00fcr alles andere. Fast jedes elektrische Haushaltsger\u00e4t wurde einmal bis auf die Knochen zerlegt und wieder zusammengebaut und schlie\u00dflich in einem Gesch\u00e4ft repariert. <\/p>\n\n<p>Zusammen mit den \u201e<em>Whiz Kids<\/em>\u201d (US-amerikanische Fernsehserie, die 1984 ausgestrahlt wurde) wurde er von Computern angezogen. In dieser Fernsehserie lernte er etwas \u00fcber Modems und Telekommunikation. <\/p>\n\n<p>Seitdem studiert, praktiziert, ber\u00e4t, entwirft, verkauft und implementiert er kommerzielle Carrier-Grade-Software und Telekommunikationsl\u00f6sungen f\u00fcr Kunden mit h\u00f6chsten SLAs.<\/p>\n\n<h3 class=\"wp-block-heading\">Wichtige berufliche Meilensteine<\/h3>\n\n<figure class=\"wp-block-table\"><table><tbody><tr><td>1996<\/td><td>Erstes &#8222;Hallo&#8220; \u00fcber das \u00f6ffentliche Internet<\/td><\/tr><tr><td>1997<\/td><td>Erste statische Website (Geocities)<\/td><\/tr><tr><td>1999<\/td><td>Erste Einrichtung des Routers<\/td><\/tr><tr><td>2000<\/td><td>Erste kommerzielle dynamische Webanwendung<\/td><\/tr><tr><td>2002<\/td><td>Erste kommerzielle .net\/sql-Webanwendung (CMS\/FE)<\/td><\/tr><tr><td>2002<\/td><td>Erstes kommerzielles Internet-TV in der T\u00fcrkei (Front\/Back-End-Entwicklung)<\/td><\/tr><tr><td>2003<\/td><td>Erste U.N.-Nothilfeaktion<\/td><\/tr><tr><td>2006<\/td><td>Erste Unterrichtsstunde<\/td><\/tr><tr><td>2008<\/td><td>Erster Besuch im Silicon Valley<\/td><\/tr><tr><td>2009<\/td><td>Erste BGP-Konfiguration auf einem mobilen Paket-Backbone<\/td><\/tr><tr><td>2010<\/td><td>Erstes landesweites End-to-End-Design der Telco-Infrastruktur (Full Stack)<\/td><\/tr><tr><td>2011 <\/td><td>Zweiter weltweit zertifizierter Senior Solution Architect f\u00fcr Netzwerkintegration (ERICSSON)<\/td><\/tr><tr><td>2013<\/td><td>Erste Markteinf\u00fchrung eines Produkts, das in der T\u00fcrkei zum Industriestandard wird<\/td><\/tr><tr><td>2015<\/td><td>Erstmals 10 Mio. US$ Umsatz mit L\u00f6sungen erreicht<\/td><\/tr><tr><td>2019<\/td><td>Gr\u00fcndung von ARKITEK<\/td><\/tr><tr><td>2023<\/td><td>Gr\u00fcndung von <a href=\"https:\/\/cuoresportivo.com\/de\/\" target=\"_blank\" rel=\"noreferrer noopener\">CUORESPORTIVO<\/a><\/td><\/tr><\/tbody><\/table><\/figure>\n","protected":false},"excerpt":{"rendered":"<p>Der 1976 geborene G\u00fcnal interessierte sich in seiner fr\u00fchen Kindheit mehr f\u00fcr elektromechanische Ger\u00e4te innerhalb und au\u00dferhalb des Hauses als f\u00fcr alles andere. Fast jedes elektrische Haushaltsger\u00e4t wurde einmal bis auf die Knochen zerlegt und wieder zusammengebaut und schlie\u00dflich in einem Gesch\u00e4ft repariert. Zusammen mit den \u201eWhiz Kids\u201d (US-amerikanische Fernsehserie, die 1984 ausgestrahlt wurde) wurde &hellip; <\/p>\n<p class=\"link-more\"><a href=\"https:\/\/arkitek.net\/de\/uber-uns\/die-grunderin\/\" class=\"more-link\"><span class=\"screen-reader-text\">\u201eDie Gr\u00fcnderin\u201c <\/span>weiterlesen<\/a><\/p>\n","protected":false},"author":1,"featured_media":1085,"parent":237,"menu_order":1,"comment_status":"closed","ping_status":"closed","template":"","meta":{"inline_featured_image":false,"footnotes":""},"class_list":["post-255","page","type-page","status-publish","has-post-thumbnail","hentry"],"_links":{"self":[{"href":"https:\/\/arkitek.net\/de\/wp-json\/wp\/v2\/pages\/255","targetHints":{"allow":["GET"]}}],"collection":[{"href":"https:\/\/arkitek.net\/de\/wp-json\/wp\/v2\/pages"}],"about":[{"href":"https:\/\/arkitek.net\/de\/wp-json\/wp\/v2\/types\/page"}],"author":[{"embeddable":true,"href":"https:\/\/arkitek.net\/de\/wp-json\/wp\/v2\/users\/1"}],"replies":[{"embeddable":true,"href":"https:\/\/arkitek.net\/de\/wp-json\/wp\/v2\/comments?post=255"}],"version-history":[{"count":0,"href":"https:\/\/arkitek.net\/de\/wp-json\/wp\/v2\/pages\/255\/revisions"}],"up":[{"embeddable":true,"href":"https:\/\/arkitek.net\/de\/wp-json\/wp\/v2\/pages\/237"}],"wp:featuredmedia":[{"embeddable":true,"href":"https:\/\/arkitek.net\/de\/wp-json\/wp\/v2\/media\/1085"}],"wp:attachment":[{"href":"https:\/\/arkitek.net\/de\/wp-json\/wp\/v2\/media?parent=255"}],"curies":[{"name":"wp","href":"https:\/\/api.w.org\/{rel}","templated":true}]}}