
{"id":237,"date":"2024-07-01T12:54:31","date_gmt":"2024-07-01T09:54:31","guid":{"rendered":"https:\/\/new.arkitek.net\/ueber-uns\/"},"modified":"2024-07-10T12:21:24","modified_gmt":"2024-07-10T09:21:24","slug":"uber-uns","status":"publish","type":"page","link":"https:\/\/arkitek.net\/de\/uber-uns\/","title":{"rendered":"\u00dcber Uns"},"content":{"rendered":"\n<p>ARKITEK wurde 2018 von Fachleuten aus der IT- und Telekommunikationsbranche gegr\u00fcndet, die mehr als 20 Jahre Erfahrung darin haben, globale Kunden bei ihren Bem\u00fchungen zu unterst\u00fctzen, Technologie so effizient und profitabel wie m\u00f6glich einzusetzen.<\/p>\n\n<p id=\"block-72df0035-acfd-4a69-90cf-55cd62d3c584\">Wir haben unseren Hauptsitz in Istanbul (an der Schnittstelle zwischen Europa und Asien) und sind weltweit t\u00e4tig. Wir sind stolz darauf, unser Wissen und unsere Erfahrung in jedes einzelne Projekt einflie\u00dfen zu lassen, um Ihren Erfolg in jeder technischen, betrieblichen und gesch\u00e4ftlichen Dimension zu sichern, und zwar in vollem Umfang und p\u00fcnktlich.<\/p>\n\n<p id=\"block-7d83b85e-4cc7-49f6-9954-f5d6580aa475\">Unser Ziel ist es, Menschen durch Technologien zu unterst\u00fctzen, die sich an den nat\u00fcrlichen Abl\u00e4ufen ihres Lebens orientieren &#8211; ohne Unterbrechungen und zus\u00e4tzliche Belastungen &#8211; und dabei stets respektvoll und f\u00fcrsorglich mit unserem Planeten umgehen.<\/p>\n\n<h2 class=\"wp-block-heading\" id=\"block-0f923acd-929d-408b-9ebc-ba020e566d16\">Die Gr\u00fcnderin<\/h2>\n\n<p id=\"block-62e41425-ba73-4707-9141-f9724ae81ac5\">ARKITEK wurde von G\u00fcnal \u00d6RSEL gegr\u00fcndet &#8211; einem Veteranen der IT- und Telekommunikationsbranche, der weltweit an den anspruchsvollsten Projekten in Bezug auf Umfang, Gr\u00f6\u00dfe und Zuverl\u00e4ssigkeit beteiligt war.<\/p>\n\n<p id=\"block-075fb6dc-7e75-497b-9256-08753c9e3420\"><a href=\"https:\/\/arkitek.net\/de\/uber-uns\/die-gruenderin\/\">Mehr \u00fcber G\u00fcnal \u00d6rsel<\/a>&#8230;<\/p>\n\n<h2 class=\"wp-block-heading\" id=\"block-e72aa4cf-d51b-4fb0-95cd-7381d9ee11ed\">Registrierung<\/h2>\n\n<p id=\"block-fcc52004-9292-4e41-8e2a-4d374d0f0edc\"><strong>ARKITEK Telekom\u00fcnikasyon A.\u015e.<\/strong> ist in Istanbul, T\u00dcRKEI mit registriert:<br\/>Registrierungs-ID: 186306-5 (Handelskammer Istanbul)<br\/>Registrierungs-ID: 0079065479500001 (MERSIS)<\/p>\n\n<p id=\"block-411ead30-4bae-4cea-b9c9-203ed848b904\"><strong>ARKITEK Ara\u015ft\u0131rma Geli\u015ftirme A.\u015e.<\/strong> ist registriert in Ankara, T\u00dcRKEI<br\/>Registrierungs-ID: 416461 (Handelskammer Ankara)<br\/>Registrierungs-ID: 0729082869300001 (MERSIS)<\/p>\n","protected":false},"excerpt":{"rendered":"<p>ARKITEK wurde 2018 von Fachleuten aus der IT- und Telekommunikationsbranche gegr\u00fcndet, die mehr als 20 Jahre Erfahrung darin haben, globale Kunden bei ihren Bem\u00fchungen zu unterst\u00fctzen, Technologie so effizient und profitabel wie m\u00f6glich einzusetzen. Wir haben unseren Hauptsitz in Istanbul (an der Schnittstelle zwischen Europa und Asien) und sind weltweit t\u00e4tig. Wir sind stolz darauf, &hellip; <\/p>\n<p class=\"link-more\"><a href=\"https:\/\/arkitek.net\/de\/uber-uns\/\" class=\"more-link\"><span class=\"screen-reader-text\">\u201e\u00dcber Uns\u201c <\/span>weiterlesen<\/a><\/p>\n","protected":false},"author":1,"featured_media":1105,"parent":0,"menu_order":0,"comment_status":"closed","ping_status":"closed","template":"","meta":{"inline_featured_image":false,"footnotes":""},"class_list":["post-237","page","type-page","status-publish","has-post-thumbnail","hentry"],"_links":{"self":[{"href":"https:\/\/arkitek.net\/de\/wp-json\/wp\/v2\/pages\/237","targetHints":{"allow":["GET"]}}],"collection":[{"href":"https:\/\/arkitek.net\/de\/wp-json\/wp\/v2\/pages"}],"about":[{"href":"https:\/\/arkitek.net\/de\/wp-json\/wp\/v2\/types\/page"}],"author":[{"embeddable":true,"href":"https:\/\/arkitek.net\/de\/wp-json\/wp\/v2\/users\/1"}],"replies":[{"embeddable":true,"href":"https:\/\/arkitek.net\/de\/wp-json\/wp\/v2\/comments?post=237"}],"version-history":[{"count":0,"href":"https:\/\/arkitek.net\/de\/wp-json\/wp\/v2\/pages\/237\/revisions"}],"wp:featuredmedia":[{"embeddable":true,"href":"https:\/\/arkitek.net\/de\/wp-json\/wp\/v2\/media\/1105"}],"wp:attachment":[{"href":"https:\/\/arkitek.net\/de\/wp-json\/wp\/v2\/media?parent=237"}],"curies":[{"name":"wp","href":"https:\/\/api.w.org\/{rel}","templated":true}]}}